{"id":95,"date":"2014-01-03T14:27:47","date_gmt":"2014-01-03T12:27:47","guid":{"rendered":"http:\/\/10006stud.outofscope-dev.com\/?page_id=95"},"modified":"2018-12-30T23:01:55","modified_gmt":"2018-12-30T22:01:55","slug":"unterstuetzen","status":"publish","type":"page","link":"https:\/\/old.studieren-ohne-grenzen.org\/ru\/unterstuetzen\/","title":{"rendered":"Unterst\u00fctzen"},"content":{"rendered":"<p><strong>Unterst\u00fctzen<\/strong><\/p>\n<p>Gef\u00e4llt dir Studieren Ohne Grenzen? Denkst du dar\u00fcber nach, uns zu unterst\u00fctzen? Um unsere Programme und Projekte durchzuf\u00fchren, brauchen wir engagierte Mitglieder und finanzielle Mittel. Wenn du aktiv bei uns mitarbeiten m\u00f6chtest, kannst du jederzeit Mitglied werden. Vielleicht gibt es in deiner Stadt schon eine Lokalgruppe. Wenn nicht, kannst du selbstverst\u00e4ndlich eine gr\u00fcnden oder dich in der bundesweiten Vereinsarbeit einbringen.<\/p>\n<p>Neben aktiven Mitgliedschaften sind auch F\u00f6rdermitgliedschaften m\u00f6glich. Spenden nehmen wir gerne entgegen und im Rahmen unserer Stipendienprogramme in Afghanistan und der DR Kongo vergeben wir Patenschaften. Um mehr \u00fcber die verschiedenen M\u00f6glichkeiten zu erfahren, wie du uns unterst\u00fctzen kannst, klick dich einfach durch das Men\u00fc links.<\/p>\n","protected":false},"excerpt":{"rendered":"<p>Unterst\u00fctzen Gef\u00e4llt dir Studieren Ohne Grenzen? Denkst du dar\u00fcber nach, uns zu unterst\u00fctzen? Um unsere Programme und Projekte durchzuf\u00fchren, brauchen wir engagierte Mitglieder und finanzielle Mittel. Wenn du aktiv bei uns mitarbeiten m\u00f6chtest, kannst du jederzeit Mitglied werden. Vielleicht gibt es in deiner Stadt schon eine Lokalgruppe. Wenn nicht, kannst du selbstverst\u00e4ndlich eine gr\u00fcnden oder dich in der bundesweiten Vereinsarbeit einbringen. Neben aktiven Mitgliedschaften sind auch F\u00f6rdermitgliedschaften m\u00f6glich. Spenden nehmen wir gerne entgegen und im Rahmen unserer Stipendienprogramme in Afghanistan und der DR Kongo vergeben wir Patenschaften. Um mehr \u00fcber die verschiedenen M\u00f6glichkeiten zu erfahren, wie du uns unterst\u00fctzen kannst, klick dich einfach durch das Men\u00fc links.<\/p>\n","protected":false},"author":1,"featured_media":0,"parent":0,"menu_order":4,"comment_status":"open","ping_status":"closed","template":"","meta":{"ngg_post_thumbnail":0},"_links":{"self":[{"href":"https:\/\/old.studieren-ohne-grenzen.org\/ru\/wp-json\/wp\/v2\/pages\/95"}],"collection":[{"href":"https:\/\/old.studieren-ohne-grenzen.org\/ru\/wp-json\/wp\/v2\/pages"}],"about":[{"href":"https:\/\/old.studieren-ohne-grenzen.org\/ru\/wp-json\/wp\/v2\/types\/page"}],"author":[{"embeddable":true,"href":"https:\/\/old.studieren-ohne-grenzen.org\/ru\/wp-json\/wp\/v2\/users\/1"}],"replies":[{"embeddable":true,"href":"https:\/\/old.studieren-ohne-grenzen.org\/ru\/wp-json\/wp\/v2\/comments?post=95"}],"version-history":[{"count":13,"href":"https:\/\/old.studieren-ohne-grenzen.org\/ru\/wp-json\/wp\/v2\/pages\/95\/revisions"}],"predecessor-version":[{"id":6734,"href":"https:\/\/old.studieren-ohne-grenzen.org\/ru\/wp-json\/wp\/v2\/pages\/95\/revisions\/6734"}],"wp:attachment":[{"href":"https:\/\/old.studieren-ohne-grenzen.org\/ru\/wp-json\/wp\/v2\/media?parent=95"}],"curies":[{"name":"wp","href":"https:\/\/api.w.org\/{rel}","templated":true}]}}