{"id":665,"date":"2014-03-29T12:25:31","date_gmt":"2014-03-29T11:25:31","guid":{"rendered":"http:\/\/studieren-ohne-grenzen.org\/wordpress\/?page_id=665"},"modified":"2021-12-09T12:45:57","modified_gmt":"2021-12-09T11:45:57","slug":"stipendienprogramm","status":"publish","type":"page","link":"https:\/\/old.studieren-ohne-grenzen.org\/ru\/projekte\/afghanistan\/stipendienprogramm\/","title":{"rendered":"Stipendienprogramm"},"content":{"rendered":"<p><\/p>\n<h3>Das Stipendienprogramm<\/h3>\n<p>Unser Ziel ist es, junge Afghanen und Afghaninnen w\u00e4hrend ihrer Ausbildung zu unterst\u00fctzen, damit sie ihr Land selbst wieder aufbauen k\u00f6nnen. Um dieses Ziel zu verwirklichen, erhalten die Stipendiaten und Stipendiatinnen zwei Formen der F\u00f6rderung. Die finanzielle F\u00f6rderung bel\u00e4uft sich auf monatlich ca. 5300 Afghani (75 Euro). Dieser Betrag erm\u00f6glicht es jungen Menschen, die ihr Studium nicht selbst finanzieren k\u00f6nnten, eine Universit\u00e4t zu besuchen. Dar\u00fcber hinaus gibt es eine ideelle F\u00f6rderung: \u00dcber die Mentoren, die wir unseren Stipendiaten zur Seite stellen, kommen unsere StipendiatInnen mit deutschen Studierenden in Kontakt, die ihnen dabei helfen, ihre Pl\u00e4ne und Ideen umzusetzen.<\/p>\n<ul class='gdl-toggle-box'>\n<li class=''>\n<h2 class='toggle-box-title'><span class='toggle-box-icon'><\/span>Mehr \u00fcber das Stipendienprogramm<\/h2>\n<div class='toggle-box-content'>\n<h4>Auswahlprozess<\/h4>\n<p>Unser Ziel ist es, junge Menschen zu unterst\u00fctzen, die ohne unser Stipendium nicht studieren k\u00f6nnten. Bei der Auswahl der Bewerbungen spielen neben der Bed\u00fcrftigkeit der Bewerber und Bewerberinnen vor allem ihre Motivation und ihre Ideen f\u00fcr ihr soziales Projekt eine wichtige Rolle. Wir wollen junge, motivierte Afghanen und Afghaninnen f\u00f6rdern, die Visionen f\u00fcr den Wiederaufbau ihres Landes und ihren Beitrag dazu haben.<\/p>\n<h4>Kontakt<\/h4>\n<p>F\u00fcr weitere Informationen rund um unser Afghanistan-Projekt stehen wir gerne zur Verf\u00fcgung: <a href=\"mailto:afghanistan@studieren-ohne-grenzen.org\">afghanistan@studieren-ohne-grenzen.org<\/a>\n<\/div>\n<\/li>\n<\/ul>\n<h3>Das Stipendienprogramm<\/h3>\n<p>Unser Ziel ist es, junge Afghanen und Afghaninnen w\u00e4hrend ihrer Ausbildung zu unterst\u00fctzen, damit sie ihr Land selbst wieder aufbauen k\u00f6nnen. Um dieses Ziel zu verwirklichen, erhalten die Stipendiaten und Stipendiatinnen zwei Formen der F\u00f6rderung. Die finanzielle F\u00f6rderung bel\u00e4uft sich auf monatlich ca. 5300 Afghani (75 Euro). Dieser Betrag erm\u00f6glicht es jungen Menschen, die ihr Studium nicht selbst finanzieren k\u00f6nnten, eine Universit\u00e4t zu besuchen. Dar\u00fcber hinaus gibt es eine ideelle F\u00f6rderung: \u00dcber die Mentoren, die wir unseren Stipendiaten zur Seite stellen, kommen unsere StipendiatInnen mit deutschen Studierenden in Kontakt, die ihnen dabei helfen, ihre Pl\u00e4ne und Ideen umzusetzen.<\/p>\n<ul class='gdl-toggle-box'>\n<li class=''>\n<h2 class='toggle-box-title'><span class='toggle-box-icon'><\/span>Mehr \u00fcber das Stipendienprogramm<\/h2>\n<div class='toggle-box-content'>\n<h4>Auswahlprozess<\/h4>\n<p>Unser Ziel ist es, junge Menschen zu unterst\u00fctzen, die ohne unser Stipendium nicht studieren k\u00f6nnten. Bei der Auswahl der Bewerbungen spielen neben der Bed\u00fcrftigkeit der Bewerber und Bewerberinnen vor allem ihre Motivation und ihre Ideen f\u00fcr ihr soziales Projekt eine wichtige Rolle. Wir wollen junge, motivierte Afghanen und Afghaninnen f\u00f6rdern, die Visionen f\u00fcr den Wiederaufbau ihres Landes und ihren Beitrag dazu haben.<\/p>\n<h4>Kontakt<\/h4>\n<p>F\u00fcr weitere Informationen rund um unser Afghanistan-Projekt stehen wir gerne zur Verf\u00fcgung: <a href=\"mailto:afghanistan@studieren-ohne-grenzen.org\">afghanistan@studieren-ohne-grenzen.org<\/a>\n<\/div>\n<\/li>\n<\/ul>\n<h3>Das Stipendienprogramm<\/h3>\n<p>Unser Ziel ist es, junge Afghanen und Afghaninnen w\u00e4hrend ihrer Ausbildung zu unterst\u00fctzen, damit sie ihr Land selbst wieder aufbauen k\u00f6nnen. Um dieses Ziel zu verwirklichen, erhalten die Stipendiaten und Stipendiatinnen zwei Formen der F\u00f6rderung. Die finanzielle F\u00f6rderung bel\u00e4uft sich auf monatlich ca. 5300 Afghani (75 Euro). Dieser Betrag erm\u00f6glicht es jungen Menschen, die ihr Studium nicht selbst finanzieren k\u00f6nnten, eine Universit\u00e4t zu besuchen. Dar\u00fcber hinaus gibt es eine ideelle F\u00f6rderung: \u00dcber die Mentoren, die wir unseren Stipendiaten zur Seite stellen, kommen unsere StipendiatInnen mit deutschen Studierenden in Kontakt, die ihnen dabei helfen, ihre Pl\u00e4ne und Ideen umzusetzen.<\/p>\n<ul class='gdl-toggle-box'>\n<li class=''>\n<h2 class='toggle-box-title'><span class='toggle-box-icon'><\/span>Mehr \u00fcber das Stipendienprogramm<\/h2>\n<div class='toggle-box-content'>\n<h4>Auswahlprozess<\/h4>\n<p>Unser Ziel ist es, junge Menschen zu unterst\u00fctzen, die ohne unser Stipendium nicht studieren k\u00f6nnten. Bei der Auswahl der Bewerbungen spielen neben der Bed\u00fcrftigkeit der Bewerber und Bewerberinnen vor allem ihre Motivation und ihre Ideen f\u00fcr ihr soziales Projekt eine wichtige Rolle. Wir wollen junge, motivierte Afghanen und Afghaninnen f\u00f6rdern, die Visionen f\u00fcr den Wiederaufbau ihres Landes und ihren Beitrag dazu haben.<\/p>\n<h4>Kontakt<\/h4>\n<p>F\u00fcr weitere Informationen rund um unser Afghanistan-Projekt stehen wir gerne zur Verf\u00fcgung: <a href=\"mailto:afghanistan@studieren-ohne-grenzen.org\">afghanistan@studieren-ohne-grenzen.org<\/a>\n<\/div>\n<\/li>\n<\/ul>\n<h3>Das Stipendienprogramm<\/h3>\n<p>Unser Ziel ist es, junge Afghanen und Afghaninnen w\u00e4hrend ihrer Ausbildung zu unterst\u00fctzen, damit sie ihr Land selbst wieder aufbauen k\u00f6nnen. Um dieses Ziel zu verwirklichen, erhalten die Stipendiaten und Stipendiatinnen zwei Formen der F\u00f6rderung. Die finanzielle F\u00f6rderung bel\u00e4uft sich auf monatlich ca. 5300 Afghani (75 Euro). Dieser Betrag erm\u00f6glicht es jungen Menschen, die ihr Studium nicht selbst finanzieren k\u00f6nnten, eine Universit\u00e4t zu besuchen. Dar\u00fcber hinaus gibt es eine ideelle F\u00f6rderung: \u00dcber die Mentoren, die wir unseren Stipendiaten zur Seite stellen, kommen unsere StipendiatInnen mit deutschen Studierenden in Kontakt, die ihnen dabei helfen, ihre Pl\u00e4ne und Ideen umzusetzen.<\/p>\n<ul class='gdl-toggle-box'>\n<li class=''>\n<h2 class='toggle-box-title'><span class='toggle-box-icon'><\/span>Mehr \u00fcber das Stipendienprogramm<\/h2>\n<div class='toggle-box-content'>\n<h4>Auswahlprozess<\/h4>\n<p>Unser Ziel ist es, junge Menschen zu unterst\u00fctzen, die ohne unser Stipendium nicht studieren k\u00f6nnten. Bei der Auswahl der Bewerbungen spielen neben der Bed\u00fcrftigkeit der Bewerber und Bewerberinnen vor allem ihre Motivation und ihre Ideen f\u00fcr ihr soziales Projekt eine wichtige Rolle. Wir wollen junge, motivierte Afghanen und Afghaninnen f\u00f6rdern, die Visionen f\u00fcr den Wiederaufbau ihres Landes und ihren Beitrag dazu haben.<\/p>\n<h4>Kontakt<\/h4>\n<p>F\u00fcr weitere Informationen rund um unser Afghanistan-Projekt stehen wir gerne zur Verf\u00fcgung: <a href=\"mailto:afghanistan@studieren-ohne-grenzen.org\">afghanistan@studieren-ohne-grenzen.org<\/a>\n<\/div>\n<\/li>\n<\/ul>\n<p><\/p>","protected":false},"excerpt":{"rendered":"<p>Das Stipendienprogramm Unser Ziel ist es, junge Afghanen und Afghaninnen w\u00e4hrend ihrer Ausbildung zu unterst\u00fctzen, damit sie ihr Land selbst wieder aufbauen k\u00f6nnen. Um dieses Ziel zu verwirklichen, erhalten die Stipendiaten und Stipendiatinnen zwei Formen der F\u00f6rderung. Die finanzielle F\u00f6rderung bel\u00e4uft sich auf monatlich ca. 5300 Afghani (75 Euro). Dieser Betrag erm\u00f6glicht es jungen Menschen, die ihr Studium nicht selbst finanzieren k\u00f6nnten, eine Universit\u00e4t zu besuchen. Dar\u00fcber hinaus gibt es eine ideelle F\u00f6rderung: \u00dcber die Mentoren, die wir unseren Stipendiaten zur Seite stellen, kommen unsere StipendiatInnen mit deutschen Studierenden in Kontakt, die ihnen dabei helfen, ihre Pl\u00e4ne und Ideen umzusetzen. Das Stipendienprogramm Unser Ziel ist es, junge Afghanen und Afghaninnen w\u00e4hrend ihrer Ausbildung zu unterst\u00fctzen, damit sie ihr Land selbst wieder aufbauen k\u00f6nnen. Um dieses Ziel zu verwirklichen, erhalten die Stipendiaten und Stipendiatinnen zwei Formen der F\u00f6rderung. Die finanzielle F\u00f6rderung bel\u00e4uft sich auf monatlich ca. 5300 Afghani (75 Euro). Dieser Betrag erm\u00f6glicht es jungen Menschen, die ihr Studium nicht selbst finanzieren k\u00f6nnten, eine Universit\u00e4t zu besuchen. Dar\u00fcber hinaus gibt es eine ideelle F\u00f6rderung: \u00dcber die Mentoren, die wir unseren Stipendiaten zur Seite stellen, kommen unsere StipendiatInnen mit deutschen Studierenden in Kontakt, die ihnen dabei helfen, ihre Pl\u00e4ne und Ideen umzusetzen. Das Stipendienprogramm Unser Ziel ist es, junge Afghanen und Afghaninnen w\u00e4hrend ihrer Ausbildung zu unterst\u00fctzen, damit sie ihr Land selbst wieder aufbauen k\u00f6nnen. Um dieses Ziel zu verwirklichen, erhalten die Stipendiaten und Stipendiatinnen zwei Formen der F\u00f6rderung. Die finanzielle F\u00f6rderung bel\u00e4uft sich auf monatlich ca. 5300 Afghani (75 Euro). Dieser Betrag erm\u00f6glicht es jungen Menschen, die ihr Studium nicht selbst finanzieren k\u00f6nnten, eine Universit\u00e4t zu besuchen. Dar\u00fcber hinaus gibt es eine ideelle F\u00f6rderung: \u00dcber die Mentoren, die wir unseren Stipendiaten zur Seite stellen, kommen unsere StipendiatInnen mit deutschen Studierenden in Kontakt, die ihnen dabei helfen, ihre Pl\u00e4ne und Ideen umzusetzen. Das Stipendienprogramm Unser Ziel ist es, junge Afghanen und Afghaninnen w\u00e4hrend ihrer Ausbildung zu unterst\u00fctzen, damit sie ihr Land selbst wieder aufbauen k\u00f6nnen. Um dieses Ziel zu verwirklichen, erhalten die Stipendiaten und Stipendiatinnen zwei Formen der F\u00f6rderung. Die finanzielle F\u00f6rderung bel\u00e4uft sich auf monatlich ca. 5300 Afghani (75 Euro). Dieser Betrag erm\u00f6glicht es jungen Menschen, die ihr Studium nicht selbst finanzieren k\u00f6nnten, eine Universit\u00e4t zu besuchen. Dar\u00fcber hinaus gibt es eine ideelle F\u00f6rderung: \u00dcber die Mentoren, die wir unseren Stipendiaten zur Seite stellen, kommen unsere StipendiatInnen mit deutschen Studierenden in Kontakt, die ihnen dabei helfen, ihre Pl\u00e4ne und Ideen umzusetzen.<\/p>\n","protected":false},"author":24,"featured_media":0,"parent":184,"menu_order":0,"comment_status":"open","ping_status":"closed","template":"","meta":{"ngg_post_thumbnail":0},"_links":{"self":[{"href":"https:\/\/old.studieren-ohne-grenzen.org\/ru\/wp-json\/wp\/v2\/pages\/665"}],"collection":[{"href":"https:\/\/old.studieren-ohne-grenzen.org\/ru\/wp-json\/wp\/v2\/pages"}],"about":[{"href":"https:\/\/old.studieren-ohne-grenzen.org\/ru\/wp-json\/wp\/v2\/types\/page"}],"author":[{"embeddable":true,"href":"https:\/\/old.studieren-ohne-grenzen.org\/ru\/wp-json\/wp\/v2\/users\/24"}],"replies":[{"embeddable":true,"href":"https:\/\/old.studieren-ohne-grenzen.org\/ru\/wp-json\/wp\/v2\/comments?post=665"}],"version-history":[{"count":57,"href":"https:\/\/old.studieren-ohne-grenzen.org\/ru\/wp-json\/wp\/v2\/pages\/665\/revisions"}],"predecessor-version":[{"id":9879,"href":"https:\/\/old.studieren-ohne-grenzen.org\/ru\/wp-json\/wp\/v2\/pages\/665\/revisions\/9879"}],"up":[{"embeddable":true,"href":"https:\/\/old.studieren-ohne-grenzen.org\/ru\/wp-json\/wp\/v2\/pages\/184"}],"wp:attachment":[{"href":"https:\/\/old.studieren-ohne-grenzen.org\/ru\/wp-json\/wp\/v2\/media?parent=665"}],"curies":[{"name":"wp","href":"https:\/\/api.w.org\/{rel}","templated":true}]}}