{"id":340,"date":"2014-01-20T15:25:55","date_gmt":"2014-01-20T13:25:55","guid":{"rendered":"http:\/\/10006stud.outofscope-dev.com\/?page_id=340"},"modified":"2022-04-22T15:49:37","modified_gmt":"2022-04-22T13:49:37","slug":"frankfurt-am-main","status":"publish","type":"page","link":"https:\/\/old.studieren-ohne-grenzen.org\/ru\/lokalgruppen\/frankfurt-am-main\/","title":{"rendered":"Frankfurt am Main"},"content":{"rendered":"<p><\/p>\n<h2>Frankfurt<\/h2>\n<p>Herzlich willkommen bei Studieren ohne Grenzen in Frankfurt! Interessierte sind zu all unseren Veranstaltungen und Treffen eingeladen. F\u00fcr eure Fragen zu unserer Arbeit, zu Frankfurter Veranstaltungen und zu M\u00f6glichkeiten, uns zu unterst\u00fctzen, stehen wir jederzeit zur Verf\u00fcgung unter: <a href=\"mailto:frankfurt@studieren-ohne-grenzen.org\">frankfurt@studieren-ohne-grenzen.org<\/a><br \/>\nWir freuen uns auch immer \u00fcber neue Mitglieder, die Lust haben, sich mit uns zu engagieren! Bei Interesse schaut doch einfach bei einem unserer w\u00f6chentlichen Treffen vorbei.<\/p>\n<h3><strong>Treffen<\/strong><\/h3>\n<p>Auch im Wintersemester 14\/15 treffen wir uns wieder regelm\u00e4\u00dfig auf dem <strong>Campus Westend der Goethe Uni im IG-Farben Haus in Raum 2.401<\/strong>. Zurzeit arbeiten wir in zwei verschiedenen Arbeitsgruppen, die sich zu unterschiedlichen Zeiten treffen:<br \/>\n<strong>Montags um 18 Uhr<\/strong> planen wir kommende Events wie z.B. Aktionen zum Fundraising und f\u00fcr die \u00d6ffentlichkeitsarbeit.<br \/>\n<strong>Donnerstags um 16 Uhr<\/strong> arbeiten wir an einem m\u00f6glichen neuen StipendiatInnen-Projekt in Ruanda (n\u00e4here Infos unter &#171;Unsere Projekte in Frankfurt&#187;).<br \/>\nSo k\u00f6nnt ihr eure Zeit finden, die euch am besten passt und den Schwerpunkt, der euch am meisten interessiert. Nat\u00fcrlich k\u00f6nnt ihr auch sehr gern zu beiden Terminen kommen!<br \/>\nAn einigen Montagen treffen wir uns in der gesamten Lokalgruppe, wor\u00fcber wir immer vorher per Mail informieren.<\/p>\n<h3><strong>Kommende Veranstaltungen<\/strong><\/h3>\n<h5><strong>Unsere Becherpfand-Sammelaktion bei den Skyliners am 14.02.2015<\/strong><\/h5>\n<p>F\u00fcr alle Basketball-Interessierten: Am Samstag, den 14.02. um 18:30 Uhr sind wir beim Spiel der Skyliners Frankfurt mit dabei, sammeln den Becher-Pfand der BesucherInnen und stellen unsern Verein vor. Also kommt vorbei und trinkt mit und f\u00fcr uns! Mehr Infos zum Spiel der Skyliners findet ihr <a href=\"http:\/\/www.fraport-skyliners.de\/termine\/beko-bbl-heimspiele\/\">hier<\/a>.<\/p>\n<ul class='gdl-toggle-box'>\n<li class=''>\n<h2 class='toggle-box-title'><span class='toggle-box-icon'><\/span>Was machen wir eigentlich? Unsere Projekte in Frankfurt<\/h2>\n<div class='toggle-box-content'>\n<h4><strong>Unsere Events<\/strong><\/h4>\n<p>In unseren regelm\u00e4\u00dfigen Treffen hier in Frankfurt planen wir zum Einen Fundraising-Events, um Gelder f\u00fcr die Projekte unseres deutschlandweiten Vereins zu sammeln und so unsere Projekte zu unterst\u00fctzen. Gleichzeitig machen wir damit unseren Verein in der Uni und auch au\u00dferhalb bekannter. Au\u00dferdem ist uns wichtig, die \u00d6ffentlichkeit f\u00fcr die Situation in sogenannten Krisenregionen zu sensibilisieren und \u00fcber unsere Partnerl\u00e4nder und Projekte unserer StipendiatInnen zu informieren.<\/p>\n<h4><strong>Unsere Projektarbeit mit den Partnerl\u00e4ndern<\/strong><\/h4>\n<p>Gemeinsam mit anderen Lokalgruppen von SOG arbeiten wir am laufenden Projekt <a href=\"https:\/\/www.studieren-ohne-grenzen.org\/projekte\/tschetschenien-books-to-grozny\/\">Books to Grosny<\/a> mit.<br \/>\nZurzeit wagen wir uns au\u00dferdem an ein neues StipendiatInnen-Projekt.In unserer Gruppe haben sich seit diesem Semester einige gefunden, die Kontakte nach Ruanda haben. Noch sind wir dabei, ausreichend Infos zu sammeln, um die m\u00f6glichen Projekte auf Sinnhaftigkeit und Realisierbarkeit zu \u00fcberpr\u00fcfen. Ein erster Erfolg hat sich auf der bundesweiten SOG-Mitgliederversammlung vom 05.-07.12.14 gezeigt: Nach intensiver Diskussion wurde Ruanda als den SOG Richtlinien entsprechende Zielregion gew\u00e4hlt und wir konnten von allen Seiten neue Anregungen f\u00fcr unser Projekt einholen!<br \/>\nF\u00fcr genauere Infos fragt gerne bei uns nach. Auch neue Ideen rund um Veranstaltungen und Projekte sind immer willkommen!<\/p>\n<\/div>\n<\/li>\n<li class=''>\n<h2 class='toggle-box-title'><span class='toggle-box-icon'><\/span>Vergangene Veranstaltungen<\/h2>\n<div class='toggle-box-content'><strong>11.-12. Oktober 2014: Auf der Buchmesse f\u00fcr &#171;Books To Grozny&#187;<\/strong><\/p>\n<p><a href=\"https:\/\/www.studieren-ohne-grenzen.org\/wp-content\/uploads\/2014\/01\/sog-buchmesse-.jpeg\"><img loading=\"lazy\" class=\"alignnone size-medium wp-image-2405\" src=\"https:\/\/www.studieren-ohne-grenzen.org\/wp-content\/uploads\/2014\/01\/sog-buchmesse--225x300.jpeg\" alt=\"sog buchmesse\" width=\"225\" height=\"300\" srcset=\"https:\/\/old.studieren-ohne-grenzen.org\/wp-content\/uploads\/2014\/01\/sog-buchmesse--225x300.jpeg 225w, https:\/\/old.studieren-ohne-grenzen.org\/wp-content\/uploads\/2014\/01\/sog-buchmesse-.jpeg 450w\" sizes=\"(max-width: 225px) 100vw, 225px\" \/><\/a><br \/>\nIm Oktober haben wir uns auf der Buchmesse umgeschaut, um neue B\u00fccher f\u00fcr unser Projekt &#171;Books To Grozny&#187; einzuwerben. Mit Erfolg &#8212; 5 W\u00f6rterb\u00fccher deutsch-russisch k\u00f6nnen wir jetzt unserer Partneruniversit\u00e4t in Tschetschenien zukommen lassen.<\/p>\n<p><strong>11. Juli 2014: Unser Stand beim AStA-Sommerfest<\/strong><\/p>\n<p><a href=\"https:\/\/www.studieren-ohne-grenzen.org\/wp-content\/uploads\/2014\/01\/sog-asta-sommerfest-14.jpeg\"><img loading=\"lazy\" class=\"alignnone size-medium wp-image-2406\" src=\"https:\/\/www.studieren-ohne-grenzen.org\/wp-content\/uploads\/2014\/01\/sog-asta-sommerfest-14-300x168.jpeg\" alt=\"sog asta sommerfest 14\" width=\"300\" height=\"168\" srcset=\"https:\/\/old.studieren-ohne-grenzen.org\/wp-content\/uploads\/2014\/01\/sog-asta-sommerfest-14-300x168.jpeg 300w, https:\/\/old.studieren-ohne-grenzen.org\/wp-content\/uploads\/2014\/01\/sog-asta-sommerfest-14.jpeg 800w\" sizes=\"(max-width: 300px) 100vw, 300px\" \/><\/a><a href=\"https:\/\/www.studieren-ohne-grenzen.org\/wp-content\/uploads\/2014\/01\/asta-sommerfest-14-kuchen.jpeg\"><img loading=\"lazy\" class=\"alignnone size-medium wp-image-2412\" src=\"https:\/\/www.studieren-ohne-grenzen.org\/wp-content\/uploads\/2014\/01\/asta-sommerfest-14-kuchen-300x168.jpeg\" alt=\"asta sommerfest 14 kuchen\" width=\"300\" height=\"168\" srcset=\"https:\/\/old.studieren-ohne-grenzen.org\/wp-content\/uploads\/2014\/01\/asta-sommerfest-14-kuchen-300x168.jpeg 300w, https:\/\/old.studieren-ohne-grenzen.org\/wp-content\/uploads\/2014\/01\/asta-sommerfest-14-kuchen.jpeg 800w\" sizes=\"(max-width: 300px) 100vw, 300px\" \/><\/a><br \/>\nAuch dieses Jahr waren wir wieder mit einem Stand beim AStA-Sommerfest vertreten, diesmal neben den \u00fcblichen s\u00fc\u00dfen Snacks auch mit einigen im Stil unserer Partnerl\u00e4nder: mit selbstgemachten und vor Ort fritierten Samosas mit verschiedenen F\u00fcllungen und selbstgebackenem Bananenkuchen &#8212; angelehnt an Rezepte aus dem Kongo und Afghanistan, die wir vorher zu einem gemeinsamen SOG-Kochabend ausprobiert hatten und die nicht nur bei uns gut ankamen.<\/p>\n<p><strong>6.-8. Dezember 2013: Unsere bundesweite Mitgliederversammlung in Frankfurt<\/strong><\/p>\n<p>Die j\u00e4hrlich stattfindende bundesweite Mitgliederversammlung fand dieses Jahr bei uns in Frankfurt statt, was f\u00fcr unsere Lokalgruppe einiges an Organisation und Planung im Voraus und w\u00e4hrenddessen bedeutete. Das gemeinsame Wochenende bot mit Vortr\u00e4gen und Workshops zur Thematik &#171;Rassismus und Stereotype in der Entwicklungszusammenarbeit&#187; sowohl inhaltliche Anst\u00f6\u00dfe f\u00fcr unsere Arbeit als auch die M\u00f6glichkeit zur Mitarbeit in bundesweiten SoG-Arbeitsgruppen. (Weitere Infos dazu auf der Hauptseite des Vereins)<\/p>\n<p><strong>5. Juli 2013: Unser Stand beim AStA-Sommerfest<\/strong><\/p>\n<p><a href=\"https:\/\/www.studieren-ohne-grenzen.org\/wp-content\/uploads\/2014\/01\/asta-sommerfest-13.jpg\"><img loading=\"lazy\" class=\"alignnone size-medium wp-image-2402\" src=\"https:\/\/www.studieren-ohne-grenzen.org\/wp-content\/uploads\/2014\/01\/asta-sommerfest-13-300x199.jpg\" alt=\"asta sommerfest 13\" width=\"300\" height=\"199\" srcset=\"https:\/\/old.studieren-ohne-grenzen.org\/wp-content\/uploads\/2014\/01\/asta-sommerfest-13-300x199.jpg 300w, https:\/\/old.studieren-ohne-grenzen.org\/wp-content\/uploads\/2014\/01\/asta-sommerfest-13.jpg 960w\" sizes=\"(max-width: 300px) 100vw, 300px\" \/><\/a><a href=\"https:\/\/www.studieren-ohne-grenzen.org\/wp-content\/uploads\/2014\/01\/sog-asta-sommerfest-13-2.jpg\"><img loading=\"lazy\" class=\"alignnone size-medium wp-image-2410\" src=\"https:\/\/www.studieren-ohne-grenzen.org\/wp-content\/uploads\/2014\/01\/sog-asta-sommerfest-13-2-300x199.jpg\" alt=\"sog asta sommerfest 13 (2)\" width=\"300\" height=\"199\" srcset=\"https:\/\/old.studieren-ohne-grenzen.org\/wp-content\/uploads\/2014\/01\/sog-asta-sommerfest-13-2-300x199.jpg 300w, https:\/\/old.studieren-ohne-grenzen.org\/wp-content\/uploads\/2014\/01\/sog-asta-sommerfest-13-2.jpg 960w\" sizes=\"(max-width: 300px) 100vw, 300px\" \/><\/a><br \/>\nVon 17 bis 23 Uhr waren wir auf dem Campus Bockenheim mit einem eigenen Info- und Essensstand dabei. Der Verkauf von Hotdogs und vielen selbstgemachten Snacks von Quiche bis Kuchen kam bei den G\u00e4sten gut an. Besonders Spa\u00df gemacht hat es, durch unser kleines Quiz \u00fcber die L\u00e4nder unserer SOG-Projekte mit Interessierten ins Gespr\u00e4ch zu kommen!<strong><br \/>\n<\/strong><\/p>\n<p><strong>30. Juni 2013: SOG-Tag<\/strong><\/p>\n<p>Zusammensetzen und produktiv werden &#8212; neben unseren regelm\u00e4\u00dfigen Treffen haben wir uns mal die Zeit f\u00fcr einen ganzen Tag in der Lokalgruppe Frankfurt genommen, effektiv zu arbeiten und einige SOG-Themen wie Vereinsstruktur, \u00d6ffentlichkeitsarbeit, Entwicklungszusammenarbeit etc. einmal in Ruhe zu debattieren. Das Team-Building und gemeinsames Grillen am Abend kamen dabei auch nicht zu kurz!<strong><br \/>\n<\/strong><\/p>\n<p><strong>10. Mai 2013: Unsere eigene SOG-Party im KoZ<\/strong><\/p>\n<p><a href=\"https:\/\/www.studieren-ohne-grenzen.org\/wp-content\/uploads\/2014\/01\/plakat-sog.png\"><img loading=\"lazy\" class=\"alignnone size-medium wp-image-2400\" src=\"https:\/\/www.studieren-ohne-grenzen.org\/wp-content\/uploads\/2014\/01\/plakat-sog-300x211.png\" alt=\"plakat sog\" width=\"300\" height=\"211\" srcset=\"https:\/\/old.studieren-ohne-grenzen.org\/wp-content\/uploads\/2014\/01\/plakat-sog-300x211.png 300w, https:\/\/old.studieren-ohne-grenzen.org\/wp-content\/uploads\/2014\/01\/plakat-sog-1024x723.png 1024w\" sizes=\"(max-width: 300px) 100vw, 300px\" \/><\/a><a href=\"https:\/\/www.studieren-ohne-grenzen.org\/wp-content\/uploads\/2014\/01\/sog-party.jpg\"><img loading=\"lazy\" class=\"alignnone size-medium wp-image-2416\" src=\"https:\/\/www.studieren-ohne-grenzen.org\/wp-content\/uploads\/2014\/01\/sog-party-300x225.jpg\" alt=\"sog party\" width=\"300\" height=\"225\" srcset=\"https:\/\/old.studieren-ohne-grenzen.org\/wp-content\/uploads\/2014\/01\/sog-party-300x225.jpg 300w, https:\/\/old.studieren-ohne-grenzen.org\/wp-content\/uploads\/2014\/01\/sog-party.jpg 960w\" sizes=\"(max-width: 300px) 100vw, 300px\" \/><\/a><br \/>\nDie vielen Vorbereitungen f\u00fcr unsere Party auf dem Campus Bockenheim im KoZ haben sich gelohnt &#8212; Nach dem Motto &#171;Studieren Ohne Grenzen macht Party ohne Grenzen&#187; haben wir mit \u00fcber 400 G\u00e4sten gut gefeiert! So konnten wir nicht nur viel Geld f\u00fcr unsere Projekte einnehmen, sondern uns auch uniweit bekannt machen und haben viel positive R\u00fcckmeldungen bekommen. Die n\u00e4chste Party kommt bestimmt!<\/p>\n<\/div>\n<\/li>\n<\/ul>\n<p><\/p>","protected":false},"excerpt":{"rendered":"<p>Frankfurt Herzlich willkommen bei Studieren ohne Grenzen in Frankfurt! Interessierte sind zu all unseren Veranstaltungen und Treffen eingeladen. F\u00fcr eure Fragen zu unserer Arbeit, zu Frankfurter Veranstaltungen und zu M\u00f6glichkeiten, uns zu unterst\u00fctzen, stehen wir jederzeit zur Verf\u00fcgung unter: frankfurt@studieren-ohne-grenzen.org Wir freuen uns auch immer \u00fcber neue Mitglieder, die Lust haben, sich mit uns zu engagieren! Bei Interesse schaut doch einfach bei einem unserer w\u00f6chentlichen Treffen vorbei. Treffen Auch im Wintersemester 14\/15 treffen wir uns wieder regelm\u00e4\u00dfig auf dem Campus Westend der Goethe Uni im IG-Farben Haus in Raum 2.401. Zurzeit arbeiten wir in zwei verschiedenen Arbeitsgruppen, die sich zu unterschiedlichen Zeiten treffen: Montags um 18 Uhr planen wir kommende Events wie z.B. Aktionen zum Fundraising und f\u00fcr die \u00d6ffentlichkeitsarbeit. Donnerstags um 16 Uhr arbeiten wir an einem m\u00f6glichen neuen StipendiatInnen-Projekt in Ruanda (n\u00e4here Infos unter &#171;Unsere Projekte in Frankfurt&#187;). So k\u00f6nnt ihr eure Zeit finden, die euch am besten passt und den Schwerpunkt, der euch am meisten interessiert. Nat\u00fcrlich k\u00f6nnt ihr auch sehr gern zu beiden Terminen kommen! An einigen Montagen treffen wir uns in der gesamten Lokalgruppe, wor\u00fcber wir immer vorher per Mail informieren. Kommende Veranstaltungen Unsere Becherpfand-Sammelaktion bei den Skyliners am 14.02.2015 F\u00fcr alle Basketball-Interessierten: Am Samstag, den 14.02. um 18:30 Uhr sind wir beim Spiel der Skyliners Frankfurt mit dabei, sammeln den Becher-Pfand der BesucherInnen und stellen unsern Verein vor. Also kommt vorbei und trinkt mit und f\u00fcr uns! Mehr Infos zum Spiel der Skyliners findet ihr hier.<\/p>\n","protected":false},"author":13,"featured_media":0,"parent":173,"menu_order":0,"comment_status":"open","ping_status":"closed","template":"","meta":{"ngg_post_thumbnail":0},"_links":{"self":[{"href":"https:\/\/old.studieren-ohne-grenzen.org\/ru\/wp-json\/wp\/v2\/pages\/340"}],"collection":[{"href":"https:\/\/old.studieren-ohne-grenzen.org\/ru\/wp-json\/wp\/v2\/pages"}],"about":[{"href":"https:\/\/old.studieren-ohne-grenzen.org\/ru\/wp-json\/wp\/v2\/types\/page"}],"author":[{"embeddable":true,"href":"https:\/\/old.studieren-ohne-grenzen.org\/ru\/wp-json\/wp\/v2\/users\/13"}],"replies":[{"embeddable":true,"href":"https:\/\/old.studieren-ohne-grenzen.org\/ru\/wp-json\/wp\/v2\/comments?post=340"}],"version-history":[{"count":152,"href":"https:\/\/old.studieren-ohne-grenzen.org\/ru\/wp-json\/wp\/v2\/pages\/340\/revisions"}],"predecessor-version":[{"id":9960,"href":"https:\/\/old.studieren-ohne-grenzen.org\/ru\/wp-json\/wp\/v2\/pages\/340\/revisions\/9960"}],"up":[{"embeddable":true,"href":"https:\/\/old.studieren-ohne-grenzen.org\/ru\/wp-json\/wp\/v2\/pages\/173"}],"wp:attachment":[{"href":"https:\/\/old.studieren-ohne-grenzen.org\/ru\/wp-json\/wp\/v2\/media?parent=340"}],"curies":[{"name":"wp","href":"https:\/\/api.w.org\/{rel}","templated":true}]}}