{"id":273,"date":"2014-01-06T16:03:30","date_gmt":"2014-01-06T15:03:30","guid":{"rendered":"http:\/\/10006stud.outofscope-dev.com\/?page_id=273"},"modified":"2023-06-14T19:11:08","modified_gmt":"2023-06-14T17:11:08","slug":"berlin","status":"publish","type":"page","link":"https:\/\/old.studieren-ohne-grenzen.org\/ru\/lokalgruppen\/berlin\/","title":{"rendered":"Berlin"},"content":{"rendered":"<p><\/p>\n<p style=\"text-align: left\">\n<ul class='gdl-toggle-box'>\n<li class=' active'>\n<h2 class='toggle-box-title'><span class='toggle-box-icon'><\/span>Mitmachen<\/h2>\n<div class='toggle-box-content'>Wir freuen uns immer \u00fcber motivierte Studierende, die Interesse haben, in den verschiedenen Bereichen unserer Gruppe mitzuarbeiten. Dazu z\u00e4hlen unter anderem Stipendiat_innenbetreuung, Projektumsetzung, Pat_innenwerbung, \u00d6ffentlichkeitsarbeit, Fundraising und Networking. Wir freuen uns auf euch und eure Ideen! Schaut einfach bei unseren w\u00f6chentlichen Treffen vorbei.<\/p>\n<p style=\"text-align: left\"><strong>Wann?<\/strong> Jeden Mittwoch um 19 Uhr<\/p>\n<p style=\"text-align: left\"><strong>Wo?<\/strong> Luisenstra\u00dfe 57, 10117 Berlin, Salomon-Neumann-Haus, Seminarraum 1, S\/U Friedrichstra\u00dfe oder U Naturkundemuseum oder U Oranienburger Tor<\/p>\n<p style=\"text-align: left\"><\/div>\n<\/li>\n<p style=\"text-align: left\">\n<li class=''>\n<h2 class='toggle-box-title'><span class='toggle-box-icon'><\/span>Kontakt<\/h2>\n<div class='toggle-box-content'>Wir sind per E-Mail zu erreichen: berlin@studieren-ohne-grenzen.org<\/p>\n<p>Alle wichtigen Infos und Neuigkeiten findet ihr auch auf unserer <a href=\"https:\/\/www.facebook.com\/SOGBerlin?fref=ts\" target=\"_blank\" rel=\"noopener noreferrer\">Facebook-Seite<\/a>. <\/div>\n<\/li>\n<p style=\"text-align: left\">\n<li class=''>\n<h2 class='toggle-box-title'><span class='toggle-box-icon'><\/span>Unser Projekt<\/h2>\n<div class='toggle-box-content'> Wir organisieren gemeinsam mit der Aachener Gruppe das Stipendienprogramm in Mweso im Osten der Demokratischen Republik Kongo. Studieren Ohne Grenzen erm\u00f6glicht dort aktuell 56 Kongolesinnen und Kongolesen ein agronomisches Studium. Zum Wiederaufbau der kriegszerst\u00f6rten Region und zur Bek\u00e4mpfung von Armut und Hunger werden dringend qualifizierte Landwirtinnen und Landwirte gebraucht. Mit dem Stipendienprogramm m\u00f6chten wir motivierten jungen Menschen aus einer von Krisen und Krieg gepr\u00e4gten Region neue Perspektiven bieten. Wir k\u00fcmmern uns dabei um alle Bereiche des Projekts &#8212; von der Auswahl der Stipendiat_innen \u00fcber die Werbung neuer F\u00f6rderer bis hin zur Organisation von Events in Berlin. Unterst\u00fctzt werden wir von CADEP, einer lokalen Nichtregierungsorganisation in unserer Projektregion, mit der wir eng zusammenarbeiten.<\/p>\n<p style=\"text-align: left\">Interessierte finden <a title=\"Mweso-Stipendienprogramm\" href=\"http:\/\/studieren-ohne-grenzen.org\/wordpress\/?page_id=714\">hier<\/a> mehr Infos zum Projekt.<\/p>\n<p style=\"text-align: left\"><\/div>\n<\/li>\n<\/ul>\n<p><\/p>","protected":false},"excerpt":{"rendered":"","protected":false},"author":8,"featured_media":0,"parent":173,"menu_order":0,"comment_status":"closed","ping_status":"closed","template":"","meta":{"ngg_post_thumbnail":0},"_links":{"self":[{"href":"https:\/\/old.studieren-ohne-grenzen.org\/ru\/wp-json\/wp\/v2\/pages\/273"}],"collection":[{"href":"https:\/\/old.studieren-ohne-grenzen.org\/ru\/wp-json\/wp\/v2\/pages"}],"about":[{"href":"https:\/\/old.studieren-ohne-grenzen.org\/ru\/wp-json\/wp\/v2\/types\/page"}],"author":[{"embeddable":true,"href":"https:\/\/old.studieren-ohne-grenzen.org\/ru\/wp-json\/wp\/v2\/users\/8"}],"replies":[{"embeddable":true,"href":"https:\/\/old.studieren-ohne-grenzen.org\/ru\/wp-json\/wp\/v2\/comments?post=273"}],"version-history":[{"count":136,"href":"https:\/\/old.studieren-ohne-grenzen.org\/ru\/wp-json\/wp\/v2\/pages\/273\/revisions"}],"predecessor-version":[{"id":6176,"href":"https:\/\/old.studieren-ohne-grenzen.org\/ru\/wp-json\/wp\/v2\/pages\/273\/revisions\/6176"}],"up":[{"embeddable":true,"href":"https:\/\/old.studieren-ohne-grenzen.org\/ru\/wp-json\/wp\/v2\/pages\/173"}],"wp:attachment":[{"href":"https:\/\/old.studieren-ohne-grenzen.org\/ru\/wp-json\/wp\/v2\/media?parent=273"}],"curies":[{"name":"wp","href":"https:\/\/api.w.org\/{rel}","templated":true}]}}