{"id":194,"date":"2014-01-05T15:12:19","date_gmt":"2014-01-05T13:12:19","guid":{"rendered":"http:\/\/10006stud.outofscope-dev.com\/?page_id=194"},"modified":"2023-09-14T09:10:07","modified_gmt":"2023-09-14T07:10:07","slug":"organisationsstruktur","status":"publish","type":"page","link":"https:\/\/old.studieren-ohne-grenzen.org\/ru\/uber-uns\/organisationsstruktur\/","title":{"rendered":"Organistationsstruktur"},"content":{"rendered":"<p><\/p>\n<h3><strong>Organisation<\/strong><\/h3>\n<p>In vielen deutschen St\u00e4dten gibt es Lokalgruppen, in denen sich die Mitglieder regelm\u00e4\u00dfig treffen. Diese Lokalgruppen werden von einem Koordinationsteam betreut. J\u00e4hrlich werden in der Mitgliederversammlung neue Richtlinien festgelegt und der aus sieben Mitgliedern bestehende Vorstand gew\u00e4hlt. Der Beirat besteht aus f\u00fcnf bis acht durch die Mitgliederversammlung gew\u00e4hlten Personen, die dem Verein nahe stehen, aber nicht oder nicht mehr aktiv mitarbeiten. Ihre Aufgabe ist es, den Vorstand mit ihrer Expertise zu beraten. \u00dcber die nationale Ebene hinaus sind wir in die internationale Struktur von Etudes Sans Fronti\u00e8res International eingebunden.<\/p>","protected":false},"excerpt":{"rendered":"<p>Organisation In vielen deutschen St\u00e4dten gibt es Lokalgruppen, in denen sich die Mitglieder regelm\u00e4\u00dfig treffen. Diese Lokalgruppen werden von einem Koordinationsteam betreut. J\u00e4hrlich werden in der Mitgliederversammlung neue Richtlinien festgelegt und der aus sieben Mitgliedern bestehende Vorstand gew\u00e4hlt. Der Beirat besteht aus f\u00fcnf bis acht durch die Mitgliederversammlung gew\u00e4hlten Personen, die dem Verein nahe stehen, aber nicht oder nicht mehr aktiv mitarbeiten. Ihre Aufgabe ist es, den Vorstand mit ihrer Expertise zu beraten. \u00dcber die nationale Ebene hinaus sind wir in die internationale Struktur von Etudes Sans Fronti\u00e8res International eingebunden.<\/p>\n","protected":false},"author":1,"featured_media":0,"parent":177,"menu_order":2,"comment_status":"open","ping_status":"closed","template":"","meta":{"ngg_post_thumbnail":0},"_links":{"self":[{"href":"https:\/\/old.studieren-ohne-grenzen.org\/ru\/wp-json\/wp\/v2\/pages\/194"}],"collection":[{"href":"https:\/\/old.studieren-ohne-grenzen.org\/ru\/wp-json\/wp\/v2\/pages"}],"about":[{"href":"https:\/\/old.studieren-ohne-grenzen.org\/ru\/wp-json\/wp\/v2\/types\/page"}],"author":[{"embeddable":true,"href":"https:\/\/old.studieren-ohne-grenzen.org\/ru\/wp-json\/wp\/v2\/users\/1"}],"replies":[{"embeddable":true,"href":"https:\/\/old.studieren-ohne-grenzen.org\/ru\/wp-json\/wp\/v2\/comments?post=194"}],"version-history":[{"count":16,"href":"https:\/\/old.studieren-ohne-grenzen.org\/ru\/wp-json\/wp\/v2\/pages\/194\/revisions"}],"predecessor-version":[{"id":10104,"href":"https:\/\/old.studieren-ohne-grenzen.org\/ru\/wp-json\/wp\/v2\/pages\/194\/revisions\/10104"}],"up":[{"embeddable":true,"href":"https:\/\/old.studieren-ohne-grenzen.org\/ru\/wp-json\/wp\/v2\/pages\/177"}],"wp:attachment":[{"href":"https:\/\/old.studieren-ohne-grenzen.org\/ru\/wp-json\/wp\/v2\/media?parent=194"}],"curies":[{"name":"wp","href":"https:\/\/api.w.org\/{rel}","templated":true}]}}