{"id":192,"date":"2014-01-05T15:12:03","date_gmt":"2014-01-05T13:12:03","guid":{"rendered":"http:\/\/10006stud.outofscope-dev.com\/?page_id=192"},"modified":"2021-08-19T12:29:07","modified_gmt":"2021-08-19T10:29:07","slug":"geschichte","status":"publish","type":"page","link":"https:\/\/old.studieren-ohne-grenzen.org\/ru\/uber-uns\/geschichte\/","title":{"rendered":"Geschichte"},"content":{"rendered":"<p><\/p>\n<h3><strong>Geschichte<\/strong><\/h3>\n<p dir=\"ltr\">Studieren Ohne Grenzen wurde am 29. Oktober 2006 auf Initiative des Politologie-Studenten Felix Weth von Studierenden in Konstanz und T\u00fcbingen gegr\u00fcndet. Die Organisation ist ein Ableger der franz\u00f6sischen Organisation Etudes Sans Fronti\u00e8res, die 2003 damit begonnen hatte, tschetschenische Studierende bei einem Studium in Frankreich zu unterst\u00fctzen.<\/p>\n<p>Das Tschetschenien-Programm von Studieren Ohne Grenzen baut auf den Erfahrungen von Etudes Sans Fronti\u00e8res in Frankreich auf. Anfang April 2008 traf der erste tschetschenische Stipendiat in Konstanz ein. Im Juli 2009 konnten zwei neuen Stipendiatinnen in T\u00fcbingen ihr Studium aufnehmen. Neben weiteren Neuaufnahmen wurde das Stipendienprogramm durch das Bildungsinfrastrukturprojekt &#171;Books To Grozny&#187; erg\u00e4nzt, in dessen Rahmen 2012 eine erste Lieferung dringend ben\u00f6tigter Fachliteratur an die Universit\u00e4tsbibliotheken Grosnys verschickt wurde.<br \/>\nZus\u00e4tzlich begannen bereits im September 2007 die ersten zehn kongolesischen Stipendiatinnen und Stipendiaten in Kindu im Osten der Demokratischen Republik Kongo ihr Studium. Im Jahr 2010 wurde das zweite Kongo-Stipendienprogramm in Mweso initiiert; dort studieren die Gef\u00f6rderten an einem agrarwissenschaftlichen Institut. Seit 2013 betreuen wir afghanische Stipendiatinnen und Stipendiaten. Das j\u00fcngste Stipendienprogramm entsteht derzeit im vom ehemaligen B\u00fcrgerkrieg stark betroffenen Nordosten Sri Lankas.<\/p>\n<p>Neben diesen Projekten konnte die Organisation mit ihrer Idee von weltweiter studentischer Solidarit\u00e4t wachsen, sowohl an Mitgliedern als auch an Lokalgruppen in deutschen Universit\u00e4tsst\u00e4dten. Die meisten Mitglieder des Vereins sind Studierende unterschiedlichster Fachrichtungen, die sich alle ehrenamtlich engagieren. Studieren Ohne Grenzen wurde \u00fcber die Jahre regional und bundesweit zunehmend bekannter und erfuhr immer mehr Unterst\u00fctzung von Pers\u00f6nlichkeiten aus Gesellschaft, Wirtschaft und Politik. Dies spiegelt sich auch in einer <a title=\"Auszeichnungen\" href=\"https:\/\/www.studieren-ohne-grenzen.org\/ueber-uns\/auszeichnungen\/\">Reihe an Auszeichnungen<\/a> wieder, die Studieren Ohne Grenzen f\u00fcr seinen innovativen Ansatz der F\u00f6rderung junger Gestalter in Krisenregionen erhielt.<\/p>","protected":false},"excerpt":{"rendered":"<p>Geschichte Studieren Ohne Grenzen wurde am 29. Oktober 2006 auf Initiative des Politologie-Studenten Felix Weth von Studierenden in Konstanz und T\u00fcbingen gegr\u00fcndet. Die Organisation ist ein Ableger der franz\u00f6sischen Organisation Etudes Sans Fronti\u00e8res, die 2003 damit begonnen hatte, tschetschenische Studierende bei einem Studium in Frankreich zu unterst\u00fctzen. Das Tschetschenien-Programm von Studieren Ohne Grenzen baut auf den Erfahrungen von Etudes Sans Fronti\u00e8res in Frankreich auf. Anfang April 2008 traf der erste tschetschenische Stipendiat in Konstanz ein. Im Juli 2009 konnten zwei neuen Stipendiatinnen in T\u00fcbingen ihr Studium aufnehmen. Neben weiteren Neuaufnahmen wurde das Stipendienprogramm durch das Bildungsinfrastrukturprojekt &#171;Books To Grozny&#187; erg\u00e4nzt, in dessen Rahmen 2012 eine erste Lieferung dringend ben\u00f6tigter Fachliteratur an die Universit\u00e4tsbibliotheken Grosnys verschickt wurde. Zus\u00e4tzlich begannen bereits im September 2007 die ersten zehn kongolesischen Stipendiatinnen und Stipendiaten in Kindu im Osten der Demokratischen Republik Kongo ihr Studium. Im Jahr 2010 wurde das zweite Kongo-Stipendienprogramm in Mweso initiiert; dort studieren die Gef\u00f6rderten an einem agrarwissenschaftlichen Institut. Seit 2013 betreuen wir afghanische Stipendiatinnen und Stipendiaten. Das j\u00fcngste Stipendienprogramm entsteht derzeit im vom ehemaligen B\u00fcrgerkrieg stark betroffenen Nordosten Sri Lankas. Neben diesen Projekten konnte die Organisation mit ihrer Idee von weltweiter studentischer Solidarit\u00e4t wachsen, sowohl an Mitgliedern als auch an Lokalgruppen in deutschen Universit\u00e4tsst\u00e4dten. Die meisten Mitglieder des Vereins sind Studierende unterschiedlichster Fachrichtungen, die sich alle ehrenamtlich engagieren. Studieren Ohne Grenzen wurde \u00fcber die Jahre regional und bundesweit zunehmend bekannter und erfuhr immer mehr Unterst\u00fctzung von Pers\u00f6nlichkeiten aus Gesellschaft, Wirtschaft und Politik. Dies spiegelt sich auch in einer Reihe an Auszeichnungen wieder, die Studieren Ohne Grenzen f\u00fcr seinen innovativen Ansatz der F\u00f6rderung junger Gestalter in Krisenregionen erhielt.<\/p>\n","protected":false},"author":1,"featured_media":0,"parent":177,"menu_order":0,"comment_status":"open","ping_status":"closed","template":"","meta":{"ngg_post_thumbnail":0},"_links":{"self":[{"href":"https:\/\/old.studieren-ohne-grenzen.org\/ru\/wp-json\/wp\/v2\/pages\/192"}],"collection":[{"href":"https:\/\/old.studieren-ohne-grenzen.org\/ru\/wp-json\/wp\/v2\/pages"}],"about":[{"href":"https:\/\/old.studieren-ohne-grenzen.org\/ru\/wp-json\/wp\/v2\/types\/page"}],"author":[{"embeddable":true,"href":"https:\/\/old.studieren-ohne-grenzen.org\/ru\/wp-json\/wp\/v2\/users\/1"}],"replies":[{"embeddable":true,"href":"https:\/\/old.studieren-ohne-grenzen.org\/ru\/wp-json\/wp\/v2\/comments?post=192"}],"version-history":[{"count":27,"href":"https:\/\/old.studieren-ohne-grenzen.org\/ru\/wp-json\/wp\/v2\/pages\/192\/revisions"}],"predecessor-version":[{"id":9852,"href":"https:\/\/old.studieren-ohne-grenzen.org\/ru\/wp-json\/wp\/v2\/pages\/192\/revisions\/9852"}],"up":[{"embeddable":true,"href":"https:\/\/old.studieren-ohne-grenzen.org\/ru\/wp-json\/wp\/v2\/pages\/177"}],"wp:attachment":[{"href":"https:\/\/old.studieren-ohne-grenzen.org\/ru\/wp-json\/wp\/v2\/media?parent=192"}],"curies":[{"name":"wp","href":"https:\/\/api.w.org\/{rel}","templated":true}]}}