{"id":1317,"date":"2014-07-26T07:49:37","date_gmt":"2014-07-26T05:49:37","guid":{"rendered":"http:\/\/studieren-ohne-grenzen.org\/wordpress\/?page_id=1317"},"modified":"2020-10-19T16:30:35","modified_gmt":"2020-10-19T14:30:35","slug":"stipendiaten-und-stipendiatinnen-in-mweso","status":"publish","type":"page","link":"https:\/\/old.studieren-ohne-grenzen.org\/ru\/projekte\/dr-kongo-mweso\/stipendiaten-und-stipendiatinnen-in-mweso\/","title":{"rendered":"Stipendiaten und Stipendiatinnen"},"content":{"rendered":"<p>Derzeit f\u00f6rdert Studieren Ohne Grenzen 47 Studierende am Institut Sup\u00e9rieure d&#8217;\u00c9tudes Agronomiques in Mweso. Bereits 53 Stipendiaten\/innen haben ihr Studium erfolgreich abgeschlossen. In K\u00fcrze m\u00f6chten wir Ihnen hier gern einige der aktuellen und ehemaligen Stipendiaten\/innen vorstellen.<\/p>","protected":false},"excerpt":{"rendered":"<p>Derzeit f\u00f6rdert Studieren Ohne Grenzen 47 Studierende am Institut Sup\u00e9rieure d&#8217;\u00c9tudes Agronomiques in Mweso. Bereits 53 Stipendiaten\/innen haben ihr Studium erfolgreich abgeschlossen. In K\u00fcrze m\u00f6chten wir Ihnen hier gern einige der aktuellen und ehemaligen Stipendiaten\/innen vorstellen.<\/p>\n","protected":false},"author":26,"featured_media":0,"parent":188,"menu_order":0,"comment_status":"open","ping_status":"closed","template":"","meta":{"ngg_post_thumbnail":0},"_links":{"self":[{"href":"https:\/\/old.studieren-ohne-grenzen.org\/ru\/wp-json\/wp\/v2\/pages\/1317"}],"collection":[{"href":"https:\/\/old.studieren-ohne-grenzen.org\/ru\/wp-json\/wp\/v2\/pages"}],"about":[{"href":"https:\/\/old.studieren-ohne-grenzen.org\/ru\/wp-json\/wp\/v2\/types\/page"}],"author":[{"embeddable":true,"href":"https:\/\/old.studieren-ohne-grenzen.org\/ru\/wp-json\/wp\/v2\/users\/26"}],"replies":[{"embeddable":true,"href":"https:\/\/old.studieren-ohne-grenzen.org\/ru\/wp-json\/wp\/v2\/comments?post=1317"}],"version-history":[{"count":42,"href":"https:\/\/old.studieren-ohne-grenzen.org\/ru\/wp-json\/wp\/v2\/pages\/1317\/revisions"}],"predecessor-version":[{"id":9438,"href":"https:\/\/old.studieren-ohne-grenzen.org\/ru\/wp-json\/wp\/v2\/pages\/1317\/revisions\/9438"}],"up":[{"embeddable":true,"href":"https:\/\/old.studieren-ohne-grenzen.org\/ru\/wp-json\/wp\/v2\/pages\/188"}],"wp:attachment":[{"href":"https:\/\/old.studieren-ohne-grenzen.org\/ru\/wp-json\/wp\/v2\/media?parent=1317"}],"curies":[{"name":"wp","href":"https:\/\/api.w.org\/{rel}","templated":true}]}}