{"id":775,"date":"2014-04-04T08:20:59","date_gmt":"2014-04-04T06:20:59","guid":{"rendered":"http:\/\/studieren-ohne-grenzen.org\/wordpress\/?page_id=775"},"modified":"2019-03-12T20:14:40","modified_gmt":"2019-03-12T19:14:40","slug":"projekt","status":"publish","type":"page","link":"https:\/\/old.studieren-ohne-grenzen.org\/fr\/projekte\/sri-lanka\/projekt\/","title":{"rendered":"Stipendienprogramm"},"content":{"rendered":"<p><\/p>\n<p style=\"text-align: left\">Mit dem Kooperationspartner, dem Infinity Center for Higher Studies im nord\u00f6stlichen Distrikt Trincomalee wollen wir bed\u00fcrftigen und engagierten Jugendlichen ein Hochschulstudium bieten. Ziel ist die finanzielle und ideelle F\u00f6rderung Jugendlicher, die sich ein Studium aus eigenen Mitteln nicht leisten k\u00f6nnen und zugleich besonders engagiert und motiviert sind, selbst zum Wiederaufbau ihrer Region beizutragen und ihr Umfeld positiv mitzugestalten.<\/p>\n<p style=\"text-align: left\"><span style=\"color: #000000\"><\/p>\n<ul class='gdl-toggle-box'>\n<li class=''>\n<h2 class='toggle-box-title'><span class='toggle-box-icon'><\/span>Unsere Ziele<\/h2>\n<div class='toggle-box-content'><\/span><\/p>\n<p dir=\"LTR\" style=\"text-align: left\" align=\"LEFT\">Unser Ziel ist es, Bildung zu f\u00f6rdern um Selbsthilfe zu erm\u00f6glichen. Bed\u00fcrftige und hoch motivierte Jugendliche sollen mittels eines Hochschulstudiums, verschiedener integrierter Workshops und der Umsetzung eines eigenen Projekts vor Ort Zukunftsperspektive erhalten: sowohl f\u00fcr ihr eigenes Leben als auch f\u00fcr ihr Land. Wichtig hierbei ist uns die aktive Auseinandersetzung mit einem eigenen Projekt, das die Stipendiaten nach dem Studium umsetzen werden. Das eigene Engagement zum Wiederaufbau der Gesellschaft und zum friedlichen Miteinander ist eines der Hauptziele des Stipendiums. Wir wollen gegen die Abwanderung ins Ausland und die hoheJugendarbeitslosigkeit angehen, indem wir die Eigeninitiative unserer StipendiatInnen f\u00f6rdern und herausfordern.<\/p>\n<p dir=\"LTR\" style=\"text-align: left\" align=\"LEFT\"><span style=\"color: #000000\"><\/div>\n<\/li>\n<\/ul>\n<p><\/span><\/p>\n<p dir=\"LTR\" style=\"text-align: left\" align=\"LEFT\"><span style=\"color: #000000\"><\/p>\n<ul class='gdl-toggle-box'>\n<li class=''>\n<h2 class='toggle-box-title'><span class='toggle-box-icon'><\/span>Unser Partner vor Ort<\/h2>\n<div class='toggle-box-content'><\/span><\/p>\n<p dir=\"LTR\" style=\"text-align: left\" align=\"LEFT\">Das Infinity Center for Higher Studies im Nordosten Sri Lankas, im Distrikt Trincomalee gelegen, wurde 2011 von Christie und Dharshini Samuel gegr\u00fcndet. Als ehemaliger IT Manager und Leiter des Instituts ist Christie bestens vernetzt und kann unseren StipendiatInnen ein grundlegendes Studium im Bereich IT-Anwendungen bieten. Das Institut wird von der Martin Luther Christian University (Shillong, Meghalaya, Indien) und der TCEC \u2013 Tamilnadu Computer Education Corporation (Tamilnadu, Indien) akkreditiert.<\/p>\n<p dir=\"LTR\" style=\"text-align: left\" align=\"LEFT\">Das Infinity Center bietet unter anderem folgende Kurse an:<\/p>\n<ul>\n<li><span style=\"text-align: right\">Diploma in Office Automation<\/span><\/li>\n<li><span style=\"text-align: right\">Diploma in Computer Financial Accounting<\/span><\/li>\n<li><span style=\"text-align: right\">Diploma in Advanced Software Engineering<\/span><\/li>\n<li><span style=\"text-align: right\">Honors Diploma in Desktop Publishing<\/span><\/li>\n<li><span style=\"text-align: right\">Honors Diploma in Computer Application<\/span><\/li>\n<li><span style=\"text-align: right\">Diploma in Rural Marketing<\/span><\/li>\n<li><span style=\"text-align: right\">Bachelor of Computer Applications<\/span><\/li>\n<li><span style=\"text-align: right\">Bachelor of Tourism Administration<\/span><\/li>\n<\/ul>\n<p dir=\"LTR\" style=\"text-align: left\" align=\"LEFT\">Besonderes Ziel des Infinity Centers ist die F\u00f6rderung von Jugendlichen aus finanziell schwachen Familien und Regionen. Am Institut sind Studenten jeglicher Gesellschaftsschichten, Gruppen und Religionen willkommen. So leistet das Institut einen wichtigen Beitrag zum friedlichen Zusammenleben im konfliktgepr\u00e4gten Nordosten des Landes.<\/p>\n<p dir=\"LTR\" style=\"text-align: left\" align=\"LEFT\"><span style=\"color: #000000\"><\/div>\n<\/li>\n<\/ul>\n<p><\/span><\/p>\n<p><\/p>","protected":false},"excerpt":{"rendered":"<p>Mit dem Kooperationspartner, dem Infinity Center for Higher Studies im nord\u00f6stlichen Distrikt Trincomalee wollen wir bed\u00fcrftigen und engagierten Jugendlichen ein Hochschulstudium bieten. Ziel ist die finanzielle und ideelle F\u00f6rderung Jugendlicher, die sich ein Studium aus eigenen Mitteln nicht leisten k\u00f6nnen und zugleich besonders engagiert und motiviert sind, selbst zum Wiederaufbau ihrer Region beizutragen und ihr Umfeld positiv mitzugestalten.<\/p>\n","protected":false},"author":27,"featured_media":0,"parent":770,"menu_order":1,"comment_status":"open","ping_status":"closed","template":"","meta":{"ngg_post_thumbnail":0},"_links":{"self":[{"href":"https:\/\/old.studieren-ohne-grenzen.org\/fr\/wp-json\/wp\/v2\/pages\/775"}],"collection":[{"href":"https:\/\/old.studieren-ohne-grenzen.org\/fr\/wp-json\/wp\/v2\/pages"}],"about":[{"href":"https:\/\/old.studieren-ohne-grenzen.org\/fr\/wp-json\/wp\/v2\/types\/page"}],"author":[{"embeddable":true,"href":"https:\/\/old.studieren-ohne-grenzen.org\/fr\/wp-json\/wp\/v2\/users\/27"}],"replies":[{"embeddable":true,"href":"https:\/\/old.studieren-ohne-grenzen.org\/fr\/wp-json\/wp\/v2\/comments?post=775"}],"version-history":[{"count":49,"href":"https:\/\/old.studieren-ohne-grenzen.org\/fr\/wp-json\/wp\/v2\/pages\/775\/revisions"}],"predecessor-version":[{"id":8375,"href":"https:\/\/old.studieren-ohne-grenzen.org\/fr\/wp-json\/wp\/v2\/pages\/775\/revisions\/8375"}],"up":[{"embeddable":true,"href":"https:\/\/old.studieren-ohne-grenzen.org\/fr\/wp-json\/wp\/v2\/pages\/770"}],"wp:attachment":[{"href":"https:\/\/old.studieren-ohne-grenzen.org\/fr\/wp-json\/wp\/v2\/media?parent=775"}],"curies":[{"name":"wp","href":"https:\/\/api.w.org\/{rel}","templated":true}]}}