{"id":76,"date":"2014-01-03T11:39:00","date_gmt":"2014-01-03T09:39:00","guid":{"rendered":"http:\/\/10006stud.outofscope-dev.com\/home-2\/"},"modified":"2023-05-03T17:57:44","modified_gmt":"2023-05-03T15:57:44","slug":"home","status":"publish","type":"page","link":"https:\/\/old.studieren-ohne-grenzen.org\/fr\/","title":{"rendered":"Home"},"content":{"rendered":"<p>\u00c9tudes Sans Fronti\u00e8res s&rsquo;engage pour l&rsquo;\u00e9ducation sup\u00e9rieur dans des r\u00e9gions affect\u00e9es par des conflits. Notre travail consiste d&rsquo;attribuer des bourses aux \u00e9tudiants et \u00e9tudiantes dans le besoin, de contribuer \u00e0 am\u00e9liorer l&rsquo;infrastructure \u00e9ducative sur place, et de sensibiliser le public allemand sur la situation dans ces r\u00e9gions cibl\u00e9es par nos projets &#8211; actuellement l&rsquo;Afghanistan, la RD Congo, le Sri Lanka et la Tch\u00e9tch\u00e9nie.<\/p>\n<p>Notre travail a pour objectif de soutenir les jeunes \u00e0 contribuer, eux m\u00eame et de mani\u00e8re autonome, \u00e0 la reconstruction et \u00e0 la r\u00e9conciliation de leur pays. En commun avec nos boursier\/boursi\u00e8res nous voulons contribuer au d\u00e9veloppement durable et pacifique dans des pays et r\u00e9gions qui souffrent de guerre ou ses cons\u00e9quences.<\/p>","protected":false},"excerpt":{"rendered":"<p>\u00c9tudes Sans Fronti\u00e8res s&rsquo;engage pour l&rsquo;\u00e9ducation sup\u00e9rieur dans des r\u00e9gions affect\u00e9es par des conflits. Notre travail consiste d&rsquo;attribuer des bourses aux \u00e9tudiants et \u00e9tudiantes dans le besoin, de contribuer \u00e0 am\u00e9liorer l&rsquo;infrastructure \u00e9ducative sur place, et de sensibiliser le public allemand sur la situation dans ces r\u00e9gions cibl\u00e9es par nos projets &#8211; actuellement l&rsquo;Afghanistan, la RD Congo, le Sri Lanka et la Tch\u00e9tch\u00e9nie. Notre travail a pour objectif de soutenir les jeunes \u00e0 contribuer, eux m\u00eame et de mani\u00e8re autonome, \u00e0 la reconstruction et \u00e0 la r\u00e9conciliation de leur pays. En commun avec nos boursier\/boursi\u00e8res nous voulons contribuer au d\u00e9veloppement durable et pacifique dans des pays et r\u00e9gions qui souffrent de guerre ou ses cons\u00e9quences.<\/p>\n","protected":false},"author":1,"featured_media":0,"parent":0,"menu_order":-1,"comment_status":"closed","ping_status":"closed","template":"","meta":{"ngg_post_thumbnail":0},"_links":{"self":[{"href":"https:\/\/old.studieren-ohne-grenzen.org\/fr\/wp-json\/wp\/v2\/pages\/76"}],"collection":[{"href":"https:\/\/old.studieren-ohne-grenzen.org\/fr\/wp-json\/wp\/v2\/pages"}],"about":[{"href":"https:\/\/old.studieren-ohne-grenzen.org\/fr\/wp-json\/wp\/v2\/types\/page"}],"author":[{"embeddable":true,"href":"https:\/\/old.studieren-ohne-grenzen.org\/fr\/wp-json\/wp\/v2\/users\/1"}],"replies":[{"embeddable":true,"href":"https:\/\/old.studieren-ohne-grenzen.org\/fr\/wp-json\/wp\/v2\/comments?post=76"}],"version-history":[{"count":26,"href":"https:\/\/old.studieren-ohne-grenzen.org\/fr\/wp-json\/wp\/v2\/pages\/76\/revisions"}],"predecessor-version":[{"id":9178,"href":"https:\/\/old.studieren-ohne-grenzen.org\/fr\/wp-json\/wp\/v2\/pages\/76\/revisions\/9178"}],"wp:attachment":[{"href":"https:\/\/old.studieren-ohne-grenzen.org\/fr\/wp-json\/wp\/v2\/media?parent=76"}],"curies":[{"name":"wp","href":"https:\/\/api.w.org\/{rel}","templated":true}]}}