{"id":759,"date":"2014-04-04T07:03:17","date_gmt":"2014-04-04T05:03:17","guid":{"rendered":"http:\/\/studieren-ohne-grenzen.org\/wordpress\/?page_id=759"},"modified":"2019-04-04T13:28:41","modified_gmt":"2019-04-04T11:28:41","slug":"stipendienprogramm","status":"publish","type":"page","link":"https:\/\/old.studieren-ohne-grenzen.org\/fr\/projekte\/tschetschenien-stipendienprogramm\/stipendienprogramm\/","title":{"rendered":"(Deutsch) Tch &#8211; 4. Stipendienprogramm"},"content":{"rendered":"<p>Die erste Vorauswahl der Bewerber und Bewerberinnen leitet unsere Korrespondentin in Tschetschenien in Zusammenarbeit mit Professoren und Professorinnen, sowie Mitarbeitern und Mitarbeiterinnen einiger NGOs vor Ort. Diese pr\u00fcfen vor allem aus welchem Umfeld die Bewerber und Bewerberinnen kommen.<\/p>\n<p>Die endg\u00fcltige Auswahl wird von unseren Auswahlkomitees in Konstanz und T\u00fcbingen getroffen. Dabei halten wir R\u00fccksprache mit den Universit\u00e4ten, um die Realisierbarkeit der Studienw\u00fcnsche sicherzustellen. In Zukunft sollen auch unabh\u00e4ngige Experten und Expertinnen die Bewerber und Bewerberinnen beurteilen.<\/p>\n<ul class='gdl-toggle-box'>\n<li class=''>\n<h2 class='toggle-box-title'><span class='toggle-box-icon'><\/span>Mehr \u00fcber das Stipendienprogramm Tschetschenien erfahren<\/h2>\n<div class='toggle-box-content'>\n<h4>Motivation und Reife spielen eine wichtige Rolle bei der Auswahl<\/h4>\n<p>Ausschlaggebend sind dabei der bisherige Werdegang, Reife, die Motivation und vor allem die Qualit\u00e4t des vorgeschlagenen Projektes, mit dem die Bewerber und Bewerberinnen zu dem Wiederaufbau ihrer Heimat beitragen m\u00f6chten. Wichtige Kriterien f\u00fcr die Beurteilung des Projektes sind dessen N\u00fctzlichkeit und Realisierbarkeit sowie die tats\u00e4chliche Notwendigkeit, zur Umsetzung des Projektes \u00fcber eine Qualifikation zu verf\u00fcgen, die man in Tschetschenien nicht erwerben kann.<\/p>\n<h4>Die Einreise erfordert Logistik<\/h4>\n<p>Um den Stipendiaten und Stipendiatinnen den Erhalt des Visums zu garantieren, m\u00fcssen wir eine Voreinschreibung an den Universit\u00e4ten vornehmen, eine Unterkunft bereitstellen, alle n\u00f6tigen Versicherungen abschlie\u00dfen und den erforderlichen Betrag von 7.020 Euro pro Student oder Studentin und Jahr nachweisen. Hierf\u00fcr haben wir uns ebenfalls die Unterst\u00fctzung durch die Universit\u00e4ten gesichert, was vieles erleichtert.<\/p>\n<h4>Der Aufenthalt der Stipendiaten und Stipendiatinnen<\/h4>\n<p>W\u00e4hrend des Aufenthaltes in Deutschland werden die Stipendiaten und Stipendiatinnen umfangreich von uns betreut. Wir unterst\u00fctzen sie bei dem Erlernen der Sprache, bei der Integration, beim Studium und bei der Vorbereitung ihrer Projekte. Au\u00dferdem versuchen wir den interkulturellen Austausch zu f\u00f6rdern.<\/p>\n<h4>Ohne Sprachtest kein Studium<\/h4>\n<p>Mit Hilfe eines sechsmonatigen Intensivsprachkurses sollen die Stipendiaten und Stipendiatinnen, die f\u00fcr die Einschreibung an der Universit\u00e4t erforderlichen Deutschkenntnisse erwerben. Au\u00dferdem k\u00fcmmern wir uns um Sprachtandempartner und f\u00f6rdern den Spracherwerb auch nach Beginn des Studiums.<\/p>\n<h4>Mit Integration f\u00e4ngt alles an<\/h4>\n<p>Um den tschetschenischen Studenten und Studentinnen die Integration in Deutschland zu erleichtern, unterst\u00fctzen wir sie von Anfang an bei s\u00e4mtlichen administrativen Angelegenheiten und der Eingew\u00f6hnung in den Universit\u00e4tsalltag. Alle Stipendiaten und Stipendiatinnen werden jeweils durch ein Tutorenteam betreut, das st\u00e4ndig f\u00fcr sie erreichbar und in allen Angelegenheiten ihr Ansprechpartner ist.<\/p>\n<h4>Die Umsetzung der Projekte erfordert praktische Erfahrungen<\/h4>\n<p>Wir organisieren professionelle Unterst\u00fctzung bei der Ausarbeitung der vorgeschlagenen Projekte. Darunter f\u00e4llt auch die Vermittlung geeigneter Praktika w\u00e4hrend der Semesterferien, durch welche die Stipendiaten und Stipendiatinnen praktische Erfahrungen zur Umsetzung ihrer Projekte erwerben k\u00f6nnen.<\/p>\n<h4>Auch die hiesige Gesellschaft kann profitieren<\/h4>\n<p>Bei Interesse k\u00f6nnen sich die Stipendiaten und Stipendiatinnen an der Arbeit des Vereins beteiligen und zur F\u00f6rderung des interkulturellen Austauschs beitragen, indem sie beispielsweise an Veranstaltungen zur Sensibilisierung der \u00d6ffentlichkeit mitwirken.<\/p>\n<p>Au\u00dferdem werden gemeinsame Unternehmungen von Stipendiaten und Stipendiatinnen, sowie den Vereinsmitgliedern organisiert. Dabei geht es auch um Informationen \u00fcber die Geschichte, Kultur und Gesellschaft Deutschlands und Europas.<\/p>\n<p>Neben dem Stipendienprogramm werden im Rahmen des Projekts Books To Grozny die Universit\u00e4tsbibliotheken in Grosny mit aktueller Fachliteratur ausgestattet. Von Anfang an werden Studenten und Studentinnen, sowie Universit\u00e4tsmitarbeiter und Universit\u00e4tsmitarbeiterinnen der tschetschenischen Seite in die Planung mit einbezogen.\n<\/p><\/div>\n<\/li>\n<\/ul>\n<p><\/p>","protected":false},"excerpt":{"rendered":"<p>Die erste Vorauswahl der Bewerber und Bewerberinnen leitet unsere Korrespondentin in Tschetschenien in Zusammenarbeit mit Professoren und Professorinnen, sowie Mitarbeitern und Mitarbeiterinnen einiger NGOs vor Ort. Diese pr\u00fcfen vor allem aus welchem Umfeld die Bewerber und Bewerberinnen kommen. Die endg\u00fcltige Auswahl wird von unseren Auswahlkomitees in Konstanz und T\u00fcbingen getroffen. Dabei halten wir R\u00fccksprache mit den Universit\u00e4ten, um die Realisierbarkeit der Studienw\u00fcnsche sicherzustellen. In Zukunft sollen auch unabh\u00e4ngige Experten und Expertinnen die Bewerber und Bewerberinnen beurteilen.<\/p>\n","protected":false},"author":29,"featured_media":0,"parent":190,"menu_order":0,"comment_status":"open","ping_status":"closed","template":"","meta":{"ngg_post_thumbnail":0},"_links":{"self":[{"href":"https:\/\/old.studieren-ohne-grenzen.org\/fr\/wp-json\/wp\/v2\/pages\/759"}],"collection":[{"href":"https:\/\/old.studieren-ohne-grenzen.org\/fr\/wp-json\/wp\/v2\/pages"}],"about":[{"href":"https:\/\/old.studieren-ohne-grenzen.org\/fr\/wp-json\/wp\/v2\/types\/page"}],"author":[{"embeddable":true,"href":"https:\/\/old.studieren-ohne-grenzen.org\/fr\/wp-json\/wp\/v2\/users\/29"}],"replies":[{"embeddable":true,"href":"https:\/\/old.studieren-ohne-grenzen.org\/fr\/wp-json\/wp\/v2\/comments?post=759"}],"version-history":[{"count":25,"href":"https:\/\/old.studieren-ohne-grenzen.org\/fr\/wp-json\/wp\/v2\/pages\/759\/revisions"}],"predecessor-version":[{"id":8425,"href":"https:\/\/old.studieren-ohne-grenzen.org\/fr\/wp-json\/wp\/v2\/pages\/759\/revisions\/8425"}],"up":[{"embeddable":true,"href":"https:\/\/old.studieren-ohne-grenzen.org\/fr\/wp-json\/wp\/v2\/pages\/190"}],"wp:attachment":[{"href":"https:\/\/old.studieren-ohne-grenzen.org\/fr\/wp-json\/wp\/v2\/media?parent=759"}],"curies":[{"name":"wp","href":"https:\/\/api.w.org\/{rel}","templated":true}]}}