{"id":714,"date":"2014-03-31T18:54:12","date_gmt":"2014-03-31T16:54:12","guid":{"rendered":"http:\/\/studieren-ohne-grenzen.org\/wordpress\/?page_id=714"},"modified":"2020-10-30T12:30:04","modified_gmt":"2020-10-30T11:30:04","slug":"stipendienprogramm","status":"publish","type":"page","link":"https:\/\/old.studieren-ohne-grenzen.org\/fr\/projekte\/dr-kongo-mweso\/stipendienprogramm\/","title":{"rendered":"Mweso- Programme de bourse"},"content":{"rendered":"<p>En 2010 le programme de bourse Mweso a \u00e9t\u00e9 lanc\u00e9 par SOG \u00e0 Berlin. Depuis ce moment-l\u00e0 117 congolais et congolaises motiv\u00e9s ont pu commencer des \u00e9tudes \u00e0 l\u2019institut agricole au Mweso. Jusqu\u2019en 2013 53 boursiers ont termin\u00e9 leurs \u00e9tudes, dont quelques \u2019un avec distinction.<\/p>\n<ul class='gdl-toggle-box'>\n<li class=''>\n<h2 class='toggle-box-title'><span class='toggle-box-icon'><\/span>Transmission des connaissances<\/h2>\n<div class='toggle-box-content'>\n<p>Un facteur cl\u00e9 pour l\u2019obtention de la bourse est, en dehors de la motivation personnelle de commencer des \u00e9tudes, la conception d\u2019un projet social, avec lequel ils peuvent en tant que multiplicateurs de connaissances participer \u00e0 la reconstruction de leur r\u00e9gion. Les projets sont pr\u00e9par\u00e9s en coop\u00e9ration avec notre partenaire CADEP tout au long des \u00e9tudes. Apr\u00e8s diplomation, ces projets sont ex\u00e9cut\u00e9s. Les propositions de projet vont de l\u2019empowerment des victimes de viol, aux s\u00e9minaires sur la culture de l\u00e9gumes, l\u2019\u00e9levage de poules pour lutter contre le manque de prot\u00e9ines, jusqu\u2019\u00e0 un projet sur la culture d\u2019eucalyptus contre l\u2019\u00e9rosion du sol et le d\u00e9boisement. Quelques projets comme par exemple la fondation d\u2019une coop\u00e9rative agricole sont d\u00e9j\u00e0 r\u00e9alis\u00e9s pendant les \u00e9tudes. Le but ultime est de cr\u00e9er une base de d\u00e9veloppement long-terme qui va aboutir dans l\u2019utilisation effective du potentiel agricole de la r\u00e9gion. L\u2019\u00e9ducation devient ici un facteur cl\u00e9 du d\u00e9veloppement durable.<\/p>\n<\/div>\n<\/li>\n<li class=''>\n<h2 class='toggle-box-title'><span class='toggle-box-icon'><\/span>La prise en charge des boursiers au Mweso<\/h2>\n<div class='toggle-box-content'>\n<p>Le programme de bourse du SOG est coordonn\u00e9 ensemble avec nos partenaires locaux par CADEC depuis Goma. Depuis l\u2019Allemagne le programme est encadr\u00e9 par des groupes locaux depuis Aachen et Berlin. Des t\u00e2ches centrales sont le processus de s\u00e9lection annuelle des boursiers, la communication avec CADEP et la communaut\u00e9 de boursiers d\u2019autant que l\u2019accompagnement des parrains et des relations publiques. A c\u00f4t\u00e9 de cela il y a aussi de nouveaux enjeux et projets comme la cr\u00e9ation et la coordination d\u2019un r\u00e9seau d\u2019alumni pour les anciens boursiers ou l\u2019accolage du b\u00e2timent de l\u2019Institut \u00e0 l\u2019alimentation en courant et \u00e0 l\u2019internet pour cr\u00e9er une meilleure base de communication.\u00a0 Nous pensons aussi \u00e0 faire des workshops r\u00e9guliers en coop\u00e9ration avec CADEP au Mweso sous mod\u00e9ration d\u2019organisations non-gouvernementales qui ont beaucoup d\u2019exp\u00e9rience dans ce domaine. Dans ce cadre les boursiers acqui\u00e8rent des connaissances quant au management de projet, m\u00e9diation de conflits, la microfinance et aux connaissances informatiques.<\/p>\n<\/div>\n<\/li>\n<li class=''>\n<h2 class='toggle-box-title'><span class='toggle-box-icon'><\/span>Promotion des femmes<\/h2>\n<div class='toggle-box-content'>Dans le cadre d\u2019appels d\u2019offres sp\u00e9ciaux et des campagnes de sensibilisation, il y en a quelques bourses qui sont attribu\u00e9s exclusivement aux femmes pour garantir un quota de 40% de femmes et de donner \u00e9galement aux jeunes femmes la possibilit\u00e9 d\u2019effectuer des \u00e9tudes. En plus ce th\u00e8me est aussi trait\u00e9 dans le cadre des workshops pour renforcer la compr\u00e9hension et la conscience quant \u00e0 l\u2019\u00e9galit\u00e9 des genres.<\/p>\n<\/div>\n<\/li>\n<\/ul>\n<p><\/p>","protected":false},"excerpt":{"rendered":"<p>En 2010 le programme de bourse Mweso a \u00e9t\u00e9 lanc\u00e9 par SOG \u00e0 Berlin. Depuis ce moment-l\u00e0 117 congolais et congolaises motiv\u00e9s ont pu commencer des \u00e9tudes \u00e0 l\u2019institut agricole au Mweso. Jusqu\u2019en 2013 53 boursiers ont termin\u00e9 leurs \u00e9tudes, dont quelques \u2019un avec distinction.<\/p>\n","protected":false},"author":26,"featured_media":0,"parent":188,"menu_order":1,"comment_status":"open","ping_status":"closed","template":"","meta":{"ngg_post_thumbnail":0},"_links":{"self":[{"href":"https:\/\/old.studieren-ohne-grenzen.org\/fr\/wp-json\/wp\/v2\/pages\/714"}],"collection":[{"href":"https:\/\/old.studieren-ohne-grenzen.org\/fr\/wp-json\/wp\/v2\/pages"}],"about":[{"href":"https:\/\/old.studieren-ohne-grenzen.org\/fr\/wp-json\/wp\/v2\/types\/page"}],"author":[{"embeddable":true,"href":"https:\/\/old.studieren-ohne-grenzen.org\/fr\/wp-json\/wp\/v2\/users\/26"}],"replies":[{"embeddable":true,"href":"https:\/\/old.studieren-ohne-grenzen.org\/fr\/wp-json\/wp\/v2\/comments?post=714"}],"version-history":[{"count":53,"href":"https:\/\/old.studieren-ohne-grenzen.org\/fr\/wp-json\/wp\/v2\/pages\/714\/revisions"}],"predecessor-version":[{"id":9465,"href":"https:\/\/old.studieren-ohne-grenzen.org\/fr\/wp-json\/wp\/v2\/pages\/714\/revisions\/9465"}],"up":[{"embeddable":true,"href":"https:\/\/old.studieren-ohne-grenzen.org\/fr\/wp-json\/wp\/v2\/pages\/188"}],"wp:attachment":[{"href":"https:\/\/old.studieren-ohne-grenzen.org\/fr\/wp-json\/wp\/v2\/media?parent=714"}],"curies":[{"name":"wp","href":"https:\/\/api.w.org\/{rel}","templated":true}]}}