{"id":655,"date":"2014-03-26T20:30:56","date_gmt":"2014-03-26T19:30:56","guid":{"rendered":"http:\/\/studieren-ohne-grenzen.org\/wordpress\/?page_id=655"},"modified":"2017-11-12T20:44:50","modified_gmt":"2017-11-12T19:44:50","slug":"hintergrund","status":"publish","type":"page","link":"https:\/\/old.studieren-ohne-grenzen.org\/fr\/projekte\/dr-kongo-mweso\/hintergrund\/","title":{"rendered":"G\u00e9n\u00e9ralit\u00e9s"},"content":{"rendered":"<p>La r\u00e9gion du Nordkivu se trouve \u00e0 l\u2019est de la R\u00e9publique d\u00e9mocratique du Congo. Cette r\u00e9gion si bien connue dans les m\u00e9dias, notamment pour les conflits int\u00e9rieurs, est une r\u00e9gion avec de nombreuses apparences. On peut y trouver des terres f\u00e9condes, un climat agr\u00e9able et une grande diversit\u00e9 ethnique, mais pourtant \u00e9galement un pass\u00e9 violent avec des milices, la fuite, la faim et la pauvret\u00e9. A environ 100 km, dans le nord du chef-lieu Goma se trouve Mweso. Ce lieu se situe sur un pleateau, qui gr\u00e2ce \u00e0 sa richesse en terme de ressources et sa beaut\u00e9, est aussi appel\u00e9 la \u00ab\u00a0Suisse de l\u2019Afrique\u00a0\u00bb.<\/p>\n<p>&nbsp;<\/p>\n<ul class='gdl-toggle-box'>\n<li class=''>\n<h2 class='toggle-box-title'><span class='toggle-box-icon'><\/span>La situation dans le Nord-kivu<\/h2>\n<div class='toggle-box-content'>\n<p>M\u00eame apr\u00e8s les guerres congolaises, il y a depuis 2009 des groupes de rebelles et des conflits entre les milices, qui causent des perturbations dans la r\u00e9gion du Mweso. Incertitudes alimentaires, abus des ressources et d\u00e9boisement mettent la population en p\u00e9ril et promettent un engrenage de la violence qui semble difficile \u00e0 rompre. Pendant les conflits entre le mouvement M-23 et l\u2019arm\u00e9e congolaise DARDC, il y a eu des d\u00e9pr\u00e9dations au Mweso entrainant la fuite des habitants. Peu de temps apr\u00e8s il a \u00e9t\u00e9 possible de rouvrir l\u2019Institut Sup\u00e9rieure d\u2019Etudes Agronomiques (ISEA) ayant \u00e9t\u00e9 temporairement ferm\u00e9. Apr\u00e8s de nouveaux tumultes fin d\u2019\u00e9t\u00e9 2013, pendant lesquels la r\u00e9gion a \u00e9t\u00e9 temporairement coup\u00e9e de toute communication avec Goma, la FARDC a r\u00e9ussi \u00e0 d\u00e9sarmer la milice M-23 avec l\u2019aide de la mission de maintien de la paix des Nations Unis MONUSCO. Malgr\u00e9 le fait que des conflits isol\u00e9s surgissent de temps en temps dans la r\u00e9gion du Mweso\/Masisi, la situation s\u2019est beaucoup calm\u00e9e.\n<\/p><\/div>\n<\/li>\n<li class=''>\n<h2 class='toggle-box-title'><span class='toggle-box-icon'><\/span>Situation agricole<\/h2>\n<div class='toggle-box-content'>\n<p>Bien que les conditions naturelles ne soient pas une raison pour le manque agroalimentaire, les vingt ans de conflits r\u00e9currents font que la r\u00e9gion se base essentiellement sur l\u2019\u00e9conomie de subsistance. Les connaissances perdues d\u2019une g\u00e9n\u00e9ration enti\u00e8re, le d\u00e9boisement d\u2019une grande partie du territoire, le manque d\u2019un acc\u00e8s local au march\u00e9 et l\u2019abus de capital humain dans les mines ont abouti dans une d\u00e9gradation des structures agricoles dans la r\u00e9gion du Mweso. La fuite et l\u2019expulsion ont \u00e9galement un grand impact sur les structures socio-\u00e9conomiques.<\/p>\n<p>L\u2019\u00e9ducation agronomique de la population a donc une grande importance pour la reconstruction du secteur agricole de mani\u00e8re pacifique et \u00e9conomiquement stable. Viateur Mujogo, fondateur et coordinateur ex\u00e9cutif de CADEP s\u2019exprime sur le sujet: \u201eLes fermiers sont l\u2019\u00e9chine du Nordkivu. En tant qu\u2019acteur du changement, ils forment le correctif le plus effectif contre la sous-alimentation et la marginalisation de la r\u00e9gion.\u00a0\u00bb<\/p>\n<p>Avec notre programme de bourse SOG reprend se point important. Avec la promotion d\u2019\u00e9tudes de 3 ans \u00e0 l\u2019ISEA, nous permettons aux jeunes de et des alentours du Mweso une \u00e9ducation sup\u00e9rieure agricole, pour qu\u2019ils puissent promouvoir le d\u00e9veloppement agricole de leur r\u00e9gion.\n<\/p><\/div>\n<\/li>\n<\/ul>\n<p><\/p>","protected":false},"excerpt":{"rendered":"<p>La r\u00e9gion du Nordkivu se trouve \u00e0 l\u2019est de la R\u00e9publique d\u00e9mocratique du Congo. Cette r\u00e9gion si bien connue dans les m\u00e9dias, notamment pour les conflits int\u00e9rieurs, est une r\u00e9gion avec de nombreuses apparences. On peut y trouver des terres f\u00e9condes, un climat agr\u00e9able et une grande diversit\u00e9 ethnique, mais pourtant \u00e9galement un pass\u00e9 violent avec des milices, la fuite, la faim et la pauvret\u00e9. A environ 100 km, dans le nord du chef-lieu Goma se trouve Mweso. Ce lieu se situe sur un pleateau, qui gr\u00e2ce \u00e0 sa richesse en terme de ressources et sa beaut\u00e9, est aussi appel\u00e9 la \u00ab\u00a0Suisse de l\u2019Afrique\u00a0\u00bb. &nbsp;<\/p>\n","protected":false},"author":26,"featured_media":0,"parent":188,"menu_order":0,"comment_status":"open","ping_status":"closed","template":"","meta":{"ngg_post_thumbnail":0},"_links":{"self":[{"href":"https:\/\/old.studieren-ohne-grenzen.org\/fr\/wp-json\/wp\/v2\/pages\/655"}],"collection":[{"href":"https:\/\/old.studieren-ohne-grenzen.org\/fr\/wp-json\/wp\/v2\/pages"}],"about":[{"href":"https:\/\/old.studieren-ohne-grenzen.org\/fr\/wp-json\/wp\/v2\/types\/page"}],"author":[{"embeddable":true,"href":"https:\/\/old.studieren-ohne-grenzen.org\/fr\/wp-json\/wp\/v2\/users\/26"}],"replies":[{"embeddable":true,"href":"https:\/\/old.studieren-ohne-grenzen.org\/fr\/wp-json\/wp\/v2\/comments?post=655"}],"version-history":[{"count":39,"href":"https:\/\/old.studieren-ohne-grenzen.org\/fr\/wp-json\/wp\/v2\/pages\/655\/revisions"}],"predecessor-version":[{"id":7125,"href":"https:\/\/old.studieren-ohne-grenzen.org\/fr\/wp-json\/wp\/v2\/pages\/655\/revisions\/7125"}],"up":[{"embeddable":true,"href":"https:\/\/old.studieren-ohne-grenzen.org\/fr\/wp-json\/wp\/v2\/pages\/188"}],"wp:attachment":[{"href":"https:\/\/old.studieren-ohne-grenzen.org\/fr\/wp-json\/wp\/v2\/media?parent=655"}],"curies":[{"name":"wp","href":"https:\/\/api.w.org\/{rel}","templated":true}]}}