{"id":511,"date":"2014-02-13T14:36:06","date_gmt":"2014-02-13T13:36:06","guid":{"rendered":"http:\/\/10006stud.outofscope-dev.com\/?page_id=511"},"modified":"2020-01-09T15:35:16","modified_gmt":"2020-01-09T14:35:16","slug":"hintergrund","status":"publish","type":"page","link":"https:\/\/old.studieren-ohne-grenzen.org\/fr\/projekte\/dr-kongo-kindu\/hintergrund\/","title":{"rendered":"RDC et Kindu: Contexte"},"content":{"rendered":"<p><\/p>\n<h3>La R\u00e9publique D\u00e9mocratique du Congo<\/h3>\n<p>La R\u00e9publique D\u00e9mocratique du Congo (RDC) est un pays d&rsquo;Afrique centrale dont la population se situe entre 62 et 77 millions d\u2019habitants. Une grande partie du pays est couverte par une for\u00eat tropicale et travers\u00e9e par le deuxi\u00e8me plus grand fleuve d\u2019Afrique, le fleuve Congo. Avec une surface de plus de 2.3 millions km\u00b2, la RDC a une superficie \u00e9quivalente \u00e0 77 fois celle de la Belgique.<\/p>\n<ul class='gdl-toggle-box'>\n<li class=''>\n<h2 class='toggle-box-title'><span class='toggle-box-icon'><\/span>En savoir plus sur l&rsquo;histoire de la RDC<\/h2>\n<div class='toggle-box-content'>\n<h4>Bref aper\u00e7u de l\u2019histoire du Congo<\/h4>\n<p>La r\u00e9gion du bassin du Congo est habit\u00e9e depuis plusieurs dizaines de milliers d\u2019ann\u00e9es. En plus des groupes tribaux indig\u00e8nes, des peuples Bantu d\u2019origine d\u2019Afrique de l\u2019Ouest s\u2019y sont \u00e9tablis par vague de migrations successives. Au XIVe si\u00e8cle, le royaume pr\u00e9colonial du Congo prosp\u00e9rait dans l\u2019ouest, environ un si\u00e8cle avant l\u2019arriv\u00e9e des Portugais dans l\u2019embouchure du Congo. Sans p\u00e9n\u00e9trer dans l\u2019int\u00e9rieur du pays, les Europ\u00e9ens se content\u00e8rent d\u2019\u00e9tablir un commerce d\u2019esclaves florissant le long de la c\u00f4te atlantique.<\/p>\n<p>Au cours de la colonisation europ\u00e9enne de l\u2019Afrique, la r\u00e9gion perdit son ind\u00e9pendance \u00e0 la suite de la conf\u00e9rence de Berlin en 1885, et fut ensuite syst\u00e9matiquement exploit\u00e9e comme propri\u00e9t\u00e9 priv\u00e9e du roi belge L\u00e9opold II. En 1908, L\u00e9opold II perdit le contr\u00f4le du Congo, entre autres \u00e0 la suite de protestations internationales contre les violences faites \u00e0 la population. C\u2019est ensuite l\u2019\u00c9tat belge qui assuma l\u2019administration coloniale, un pas qui n\u2019amena pas les am\u00e9liorations promis dans les conditions de vie de la population. En effet, l\u2019exploitation des produits agricoles et des ressources naturelles continu\u00e8rent durant les d\u00e9cennies suivantes.<br \/>\nFrapp\u00e9 par la dynamique des mouvements d\u2019ind\u00e9pendance africains, le pouvoir colonial abandonna rapidement le pays vers la moiti\u00e9 de l\u2019ann\u00e9e 1960, sans avoir \u00e9tabli ou soutenu des structures pour une reconstruction sociale autonome ou une autogestion structur\u00e9e.<br \/>\nLes premi\u00e8res ann\u00e9es de l\u2019ind\u00e9pendance furent en cons\u00e9quence marqu\u00e9es par une situation d\u2019instabilit\u00e9 politique, que l\u2019on nomma Crise Congolaise. En 1965, le g\u00e9n\u00e9ral Joseph Mobutu prit le pouvoir par la force Dans le cadre de sa politique id\u00e9ologique de \u00ab l\u2019authenticit\u00e9 \u00bb, il renomma le pays \u00ab Za\u00efre \u00bb et \u00e9tablit une dictature brutale et corrompue, qui fut aussi soutenue par des pays de l\u2019Occident.<\/p>\n<p>En 1994, le g\u00e9nocide au Rwanda d\u00e9clencha des troubles consid\u00e9rables dans toute la r\u00e9gion des Grands Lacs et la population en souffre les cons\u00e9quences encore aujourd\u2019hui. Au cours de la Premi\u00e8re Guerre Congolaise, Mobutu fut renvers\u00e9 en 1997 et remplac\u00e9 par Laurent Kabila comme pr\u00e9sident de la nouvelle R\u00e9publique D\u00e9mocratique du Congo. Apr\u00e8s son assassinat en 2001, son fils Joseph Kabila prit ses fonctions, qu\u2019il occupe toujours apr\u00e8s les \u00e9lections de 2006 et 2011.<br \/>\nSelon plusieurs estimations, de 4 \u00e0 5,4 millions de vies furent perdues pendant les guerres congolaises jusqu\u2019en 2009. Dans les r\u00e9gions frontali\u00e8res de l\u2019est du pays \u2013 riches en ressources min\u00e9rales, mais pas enti\u00e8rement contr\u00f4l\u00e9es par l\u2019\u00c9tat \u2013 des groupes rebelles \u00e0 motivations diverses sont encore actifs. Sans cesse des hostilit\u00e9s reprennent. Fin 2013, le gouvernement central put repousser et d\u00e9sarmer la milice M-23 \u00e0 l\u2019aide de la mission des Nations Unis MONUSCO, mais une solution politique au conflit manque toujours. On ne peut pas non plus pr\u00e9voir les cons\u00e9quences \u00e0 long-terme des combats, qui ont dur\u00e9 des d\u00e9cennies, pour l\u2019environnement et la population civile.\n<\/p><\/div>\n<\/li>\n<\/ul>\n<p>&nbsp;<\/p>\n<ul class='gdl-toggle-box'>\n<li class=''>\n<h2 class='toggle-box-title'><span class='toggle-box-icon'><\/span>En savoir plus sur la situation de l&rsquo;education en RDC<\/h2>\n<div class='toggle-box-content'>\n<h4>La situation de l\u2019\u00e9ducation en RDC<\/h4>\n<p>En RDC, l\u2019instruction se fait dans des conditions tr\u00e8s difficiles pour les apprenants comme pour les professeurs et les structures \u00e9ducationnelles sont souvent rudimentaires. Ensemble avec le Niger, la RDC se trouve \u00e0 la 186\u00e8me place du Human Development Index de 2013. Bien s\u00fbr, avec une alphab\u00e9tisation de 67%, la RDC est bien devant des pays comme le Mali (46%) ou le Niger (29%), mais les conditions d\u2019instruction sont tr\u00e8s vari\u00e9es \u00e0 travers le pays et souvent particuli\u00e8rement difficiles dans l\u2019est de la RDC.<br \/>\nAux c\u00f4t\u00e9s des neuf universit\u00e9s d\u2019\u00c9tat, il existe une pluralit\u00e9 d\u2019\u00e9coles sup\u00e9rieures en RDC. Du fait du prix \u00e9lev\u00e9 des \u00e9tudes compar\u00e9 au salaire moyen, l\u2019acc\u00e8s aux universit\u00e9s est limit\u00e9 \u00e0 une petite partie de la population. M\u00eame la formation scolaire primaire n\u2019est pas garantie. Les taxes \u00e9lev\u00e9es emp\u00eachent beaucoup d\u2019enfants d\u2019aller \u00e0 l\u2019\u00e9cole, sp\u00e9cialement les filles des familles d\u00e9favoris\u00e9es (Worldbank, WDR Gender Equality and Development 2012, S. 74). De plus, environ 40% des enfants de 5 \u00e0 15 ans sont forc\u00e9s de travailler malgr\u00e9 leur \u00e2ge.<br \/>\nAu niveau universitaire, la double charge des \u00e9tudes et du co\u00fbt de la vie conduit jusqu\u2019\u00e0 50% des \u00e9tudiants \u00e0 abandonner leurs \u00e9tudes avant leur aboutissement. Un affermissement du secteur universitaire facilite le d\u00e9veloppement de structures sociales et \u00e9conomiques durables, et offre une perspective positive pour une population lass\u00e9e de la guerre dans les provinces instables de l\u2019est du pays.\n<\/p><\/div>\n<\/li>\n<\/ul>\n<p>&nbsp;<\/p>\n<h3>Kindu \u2013 Capitale de la province du Maniema<\/h3>\n<p>Kindu est la capitale de la province du Maniema dans l\u2019est de la RDC. C&rsquo;est un centre r\u00e9gional, commercial et administratif qui poss\u00e8de plusieurs \u00e9coles et \u00e9coles sup\u00e9rieures. La ville est situ\u00e9e sur les bords du Lualaba, le cours sup\u00e9rieur du fleuve Congo qui est navigable en barque d\u2019ici jusqu\u2019aux environs de Kisangani en aval. La majorit\u00e9 de la population adh\u00e8re \u00e0 une confession chr\u00e9tienne. La langue nationale, en plus de la langue officielle fran\u00e7aise, est le Kiswahili.<\/p>\n<ul class='gdl-toggle-box'>\n<li class=''>\n<h2 class='toggle-box-title'><span class='toggle-box-icon'><\/span>En savoir plus sur la ville de Kindu<\/h2>\n<div class='toggle-box-content'>\n<h4>La ville de Kindu<\/h4>\n<p>Situ\u00e9e \u00e0 l\u2019est de la R\u00e9publique D\u00e9mocratique du Congo, la ville de Kindu est la capitale de la province du Maniema, cr\u00e9e en 1988 \u00e0 la suite de la partition de l\u2019ancienne province du Kivu. Elle souffrit s\u00e9rieusement des cons\u00e9quences des guerres entre 1996 et 2003. Pendant une dur\u00e9e de cinq ans, de larges parties de Kindu ont \u00e9t\u00e9 occup\u00e9es par diff\u00e9rents groupes rebelles.<br \/>\nMalgr\u00e9 une population de presque 200.000 habitants, une grande partie de Kindu a un caract\u00e8re rural. Il n\u2019y a que dans le centre-ville o\u00f9 l\u2019on peut trouver quelques rues bord\u00e9es de maisons de pierre avec plusieurs \u00e9tages, ainsi que de nombreux magasins et un march\u00e9 tr\u00e8s anim\u00e9. Le b\u00e2timent moderne de l\u2019Universit\u00e9 de Kindu se trouve \u00e9galement dans cette partie de la ville.<br \/>\nLes motos sont le moyen de transport le plus r\u00e9pandu et sont typiques de l\u2019image des rues. Les voitures sont rares et appartiennent souvent \u00e0 des organisations internationales qui sont repr\u00e9sent\u00e9es en grand nombre \u00e0 Kindu. La pr\u00e9sence internationale est intensifi\u00e9e par la mission de maintien de la paix de l\u2019ONU (MONUSCO), qui supervise la garde de l\u2019a\u00e9roport international de Kindu, un endroit d\u2019une haute importance strat\u00e9gique.<br \/>\nLa pauvret\u00e9 et le ch\u00f4mage sont tr\u00e8s accentu\u00e9s \u00e0 Kindu, et les infrastructures sont extr\u00eamement pr\u00e9caires. Du fait de l\u2019acheminement difficile des marchandises, tout ce qui n\u2019est pas produits localement est tr\u00e8s chers. Une grande partie de la population reste encore mal-aliment\u00e9e. De plus, le r\u00e9seau \u00e9lectrique ainsi que le syst\u00e8me d\u2019approvisionnement en eau sont irr\u00e9guliers \u00e0 Kindu, et beaucoup des personnes n\u2019ont acc\u00e8s ni \u00e0 l\u2019\u00e9lectricit\u00e9 ni \u00e0 l\u2019eau potable.\n<\/p><\/div>\n<\/li>\n<\/ul>\n<ul class='gdl-toggle-box'>\n<li class=''>\n<h2 class='toggle-box-title'><span class='toggle-box-icon'><\/span>En savoir plus sur l&rsquo;enseignement sup\u00e9rieur \u00e0 Kindu<\/h2>\n<div class='toggle-box-content'>\n<h4>Les \u00e9coles sup\u00e9rieures \u00e0 Kindu<\/h4>\n<p>A Kindu, il y a une universit\u00e9 publique et plusieurs \u00e9coles sup\u00e9rieures priv\u00e9es ou religieuses.<br \/>\nL\u2019Universit\u00e9 de Kindu (Uniki) est situ\u00e9e dans le centre-ville de Kindu et est op\u00e9r\u00e9e par l\u2019\u00c9tat. Elle est form\u00e9e de cinq facult\u00e9s : Droit, \u00c9conomie, Agronomie, M\u00e9decine, et Sciences Sociales. Une partie des professeurs de l\u2019Uniki vient \u00e0 Kindu pour la dur\u00e9e des cours par avion de Kinshasa ou Lubumbashi. Cela augmente certainement le co\u00fbt des \u00e9tudes, mais cela \u00e9l\u00e8ve aussi le prestige des dipl\u00f4mes obtenus \u00e0 l\u2019Uniki. Bien que l\u2019universit\u00e9 ait \u00e9t\u00e9 dot\u00e9e de b\u00e2timents modernes r\u00e9cemment, l\u2019\u00e9quipement informatique et la collection des ouvrages pr\u00e9sents dans la biblioth\u00e8que ont encore besoin d\u2019\u00eatre am\u00e9lior\u00e9s.<br \/>\nEn plus de l\u2019Uniki, il existe plusieurs instituts sup\u00e9rieurs avec un profil technique ou p\u00e9dagogique. Ils offrent un large spectre de cours, couvrants la plupart des mati\u00e8res disponibles \u00e0 l\u2019Uniki, mais compl\u00e9tant aussi son curriculum, par exemple dans le domaine de la formation p\u00e9dagogique.\n<\/p><\/div>\n<\/li>\n<\/ul>\n<p><\/p>","protected":false},"excerpt":{"rendered":"<p>La R\u00e9publique D\u00e9mocratique du Congo La R\u00e9publique D\u00e9mocratique du Congo (RDC) est un pays d&rsquo;Afrique centrale dont la population se situe entre 62 et 77 millions d\u2019habitants. Une grande partie du pays est couverte par une for\u00eat tropicale et travers\u00e9e par le deuxi\u00e8me plus grand fleuve d\u2019Afrique, le fleuve Congo. Avec une surface de plus de 2.3 millions km\u00b2, la RDC a une superficie \u00e9quivalente \u00e0 77 fois celle de la Belgique. &nbsp; &nbsp; Kindu \u2013 Capitale de la province du Maniema Kindu est la capitale de la province du Maniema dans l\u2019est de la RDC. C&rsquo;est un centre r\u00e9gional, commercial et administratif qui poss\u00e8de plusieurs \u00e9coles et \u00e9coles sup\u00e9rieures. La ville est situ\u00e9e sur les bords du Lualaba, le cours sup\u00e9rieur du fleuve Congo qui est navigable en barque d\u2019ici jusqu\u2019aux environs de Kisangani en aval. La majorit\u00e9 de la population adh\u00e8re \u00e0 une confession chr\u00e9tienne. La langue nationale, en plus de la langue officielle fran\u00e7aise, est le Kiswahili.<\/p>\n","protected":false},"author":25,"featured_media":0,"parent":186,"menu_order":0,"comment_status":"open","ping_status":"closed","template":"","meta":{"ngg_post_thumbnail":0},"_links":{"self":[{"href":"https:\/\/old.studieren-ohne-grenzen.org\/fr\/wp-json\/wp\/v2\/pages\/511"}],"collection":[{"href":"https:\/\/old.studieren-ohne-grenzen.org\/fr\/wp-json\/wp\/v2\/pages"}],"about":[{"href":"https:\/\/old.studieren-ohne-grenzen.org\/fr\/wp-json\/wp\/v2\/types\/page"}],"author":[{"embeddable":true,"href":"https:\/\/old.studieren-ohne-grenzen.org\/fr\/wp-json\/wp\/v2\/users\/25"}],"replies":[{"embeddable":true,"href":"https:\/\/old.studieren-ohne-grenzen.org\/fr\/wp-json\/wp\/v2\/comments?post=511"}],"version-history":[{"count":40,"href":"https:\/\/old.studieren-ohne-grenzen.org\/fr\/wp-json\/wp\/v2\/pages\/511\/revisions"}],"predecessor-version":[{"id":8983,"href":"https:\/\/old.studieren-ohne-grenzen.org\/fr\/wp-json\/wp\/v2\/pages\/511\/revisions\/8983"}],"up":[{"embeddable":true,"href":"https:\/\/old.studieren-ohne-grenzen.org\/fr\/wp-json\/wp\/v2\/pages\/186"}],"wp:attachment":[{"href":"https:\/\/old.studieren-ohne-grenzen.org\/fr\/wp-json\/wp\/v2\/media?parent=511"}],"curies":[{"name":"wp","href":"https:\/\/api.w.org\/{rel}","templated":true}]}}