{"id":4675,"date":"2016-03-22T16:04:47","date_gmt":"2016-03-22T15:04:47","guid":{"rendered":"https:\/\/www.studieren-ohne-grenzen.org\/?page_id=4675"},"modified":"2018-03-03T13:47:57","modified_gmt":"2018-03-03T12:47:57","slug":"projekt-action-forum","status":"publish","type":"page","link":"https:\/\/old.studieren-ohne-grenzen.org\/fr\/projekte\/sri-lanka\/projekt-action-forum\/","title":{"rendered":"(Deutsch) Sri &#8211; Projekt \u00ab\u00a0Action Forum\u00a0\u00bb"},"content":{"rendered":"<p class=\"qtranxs-available-languages-message qtranxs-available-languages-message-fr\">D\u00e9sol\u00e9, cet article est seulement disponible en <a href=\"https:\/\/old.studieren-ohne-grenzen.org\/de\/wp-json\/wp\/v2\/pages\/4675\" class=\"qtranxs-available-language-link qtranxs-available-language-link-de\" title=\"Deutsch\">Allemand<\/a> et <a href=\"https:\/\/old.studieren-ohne-grenzen.org\/en\/wp-json\/wp\/v2\/pages\/4675\" class=\"qtranxs-available-language-link qtranxs-available-language-link-en\" title=\"English\">Anglais Am\u00e9ricain<\/a>.<\/p>","protected":false},"excerpt":{"rendered":"<p>D\u00e9sol\u00e9, cet article est seulement disponible en Allemand et Anglais Am\u00e9ricain.<\/p>\n","protected":false},"author":38,"featured_media":0,"parent":770,"menu_order":0,"comment_status":"closed","ping_status":"closed","template":"","meta":{"ngg_post_thumbnail":0},"_links":{"self":[{"href":"https:\/\/old.studieren-ohne-grenzen.org\/fr\/wp-json\/wp\/v2\/pages\/4675"}],"collection":[{"href":"https:\/\/old.studieren-ohne-grenzen.org\/fr\/wp-json\/wp\/v2\/pages"}],"about":[{"href":"https:\/\/old.studieren-ohne-grenzen.org\/fr\/wp-json\/wp\/v2\/types\/page"}],"author":[{"embeddable":true,"href":"https:\/\/old.studieren-ohne-grenzen.org\/fr\/wp-json\/wp\/v2\/users\/38"}],"replies":[{"embeddable":true,"href":"https:\/\/old.studieren-ohne-grenzen.org\/fr\/wp-json\/wp\/v2\/comments?post=4675"}],"version-history":[{"count":8,"href":"https:\/\/old.studieren-ohne-grenzen.org\/fr\/wp-json\/wp\/v2\/pages\/4675\/revisions"}],"predecessor-version":[{"id":7550,"href":"https:\/\/old.studieren-ohne-grenzen.org\/fr\/wp-json\/wp\/v2\/pages\/4675\/revisions\/7550"}],"up":[{"embeddable":true,"href":"https:\/\/old.studieren-ohne-grenzen.org\/fr\/wp-json\/wp\/v2\/pages\/770"}],"wp:attachment":[{"href":"https:\/\/old.studieren-ohne-grenzen.org\/fr\/wp-json\/wp\/v2\/media?parent=4675"}],"curies":[{"name":"wp","href":"https:\/\/api.w.org\/{rel}","templated":true}]}}