{"id":361,"date":"2014-01-20T15:43:53","date_gmt":"2014-01-20T13:43:53","guid":{"rendered":"http:\/\/10006stud.outofscope-dev.com\/?page_id=361"},"modified":"2023-11-11T11:55:34","modified_gmt":"2023-11-11T10:55:34","slug":"marburg","status":"publish","type":"page","link":"https:\/\/old.studieren-ohne-grenzen.org\/fr\/lokalgruppen\/marburg\/","title":{"rendered":"Marburg"},"content":{"rendered":"<p><\/p>\n<h2>Marburg<\/h2>\n<p>Herzlich wilkommen bei Studieren-ohne-Grenzen Marburg! Wir engagieren uns for Hochschulbildung in Konfliktgebieten. Durch Fundraising tragen wir zur Verbesserung der Bildungsinfrakstruktur bei. Dar\u00fcber hinaus\u00a0gestalten wir Veranstaltungen, die die deutsche \u00d6ffentlichkeit zur Lage unserer Zielregionen sensibilisieren. Mit unserer Arbeit wollen wir Studierende vor Ort unterst\u00fctzen, selbst\u00e4ndig zum Wiederaufbau ihrer Heimat beizutragen.<\/p>\n<p>Interessierte sind immer willkommen und erhalten Informationen unter <a href=\"mailto:marburg@studieren-ohne-grenzen.org\">marburg@studieren-ohne-grenzen.org<\/a>.<\/p>\n<p>Weitere aktuelle Infos auf unserer <a title=\"SOGMARBURG Facebook\" href=\"https:\/\/www.facebook.com\/SOGMarburg?fref=ts\">Facebookseite<\/a><\/p>\n<p>Wir freuen uns immer\u00a0\u00fcber motivierte Studierende aller Fachrichtungen, die Interesse haben, in verschiedenen Bereichen unserer Gruppe mitzuarbeiten.<\/p>\n<p><strong>Regul\u00e4re Treffen:<\/strong><\/p>\n<p>W\u00e4hrend des Sommersemesters 2015 treffen wir uns jeden Mittwoch um 18Uhr im Ketzerbach 11 (Fachschaftsraum).<\/p>\n<p>Falls ihr Interesse an der SOG-Arbeit in Marburg haben solltet seid ihr herzlich willkommen einfach zu unserem w\u00f6chentlichem Treffen zu kommen!<\/p>","protected":false},"excerpt":{"rendered":"<p>Marburg Herzlich wilkommen bei Studieren-ohne-Grenzen Marburg! Wir engagieren uns for Hochschulbildung in Konfliktgebieten. Durch Fundraising tragen wir zur Verbesserung der Bildungsinfrakstruktur bei. Dar\u00fcber hinaus\u00a0gestalten wir Veranstaltungen, die die deutsche \u00d6ffentlichkeit zur Lage unserer Zielregionen sensibilisieren. Mit unserer Arbeit wollen wir Studierende vor Ort unterst\u00fctzen, selbst\u00e4ndig zum Wiederaufbau ihrer Heimat beizutragen. Interessierte sind immer willkommen und erhalten Informationen unter marburg@studieren-ohne-grenzen.org. Weitere aktuelle Infos auf unserer Facebookseite Wir freuen uns immer\u00a0\u00fcber motivierte Studierende aller Fachrichtungen, die Interesse haben, in verschiedenen Bereichen unserer Gruppe mitzuarbeiten. Regul\u00e4re Treffen: W\u00e4hrend des Sommersemesters 2015 treffen wir uns jeden Mittwoch um 18Uhr im Ketzerbach 11 (Fachschaftsraum). Falls ihr Interesse an der SOG-Arbeit in Marburg haben solltet seid ihr herzlich willkommen einfach zu unserem w\u00f6chentlichem Treffen zu kommen!<\/p>\n","protected":false},"author":19,"featured_media":0,"parent":173,"menu_order":0,"comment_status":"open","ping_status":"closed","template":"","meta":{"ngg_post_thumbnail":0},"_links":{"self":[{"href":"https:\/\/old.studieren-ohne-grenzen.org\/fr\/wp-json\/wp\/v2\/pages\/361"}],"collection":[{"href":"https:\/\/old.studieren-ohne-grenzen.org\/fr\/wp-json\/wp\/v2\/pages"}],"about":[{"href":"https:\/\/old.studieren-ohne-grenzen.org\/fr\/wp-json\/wp\/v2\/types\/page"}],"author":[{"embeddable":true,"href":"https:\/\/old.studieren-ohne-grenzen.org\/fr\/wp-json\/wp\/v2\/users\/19"}],"replies":[{"embeddable":true,"href":"https:\/\/old.studieren-ohne-grenzen.org\/fr\/wp-json\/wp\/v2\/comments?post=361"}],"version-history":[{"count":37,"href":"https:\/\/old.studieren-ohne-grenzen.org\/fr\/wp-json\/wp\/v2\/pages\/361\/revisions"}],"predecessor-version":[{"id":10117,"href":"https:\/\/old.studieren-ohne-grenzen.org\/fr\/wp-json\/wp\/v2\/pages\/361\/revisions\/10117"}],"up":[{"embeddable":true,"href":"https:\/\/old.studieren-ohne-grenzen.org\/fr\/wp-json\/wp\/v2\/pages\/173"}],"wp:attachment":[{"href":"https:\/\/old.studieren-ohne-grenzen.org\/fr\/wp-json\/wp\/v2\/media?parent=361"}],"curies":[{"name":"wp","href":"https:\/\/api.w.org\/{rel}","templated":true}]}}