{"id":357,"date":"2014-10-28T01:10:42","date_gmt":"2014-10-28T00:10:42","guid":{"rendered":"http:\/\/10006stud.outofscope-dev.com\/?page_id=357"},"modified":"2023-11-11T11:54:53","modified_gmt":"2023-11-11T10:54:53","slug":"konstanz","status":"publish","type":"page","link":"https:\/\/old.studieren-ohne-grenzen.org\/fr\/lokalgruppen\/konstanz\/","title":{"rendered":"Konstanz"},"content":{"rendered":"<p><\/p>\n<h2>Konstanz<\/h2>\n<p>F\u00fcr alle H\u00f6rgenussfreudige Menschen findet diesen Sonntag (02.11), ein von der Lokalgruppe Konstanz organisiertes Klaviekonzert im Wolkensteinsaal statt (Beginn 15:00 Uhr). Es spielt der t\u00fcbinger Student und Pianist Carl Firle; Werke von Beethoven, Chopin und Prokofjew. Eintritt ist frei &#8211; Spenden sind jedoch gerne gesehen.<\/p>\n<p><a href=\"https:\/\/www.studieren-ohne-grenzen.org\/wp-content\/uploads\/2014\/10\/Flyer-R\u00fcckseite.jpg\"><img loading=\"lazy\" class=\"alignnone size-medium wp-image-2276\" src=\"https:\/\/www.studieren-ohne-grenzen.org\/wp-content\/uploads\/2014\/10\/Flyer-R\u00fcckseite-213x300.jpg\" alt=\"Flyer R\u00fcckseite\" width=\"355\" height=\"500\"><\/a><\/p>\n<p>F\u00fcr alle, die nicht nur unseren tollen Events beiwohnen wollen, sondern sich \u00fcberlegen aktiv unseren Verein mitzugestalten, organisieren wir dieses Semester einen Infoabend und zwar am 06.11 um 19h in D404:<\/p>\n<p><a href=\"https:\/\/www.studieren-ohne-grenzen.org\/wp-content\/uploads\/2014\/10\/R\u00fcckseite-fertig2-jpeg.jpg\"><img loading=\"lazy\" class=\"alignnone size-medium wp-image-2274\" src=\"https:\/\/www.studieren-ohne-grenzen.org\/wp-content\/uploads\/2014\/10\/R\u00fcckseite-fertig2-jpeg-300x300.jpg\" alt=\"R\u00fcckseite fertig2 jpeg\" width=\"400\" height=\"400\" srcset=\"https:\/\/old.studieren-ohne-grenzen.org\/wp-content\/uploads\/2014\/10\/R\u00fcckseite-fertig2-jpeg-300x300.jpg 300w, https:\/\/old.studieren-ohne-grenzen.org\/wp-content\/uploads\/2014\/10\/R\u00fcckseite-fertig2-jpeg-150x150.jpg 150w, https:\/\/old.studieren-ohne-grenzen.org\/wp-content\/uploads\/2014\/10\/R\u00fcckseite-fertig2-jpeg-1024x1024.jpg 1024w\" sizes=\"(max-width: 400px) 100vw, 400px\" \/><\/a><\/p>\n<p>Wer interessiert ist, ist jederzeit eingeladen, zu unseren <strong>w\u00f6chentlichen Treffen <strong>Montags, um 19 Uhr<\/strong> in Raum <strong>F426<\/strong> in der Uni zu kommen.<\/strong><\/p>\n<p>Fragen k\u00f6nnt ihr ihr gerne an <a href=\"mailto:konstanz@studieren-ohne-grenzen.org\">konstanz@studieren-ohne-grenzen.org<\/a> schicken.<\/p>\n<ul class='gdl-toggle-box'>\n<li class=''>\n<h2 class='toggle-box-title'><span class='toggle-box-icon'><\/span>Vergangene Veranstaltungen<\/h2>\n<div class='toggle-box-content'>\n<p>Laufen Ohne Grenzen am 30.06.2013<\/p>\n<p>Gespr\u00e4chsabend mit tschetschenischer Journalistin am 5.6.2013: \u00ab\u00a0Wenn Studieren zur Lebensgefahr wird &#8211; Die tschetschenische Journalistin Raisa erz\u00e4hlt\u00a0\u00bb<\/p>\n<p>Schlemmen und Feiern Ohne Grenzen am 17. Januar 2013 <\/p><\/div>\n<\/li>\n<\/ul>\n<h2>Konstanz<\/h2>\n<p>F\u00fcr alle H\u00f6rgenussfreudige Menschen findet diesen Sonntag (02.11), ein von der Lokalgruppe Konstanz organisiertes Klaviekonzert im Wolkensteinsaal statt (Beginn 15:00 Uhr). Es spielt der t\u00fcbinger Student und Pianist Carl Firle; Werke von Beethoven, Chopin und Prokofjew. Eintritt ist frei &#8211; Spenden sind jedoch gerne gesehen.<\/p>\n<p><a href=\"https:\/\/www.studieren-ohne-grenzen.org\/wp-content\/uploads\/2014\/10\/Flyer-R\u00fcckseite.jpg\"><img loading=\"lazy\" class=\"alignnone size-medium wp-image-2276\" src=\"https:\/\/www.studieren-ohne-grenzen.org\/wp-content\/uploads\/2014\/10\/Flyer-R\u00fcckseite-213x300.jpg\" alt=\"Flyer R\u00fcckseite\" width=\"355\" height=\"500\"><\/a><\/p>\n<p>F\u00fcr alle, die nicht nur unseren tollen Events beiwohnen wollen, sondern sich \u00fcberlegen aktiv unseren Verein mitzugestalten, organisieren wir dieses Semester einen Infoabend und zwar am 06.11 um 19h in D404:<\/p>\n<p><a href=\"https:\/\/www.studieren-ohne-grenzen.org\/wp-content\/uploads\/2014\/10\/R\u00fcckseite-fertig2-jpeg.jpg\"><img loading=\"lazy\" class=\"alignnone size-medium wp-image-2274\" src=\"https:\/\/www.studieren-ohne-grenzen.org\/wp-content\/uploads\/2014\/10\/R\u00fcckseite-fertig2-jpeg-300x300.jpg\" alt=\"R\u00fcckseite fertig2 jpeg\" width=\"400\" height=\"400\" srcset=\"https:\/\/old.studieren-ohne-grenzen.org\/wp-content\/uploads\/2014\/10\/R\u00fcckseite-fertig2-jpeg-300x300.jpg 300w, https:\/\/old.studieren-ohne-grenzen.org\/wp-content\/uploads\/2014\/10\/R\u00fcckseite-fertig2-jpeg-150x150.jpg 150w, https:\/\/old.studieren-ohne-grenzen.org\/wp-content\/uploads\/2014\/10\/R\u00fcckseite-fertig2-jpeg-1024x1024.jpg 1024w\" sizes=\"(max-width: 400px) 100vw, 400px\" \/><\/a><\/p>\n<p>Wer interessiert ist, ist jederzeit eingeladen, zu unseren <strong>w\u00f6chentlichen Treffen <strong>Montags, um 19 Uhr<\/strong> in Raum <strong>F426<\/strong> in der Uni zu kommen.<\/strong><\/p>\n<p>Fragen k\u00f6nnt ihr ihr gerne an <a href=\"mailto:konstanz@studieren-ohne-grenzen.org\">konstanz@studieren-ohne-grenzen.org<\/a> schicken.<\/p>\n<ul class='gdl-toggle-box'>\n<li class=''>\n<h2 class='toggle-box-title'><span class='toggle-box-icon'><\/span>Vergangene Veranstaltungen<\/h2>\n<div class='toggle-box-content'>\n<p>Laufen Ohne Grenzen am 30.06.2013<\/p>\n<p>Gespr\u00e4chsabend mit tschetschenischer Journalistin am 5.6.2013: \u00ab\u00a0Wenn Studieren zur Lebensgefahr wird &#8211; Die tschetschenische Journalistin Raisa erz\u00e4hlt\u00a0\u00bb<\/p>\n<p>Schlemmen und Feiern Ohne Grenzen am 17. Januar 2013 <\/p><\/div>\n<\/li>\n<\/ul>\n<p><\/p>","protected":false},"excerpt":{"rendered":"<p>Konstanz F\u00fcr alle H\u00f6rgenussfreudige Menschen findet diesen Sonntag (02.11), ein von der Lokalgruppe Konstanz organisiertes Klaviekonzert im Wolkensteinsaal statt (Beginn 15:00 Uhr). Es spielt der t\u00fcbinger Student und Pianist Carl Firle; Werke von Beethoven, Chopin und Prokofjew. Eintritt ist frei &#8211; Spenden sind jedoch gerne gesehen. F\u00fcr alle, die nicht nur unseren tollen Events beiwohnen wollen, sondern sich \u00fcberlegen aktiv unseren Verein mitzugestalten, organisieren wir dieses Semester einen Infoabend und zwar am 06.11 um 19h in D404: Wer interessiert ist, ist jederzeit eingeladen, zu unseren w\u00f6chentlichen Treffen Montags, um 19 Uhr in Raum F426 in der Uni zu kommen. Fragen k\u00f6nnt ihr ihr gerne an konstanz@studieren-ohne-grenzen.org schicken. Konstanz F\u00fcr alle H\u00f6rgenussfreudige Menschen findet diesen Sonntag (02.11), ein von der Lokalgruppe Konstanz organisiertes Klaviekonzert im Wolkensteinsaal statt (Beginn 15:00 Uhr). Es spielt der t\u00fcbinger Student und Pianist Carl Firle; Werke von Beethoven, Chopin und Prokofjew. Eintritt ist frei &#8211; Spenden sind jedoch gerne gesehen. F\u00fcr alle, die nicht nur unseren tollen Events beiwohnen wollen, sondern sich \u00fcberlegen aktiv unseren Verein mitzugestalten, organisieren wir dieses Semester einen Infoabend und zwar am 06.11 um 19h in D404: Wer interessiert ist, ist jederzeit eingeladen, zu unseren w\u00f6chentlichen Treffen Montags, um 19 Uhr in Raum F426 in der Uni zu kommen. Fragen k\u00f6nnt ihr ihr gerne an konstanz@studieren-ohne-grenzen.org schicken.<\/p>\n","protected":false},"author":18,"featured_media":9686,"parent":173,"menu_order":0,"comment_status":"open","ping_status":"closed","template":"","meta":{"ngg_post_thumbnail":0},"_links":{"self":[{"href":"https:\/\/old.studieren-ohne-grenzen.org\/fr\/wp-json\/wp\/v2\/pages\/357"}],"collection":[{"href":"https:\/\/old.studieren-ohne-grenzen.org\/fr\/wp-json\/wp\/v2\/pages"}],"about":[{"href":"https:\/\/old.studieren-ohne-grenzen.org\/fr\/wp-json\/wp\/v2\/types\/page"}],"author":[{"embeddable":true,"href":"https:\/\/old.studieren-ohne-grenzen.org\/fr\/wp-json\/wp\/v2\/users\/18"}],"replies":[{"embeddable":true,"href":"https:\/\/old.studieren-ohne-grenzen.org\/fr\/wp-json\/wp\/v2\/comments?post=357"}],"version-history":[{"count":91,"href":"https:\/\/old.studieren-ohne-grenzen.org\/fr\/wp-json\/wp\/v2\/pages\/357\/revisions"}],"predecessor-version":[{"id":10116,"href":"https:\/\/old.studieren-ohne-grenzen.org\/fr\/wp-json\/wp\/v2\/pages\/357\/revisions\/10116"}],"up":[{"embeddable":true,"href":"https:\/\/old.studieren-ohne-grenzen.org\/fr\/wp-json\/wp\/v2\/pages\/173"}],"wp:featuredmedia":[{"embeddable":true,"href":"https:\/\/old.studieren-ohne-grenzen.org\/fr\/wp-json\/wp\/v2\/media\/9686"}],"wp:attachment":[{"href":"https:\/\/old.studieren-ohne-grenzen.org\/fr\/wp-json\/wp\/v2\/media?parent=357"}],"curies":[{"name":"wp","href":"https:\/\/api.w.org\/{rel}","templated":true}]}}