{"id":346,"date":"2015-04-10T13:45:22","date_gmt":"2015-04-10T11:45:22","guid":{"rendered":"http:\/\/10006stud.outofscope-dev.com\/?page_id=346"},"modified":"2023-11-11T11:51:49","modified_gmt":"2023-11-11T10:51:49","slug":"goettingen","status":"publish","type":"page","link":"https:\/\/old.studieren-ohne-grenzen.org\/fr\/lokalgruppen\/goettingen\/","title":{"rendered":"G\u00f6ttingen"},"content":{"rendered":"<p><strong>Hallo liebe SOG-Interessierte der Stadt G\u00f6ttingen und Umgebung,<\/strong><\/p>\n<p><strong>leider ist unsere Lokalgruppe derzeit inaktiv.<\/strong><\/p>\n<p><strong>Falls ihr die Lokalgruppe wiederbeleben m\u00f6chtet, k\u00f6nnt ihr euch an unsere bundesweite Seite wenden (Facebook: <span class=\"wikiexternallink\"><a href=\"https:\/\/www.facebook.com\/studierenohnegrenzen\/\">https:\/\/www.facebook.com\/studierenohnegrenzen<\/a><\/span>, Instagram:&nbsp;<span class=\"wikiexternallink\"><a href=\"https:\/\/www.instagram.com\/sog_deutschland\/?hl=de\">https:\/\/www.instagram.com\/sog_deutschland<\/a><\/span>) oder schreibt an <span id=\"wpmt-718156-556405\">kontakt@studieren-ohne-grenzen.org<\/span>.<\/strong><\/p>\n<h2>&nbsp;<\/h2>\n<p>&nbsp;<\/p>\n<p>Im Folgenden findet ihr Infos vor der Inaktivierung der Lokalgruppe:<\/p>\n<h2>&nbsp;<\/h2>\n<h2>G\u00f6ttingen<\/h2>\n<p>Herzlich willkommen auf der Seite der Lokalgruppe G\u00f6ttingen von Studieren Ohne Grenzen!<\/p>\n<h3>Treffen<\/h3>\n<p><strong>Wann? Jeden Dienstag, 20 Uhr<\/strong><br \/>\n<strong>Wo? Am Zentralcampus, VG 4.102<\/strong><\/p>\n<p>Eine Einsteigerabend wird es im WiSe 2014\/15 nicht geben. Du bist jederzeit herzlich eingeladen, bei unseren Treffen vorbeizuschauen und uns kennenzulernen.<\/p>\n<h3>Kontakt<\/h3>\n<p>Wir sind per <a href=\"mailto:goettingen@studieren-ohne-grenzen.org\">E-Mail<\/a> oder via <a href=\"http:\/\/www.facebook.com\/sog.goettingen\">Facebook<\/a> zu erreichen!<\/p>\n<h3>Vergangene Veranstaltungen<\/h3>\n<p>22.09.2014: Filmabend <strong>\u201eBlood in the Mobile\u201c<\/strong> und <strong>Vortrag von Matthias Baier<\/strong>:<\/p>\n<p>Im Rahmen der Fairen Woche zeigte die Lokalgruppe von Studieren Ohne Grenzen im Programmkino Lumi\u00e8re in G\u00f6ttingen den Film Blood in the Mobile, der von den Aubbaubedingungen bestimmter Mineralien f\u00fcr unsere Mobiltelefone handelt. Im Anschluss an den Film stellte Matthias Baier von der Bundesanstalt f\u00fcr Geowissenschaften und Rohstoffe (BGR) ein Projekt vor, welches gemeinsam mit den nationalen Beh\u00f6rden in der DR Kongo zusammenarbeitet. Dabei geht es um die Implementierung eines nationalen Zertifizierungssystems f\u00fcr Tantal, Zinn, Wolframerze und Gold. Es sollen Prinzipien und Standards installiert werden, welche die Zertifizierung von Rohstoffen erm\u00f6glichen, um sogenannten \u201eKonflikt-Rohstoffen\u201c den Absatz zu entziehen. Die Veranstaltung vermittelte u. a., dass hierf\u00fcr insbesondere Unternehmen und auch Konsumenten Mitverantwortung tragen. In der Diskussion stellte sich f\u00fcr die ca. 50 Anwesenden dar, wie schwierig es ist, gut-intendierte Ma\u00dfnahmen umzusetzten und mit welchen nicht-intendierten \u201eNebenwirkungen\u201c im Nachinein umgegangen werden muss.<\/p>\n<p>11.07.2014: Benefizkonzert im N\u00f6rgelbuff:<\/p>\n<p><img src=\"\/wp-content\/uploads\/2014\/10\/goettingen-noergelbuff-2014.jpg\" alt=\"\" width=\"300\"><\/p>\n<p>07.05.2014: Podiumsdiskussion <strong>\u201eSinn und Unsinn der Entwicklungszusammenarbeit\u201c<\/strong>:<\/p>\n<p><img src=\"\/wp-content\/uploads\/2014\/10\/goettingen-ez.jpg\" alt=\"\" width=\"300\"><\/p>\n<ul class='gdl-toggle-box'>\n<li class=''>\n<h2 class='toggle-box-title'><span class='toggle-box-icon'><\/span>Mehr Veranstaltungen anzeigen<\/h2>\n<div class='toggle-box-content'>\n10.12.2013: Filmabend <strong>\u201eBlood in the Mobile\u201c<\/strong>:<\/p>\n<p><img src=\"\/wp-content\/uploads\/2014\/10\/goettingen-blood.jpg\" alt=\"\" width=\"300\"><\/p>\n<p>02.07.2013: Benefizkonzert im N\u00f6rgelbuff:<\/p>\n<p><strong><a href=\"\/\/vimeo.com\/70125621\">Video auf Vimeo<\/a><\/strong><\/p>\n<p><img src=\"\/wp-content\/uploads\/2014\/10\/goettingen-noergelbuff-2013.jpg\" alt=\"\" width=\"300\"><\/p>\n<p>07.05.2013: Filmabend <strong>\u201eCall Me Kuchu\u201c<\/strong>:<\/p>\n<p><img src=\"\/wp-content\/uploads\/2014\/10\/goettingen-kuchu.jpg\" alt=\"\" width=\"300\">\n<\/div>\n<\/li>\n<\/ul>\n<p><\/p>","protected":false},"excerpt":{"rendered":"<p>Hallo liebe SOG-Interessierte der Stadt G\u00f6ttingen und Umgebung, leider ist unsere Lokalgruppe derzeit inaktiv. Falls ihr die Lokalgruppe wiederbeleben m\u00f6chtet, k\u00f6nnt ihr euch an unsere bundesweite Seite wenden (Facebook: https:\/\/www.facebook.com\/studierenohnegrenzen, Instagram:&nbsp;https:\/\/www.instagram.com\/sog_deutschland) oder schreibt an kontakt@studieren-ohne-grenzen.org. &nbsp; &nbsp; Im Folgenden findet ihr Infos vor der Inaktivierung der Lokalgruppe: &nbsp; G\u00f6ttingen Herzlich willkommen auf der Seite der Lokalgruppe G\u00f6ttingen von Studieren Ohne Grenzen! Treffen Wann? Jeden Dienstag, 20 Uhr Wo? Am Zentralcampus, VG 4.102 Eine Einsteigerabend wird es im WiSe 2014\/15 nicht geben. Du bist jederzeit herzlich eingeladen, bei unseren Treffen vorbeizuschauen und uns kennenzulernen. Kontakt Wir sind per E-Mail oder via Facebook zu erreichen! Vergangene Veranstaltungen 22.09.2014: Filmabend \u201eBlood in the Mobile\u201c und Vortrag von Matthias Baier: Im Rahmen der Fairen Woche zeigte die Lokalgruppe von Studieren Ohne Grenzen im Programmkino Lumi\u00e8re in G\u00f6ttingen den Film Blood in the Mobile, der von den Aubbaubedingungen bestimmter Mineralien f\u00fcr unsere Mobiltelefone handelt. Im Anschluss an den Film stellte Matthias Baier von der Bundesanstalt f\u00fcr Geowissenschaften und Rohstoffe (BGR) ein Projekt vor, welches gemeinsam mit den nationalen Beh\u00f6rden in der DR Kongo zusammenarbeitet. Dabei geht es um die Implementierung eines nationalen Zertifizierungssystems f\u00fcr Tantal, Zinn, Wolframerze und Gold. Es sollen Prinzipien und Standards installiert werden, welche die Zertifizierung von Rohstoffen erm\u00f6glichen, um sogenannten \u201eKonflikt-Rohstoffen\u201c den Absatz zu entziehen. Die Veranstaltung vermittelte u. a., dass hierf\u00fcr insbesondere Unternehmen und auch Konsumenten Mitverantwortung tragen. In der Diskussion stellte sich f\u00fcr die ca. 50 Anwesenden dar, wie schwierig es ist, gut-intendierte Ma\u00dfnahmen umzusetzten und mit welchen nicht-intendierten \u201eNebenwirkungen\u201c im Nachinein umgegangen werden muss. 11.07.2014: Benefizkonzert im N\u00f6rgelbuff: 07.05.2014: Podiumsdiskussion \u201eSinn und Unsinn der Entwicklungszusammenarbeit\u201c:<\/p>\n","protected":false},"author":7,"featured_media":0,"parent":173,"menu_order":0,"comment_status":"open","ping_status":"closed","template":"","meta":{"ngg_post_thumbnail":0},"_links":{"self":[{"href":"https:\/\/old.studieren-ohne-grenzen.org\/fr\/wp-json\/wp\/v2\/pages\/346"}],"collection":[{"href":"https:\/\/old.studieren-ohne-grenzen.org\/fr\/wp-json\/wp\/v2\/pages"}],"about":[{"href":"https:\/\/old.studieren-ohne-grenzen.org\/fr\/wp-json\/wp\/v2\/types\/page"}],"author":[{"embeddable":true,"href":"https:\/\/old.studieren-ohne-grenzen.org\/fr\/wp-json\/wp\/v2\/users\/7"}],"replies":[{"embeddable":true,"href":"https:\/\/old.studieren-ohne-grenzen.org\/fr\/wp-json\/wp\/v2\/comments?post=346"}],"version-history":[{"count":34,"href":"https:\/\/old.studieren-ohne-grenzen.org\/fr\/wp-json\/wp\/v2\/pages\/346\/revisions"}],"predecessor-version":[{"id":10112,"href":"https:\/\/old.studieren-ohne-grenzen.org\/fr\/wp-json\/wp\/v2\/pages\/346\/revisions\/10112"}],"up":[{"embeddable":true,"href":"https:\/\/old.studieren-ohne-grenzen.org\/fr\/wp-json\/wp\/v2\/pages\/173"}],"wp:attachment":[{"href":"https:\/\/old.studieren-ohne-grenzen.org\/fr\/wp-json\/wp\/v2\/media?parent=346"}],"curies":[{"name":"wp","href":"https:\/\/api.w.org\/{rel}","templated":true}]}}