{"id":3096,"date":"2015-04-08T18:29:32","date_gmt":"2015-04-08T16:29:32","guid":{"rendered":"http:\/\/www.studieren-ohne-grenzen.org\/?page_id=3096"},"modified":"2019-04-07T13:03:00","modified_gmt":"2019-04-07T11:03:00","slug":"stipendiatinnen-und-stipendiaten","status":"publish","type":"page","link":"https:\/\/old.studieren-ohne-grenzen.org\/fr\/projekte\/tschetschenien-stipendienprogramm\/stipendiatinnen-und-stipendiaten\/","title":{"rendered":"Stipendiatinnen und Stipendiaten"},"content":{"rendered":"<p><\/p>\n<h3><b>Stipendiatinnen und Stipendiaten<\/b><\/h3>\n<p>Das Stipendienprogramm Tschetschenien von Studieren Ohne Grenzen f\u00f6rdert momentan drei Stipendiat\/innen w\u00e4hrend ihres Aufenthalts in Deutschland, und zwar in T\u00fcbingen und M\u00fcnchen, wo sie von den ans\u00e4ssigen Lokalgruppen betreut und in s\u00e4mtlichen Belangen unterst\u00fctzt werden.<\/p>\n<hr \/>\n<h4><b>Zalina<\/b><\/h4>\n<p>Zalina ist 27 Jahre alt und schon seit August 2009 in T\u00fcbingen. Nach einem Jahr Deutsch-Lernen hat sie ein Bachelor-Studium in Informatik aufgenommen. Sie spricht inzwischen flie\u00dfend Deutsch und hat sich voll und ganz ins T\u00fcbinger Studierendenleben eingefunden.<\/p>\n<p>Derzeit arbeitet sie intensiv an ihrem Projekt: Sie m\u00f6chte einen Online-Fremdsprachenunterricht f\u00fcr Jugendliche in Tschetschenien auf die Beine stellen, weil nur wenige Tschetschen\/innen Fremdsprachen sprechen und deshalb kaum die M\u00f6glichkeit haben, Kontakte ins Ausland zu kn\u00fcpfen. Zalinas Idee ist, dass Sprachstudierende aus Deutschland Jugendliche in Tschetschenien online unterrichten.<\/p>\n<hr \/>\n<h4><b>Ismail<\/b><\/h4>\n<p><span lang=\"de-DE\">Ismail ist <\/span>22 Jahre alt und studiert in Grosny Verwaltungswissenschaften in einem Fernstudium. Seit Anfang August 2014 ist er in T\u00fcbingen und hat inzwischen mehrere Sprachkurse (Deutsch und Englisch) absolviert.<\/p>\n<p>Ismail arbeitete, bevor er nach Deutschland kam, in Grosny als Projektkoordinator bei der tschetschenischen Nicht-Regierungsorganisation <i>Sintem <\/i>(tschetschenisch f\u00fcr Harmonie, Einklang). <i>Sintem<\/i> wurde im Jahr 2003 gegr\u00fcndet und k\u00fcmmert sich unter anderem um Jugend- und Behindertenhilfe und um die Rechte von Frauen. Erst j\u00fcngst, n\u00e4mlich im November 2014, gelang es <i>Sintem<\/i>, das erste Frauenhaus in Tschetschenien zu er\u00f6ffnen. Auch w\u00e4hrend seines Aufenthaltes in T\u00fcbingen engagiert sich Ismail f\u00fcr diese Organisation.<\/p>\n<p>In der Zukunft m\u00f6chte sich Ismail in der Organisation <i>Sintem<\/i> und im grenz\u00fcbergreifenden, vom Theodor-Heuss-Kolleg gef\u00f6rderten Programm <i>New Horizons<\/i> einbringen; er sieht in dieser Arbeit seine berufliche Perspektive. Seinen Aufenthalt in Deutschland m\u00f6chte Ismail in erster Linie daf\u00fcr nutzen, seine Sprachkenntnisse zu vertiefen und \u00fcber Praktika weitere praktische Erfahrungen zu sammeln, sein Netzwerk auszubauen und neue Partner f\u00fcr sein Engagement in Tschetschenien zu finden.<\/p>\n<hr \/>\n<h4><b>Zulikhan<\/b><\/h4>\n<p>Zulikhan ist 25 Jahre alt, hat in Tschetschenien Architektur studiert und parallel dazu bei der tschetschenischen NGO <i>Sintem<\/i> gerabeitet. Seit Ende August 2014 ist sie in M\u00fcnchen und hat inzwischen mehrere Deutschkurse absolviert.<\/p>\n<p>Bei Sintem war Zulikhan f\u00fcr die Koordination von Jugendprojekten zust\u00e4ndig &#8211; in solchen Projekten wird Jugendlichen vermittelt, was eine Zivilgesellschaft ist, was Menschen- und B\u00fcrgerrecht sind; au\u00dferdem wird auch psychologische Hilfe angeboten, gerade f\u00fcr junge Erwachsene, die in ihrem bisherigen Leben schon zwei Kriege miterleben mussten. Zulikhan hat also schon viele Erfahrungen mit Jugendarbeit gemacht und m\u00f6chte daher ihre Kompetenzen darin erweitern und neue Fertigkeiten auf dem Gebiet der Psychologie sowie insbesondere der Theaterp\u00e4dagogik erwerben. Nach dem Programmende im August m\u00f6chte Zulikhan nach Tschetschenien zur\u00fcckkehren, um dort ihre neuen Erfahrungen umzusetzen.<\/p>","protected":false},"excerpt":{"rendered":"<p>Stipendiatinnen und Stipendiaten Das Stipendienprogramm Tschetschenien von Studieren Ohne Grenzen f\u00f6rdert momentan drei Stipendiat\/innen w\u00e4hrend ihres Aufenthalts in Deutschland, und zwar in T\u00fcbingen und M\u00fcnchen, wo sie von den ans\u00e4ssigen Lokalgruppen betreut und in s\u00e4mtlichen Belangen unterst\u00fctzt werden. Zalina Zalina ist 27 Jahre alt und schon seit August 2009 in T\u00fcbingen. Nach einem Jahr Deutsch-Lernen hat sie ein Bachelor-Studium in Informatik aufgenommen. Sie spricht inzwischen flie\u00dfend Deutsch und hat sich voll und ganz ins T\u00fcbinger Studierendenleben eingefunden. Derzeit arbeitet sie intensiv an ihrem Projekt: Sie m\u00f6chte einen Online-Fremdsprachenunterricht f\u00fcr Jugendliche in Tschetschenien auf die Beine stellen, weil nur wenige Tschetschen\/innen Fremdsprachen sprechen und deshalb kaum die M\u00f6glichkeit haben, Kontakte ins Ausland zu kn\u00fcpfen. Zalinas Idee ist, dass Sprachstudierende aus Deutschland Jugendliche in Tschetschenien online unterrichten. Ismail Ismail ist 22 Jahre alt und studiert in Grosny Verwaltungswissenschaften in einem Fernstudium. Seit Anfang August 2014 ist er in T\u00fcbingen und hat inzwischen mehrere Sprachkurse (Deutsch und Englisch) absolviert. Ismail arbeitete, bevor er nach Deutschland kam, in Grosny als Projektkoordinator bei der tschetschenischen Nicht-Regierungsorganisation Sintem (tschetschenisch f\u00fcr Harmonie, Einklang). Sintem wurde im Jahr 2003 gegr\u00fcndet und k\u00fcmmert sich unter anderem um Jugend- und Behindertenhilfe und um die Rechte von Frauen. Erst j\u00fcngst, n\u00e4mlich im November 2014, gelang es Sintem, das erste Frauenhaus in Tschetschenien zu er\u00f6ffnen. Auch w\u00e4hrend seines Aufenthaltes in T\u00fcbingen engagiert sich Ismail f\u00fcr diese Organisation. In der Zukunft m\u00f6chte sich Ismail in der Organisation Sintem und im grenz\u00fcbergreifenden, vom Theodor-Heuss-Kolleg gef\u00f6rderten Programm New Horizons einbringen; er sieht in dieser Arbeit seine berufliche Perspektive. Seinen Aufenthalt in Deutschland m\u00f6chte Ismail in erster Linie daf\u00fcr nutzen, seine Sprachkenntnisse zu vertiefen und \u00fcber Praktika weitere praktische Erfahrungen zu sammeln, sein Netzwerk auszubauen und neue Partner f\u00fcr sein Engagement in Tschetschenien zu finden. Zulikhan Zulikhan ist 25 Jahre alt, hat in Tschetschenien Architektur studiert und parallel dazu bei der tschetschenischen NGO Sintem gerabeitet. Seit Ende August 2014 ist sie in M\u00fcnchen und hat inzwischen mehrere Deutschkurse absolviert. Bei Sintem war Zulikhan f\u00fcr die Koordination von Jugendprojekten zust\u00e4ndig &#8211; in solchen Projekten wird Jugendlichen vermittelt, was eine Zivilgesellschaft ist, was Menschen- und B\u00fcrgerrecht sind; au\u00dferdem wird auch psychologische Hilfe angeboten, gerade f\u00fcr junge Erwachsene, die in ihrem bisherigen Leben schon zwei Kriege miterleben mussten. Zulikhan hat also schon viele Erfahrungen mit Jugendarbeit gemacht und m\u00f6chte daher ihre Kompetenzen darin erweitern und neue Fertigkeiten auf dem Gebiet der Psychologie sowie insbesondere der Theaterp\u00e4dagogik erwerben. Nach dem Programmende im August m\u00f6chte Zulikhan nach Tschetschenien zur\u00fcckkehren, um dort ihre neuen Erfahrungen umzusetzen.<\/p>\n","protected":false},"author":29,"featured_media":0,"parent":190,"menu_order":0,"comment_status":"closed","ping_status":"closed","template":"","meta":{"ngg_post_thumbnail":0},"_links":{"self":[{"href":"https:\/\/old.studieren-ohne-grenzen.org\/fr\/wp-json\/wp\/v2\/pages\/3096"}],"collection":[{"href":"https:\/\/old.studieren-ohne-grenzen.org\/fr\/wp-json\/wp\/v2\/pages"}],"about":[{"href":"https:\/\/old.studieren-ohne-grenzen.org\/fr\/wp-json\/wp\/v2\/types\/page"}],"author":[{"embeddable":true,"href":"https:\/\/old.studieren-ohne-grenzen.org\/fr\/wp-json\/wp\/v2\/users\/29"}],"replies":[{"embeddable":true,"href":"https:\/\/old.studieren-ohne-grenzen.org\/fr\/wp-json\/wp\/v2\/comments?post=3096"}],"version-history":[{"count":17,"href":"https:\/\/old.studieren-ohne-grenzen.org\/fr\/wp-json\/wp\/v2\/pages\/3096\/revisions"}],"predecessor-version":[{"id":8438,"href":"https:\/\/old.studieren-ohne-grenzen.org\/fr\/wp-json\/wp\/v2\/pages\/3096\/revisions\/8438"}],"up":[{"embeddable":true,"href":"https:\/\/old.studieren-ohne-grenzen.org\/fr\/wp-json\/wp\/v2\/pages\/190"}],"wp:attachment":[{"href":"https:\/\/old.studieren-ohne-grenzen.org\/fr\/wp-json\/wp\/v2\/media?parent=3096"}],"curies":[{"name":"wp","href":"https:\/\/api.w.org\/{rel}","templated":true}]}}