{"id":200,"date":"2014-01-05T15:13:35","date_gmt":"2014-01-05T13:13:35","guid":{"rendered":"http:\/\/10006stud.outofscope-dev.com\/?page_id=200"},"modified":"2017-03-14T16:23:43","modified_gmt":"2017-03-14T15:23:43","slug":"etudes-sans-frontieres-international","status":"publish","type":"page","link":"https:\/\/old.studieren-ohne-grenzen.org\/fr\/uber-uns\/etudes-sans-frontieres-international\/","title":{"rendered":"Etudes Sans Fronti\u00e8res International"},"content":{"rendered":"<p><\/p>\n<h3><strong>Etudes Sans Frontieres International<\/strong><\/h3>\n<p>L&rsquo;id\u00e9e d&rsquo;une aide solidaire de la part d&rsquo;\u00e9tudiants pour d&rsquo;autres \u00e9tudiants dans des r\u00e9gions marqu\u00e9es par la guerre a pris son d\u00e9but en France en 2003 et a rapidement rencontr\u00e9 un accueil favorable dans d&rsquo;autres pays. C&rsquo;est ainsi qu&rsquo;entre 2005 et 2007 d&rsquo;autres branches d&rsquo;Etudes Sans Fronti\u00e8res ont \u00e9t\u00e9 cr\u00e9\u00e9es, notamment en 2006 en Allemagne sous le nom de \u00ab\u00a0Studieren Ohne Grenzen\u00a0\u00bb. Unies par une charte r\u00e9unissant les buts et valeurs communs, c&rsquo;est en 2011 que l&rsquo;organisme coordinateur \u00ab\u00a0Etudes Sans Fronti\u00e8res International\u00a0\u00bb (ESFI) a \u00e9t\u00e9 fond\u00e9e. ESFI soutient maintenant les diff\u00e9rentes branches nationales et encourage la propagation de l&rsquo;initiative en Europe et dans le monde. Studieren Ohne Grenzen a d\u00e9cid\u00e9 d&rsquo;adh\u00e9rer \u00e0 ESFI lors de l&rsquo;assembl\u00e9e pl\u00e9ni\u00e8re\u00a0 en 2011.<\/p>\n<p>Pour acc\u00e9der \u00e0 <a href=\"http:\/\/www.esf-international.org\/\">Etudes Sans Fronti\u00e8res International <\/a><\/p>\n<p>&nbsp;<\/p>\n<p>&nbsp;<\/p>\n<p>&nbsp;<\/p>\n<p>&nbsp;<\/p>","protected":false},"excerpt":{"rendered":"<p>Etudes Sans Frontieres International L&rsquo;id\u00e9e d&rsquo;une aide solidaire de la part d&rsquo;\u00e9tudiants pour d&rsquo;autres \u00e9tudiants dans des r\u00e9gions marqu\u00e9es par la guerre a pris son d\u00e9but en France en 2003 et a rapidement rencontr\u00e9 un accueil favorable dans d&rsquo;autres pays. C&rsquo;est ainsi qu&rsquo;entre 2005 et 2007 d&rsquo;autres branches d&rsquo;Etudes Sans Fronti\u00e8res ont \u00e9t\u00e9 cr\u00e9\u00e9es, notamment en 2006 en Allemagne sous le nom de \u00ab\u00a0Studieren Ohne Grenzen\u00a0\u00bb. Unies par une charte r\u00e9unissant les buts et valeurs communs, c&rsquo;est en 2011 que l&rsquo;organisme coordinateur \u00ab\u00a0Etudes Sans Fronti\u00e8res International\u00a0\u00bb (ESFI) a \u00e9t\u00e9 fond\u00e9e. ESFI soutient maintenant les diff\u00e9rentes branches nationales et encourage la propagation de l&rsquo;initiative en Europe et dans le monde. Studieren Ohne Grenzen a d\u00e9cid\u00e9 d&rsquo;adh\u00e9rer \u00e0 ESFI lors de l&rsquo;assembl\u00e9e pl\u00e9ni\u00e8re\u00a0 en 2011. Pour acc\u00e9der \u00e0 Etudes Sans Fronti\u00e8res International &nbsp; &nbsp; &nbsp; &nbsp;<\/p>\n","protected":false},"author":1,"featured_media":0,"parent":177,"menu_order":3,"comment_status":"open","ping_status":"closed","template":"","meta":{"ngg_post_thumbnail":0},"_links":{"self":[{"href":"https:\/\/old.studieren-ohne-grenzen.org\/fr\/wp-json\/wp\/v2\/pages\/200"}],"collection":[{"href":"https:\/\/old.studieren-ohne-grenzen.org\/fr\/wp-json\/wp\/v2\/pages"}],"about":[{"href":"https:\/\/old.studieren-ohne-grenzen.org\/fr\/wp-json\/wp\/v2\/types\/page"}],"author":[{"embeddable":true,"href":"https:\/\/old.studieren-ohne-grenzen.org\/fr\/wp-json\/wp\/v2\/users\/1"}],"replies":[{"embeddable":true,"href":"https:\/\/old.studieren-ohne-grenzen.org\/fr\/wp-json\/wp\/v2\/comments?post=200"}],"version-history":[{"count":14,"href":"https:\/\/old.studieren-ohne-grenzen.org\/fr\/wp-json\/wp\/v2\/pages\/200\/revisions"}],"predecessor-version":[{"id":6128,"href":"https:\/\/old.studieren-ohne-grenzen.org\/fr\/wp-json\/wp\/v2\/pages\/200\/revisions\/6128"}],"up":[{"embeddable":true,"href":"https:\/\/old.studieren-ohne-grenzen.org\/fr\/wp-json\/wp\/v2\/pages\/177"}],"wp:attachment":[{"href":"https:\/\/old.studieren-ohne-grenzen.org\/fr\/wp-json\/wp\/v2\/media?parent=200"}],"curies":[{"name":"wp","href":"https:\/\/api.w.org\/{rel}","templated":true}]}}