{"id":198,"date":"2014-01-05T15:13:12","date_gmt":"2014-01-05T13:13:12","guid":{"rendered":"http:\/\/10006stud.outofscope-dev.com\/?page_id=198"},"modified":"2021-05-06T15:46:29","modified_gmt":"2021-05-06T13:46:29","slug":"vision-und-ansatz","status":"publish","type":"page","link":"https:\/\/old.studieren-ohne-grenzen.org\/fr\/uber-uns\/vision-und-ansatz\/","title":{"rendered":"Notre vision"},"content":{"rendered":"<p><\/p>\n<h3 dir=\"ltr\">Notre vision<\/h3>\n<p><strong>Nous travaillons pour un monde de paix et de solidarit\u00e9. Un monde dans lequel tout \u00eatre humain pourrait d\u00e9cider de son cadre vie.<\/strong><\/p>\n<p>Pour nous, un monde en paix n\u2019est pas seulement un monde sans guerres. Mais plut\u00f4t un monde dans lequel le respect, la justice sociale, et la libert\u00e9 de chacun sont garantis.<\/p>\n<p>Pour nous, la paix c\u2019est aussi la possibilit\u00e9 de vivre sans peures et sans discriminations. Nous avons besoin de l\u2019engagement de chacun pour qu\u2019ensemble nous puissions construire une paix durable.<\/p>\n<p>Dans un monde solidaire, les peuples se sentent responsables de leur sort imm\u00e9diat ainsi que de celui de leur voisin. Pour nous, la solidarit\u00e9 est un acte libre address\u00e9 \u00e0 l\u2019autre, adress\u00e9 au bien commun.<\/p>\n<p>Cette libert\u00e9 c\u2019est de pouvoir choisir soi-m\u00eame la vie que l\u2019on souhaite mener, libre de pressions ext\u00e9rieures. Cette libert\u00e9, c\u2019est d\u2019avoir les capacit\u00e9s pour r\u00e9fl\u00e9chir \u00e0 notre environnement de vie et aux valeurs que nous souhaitons d\u00e9fendre.<\/p>","protected":false},"excerpt":{"rendered":"<p>Notre vision Nous travaillons pour un monde de paix et de solidarit\u00e9. Un monde dans lequel tout \u00eatre humain pourrait d\u00e9cider de son cadre vie. Pour nous, un monde en paix n\u2019est pas seulement un monde sans guerres. Mais plut\u00f4t un monde dans lequel le respect, la justice sociale, et la libert\u00e9 de chacun sont garantis. Pour nous, la paix c\u2019est aussi la possibilit\u00e9 de vivre sans peures et sans discriminations. Nous avons besoin de l\u2019engagement de chacun pour qu\u2019ensemble nous puissions construire une paix durable. Dans un monde solidaire, les peuples se sentent responsables de leur sort imm\u00e9diat ainsi que de celui de leur voisin. Pour nous, la solidarit\u00e9 est un acte libre address\u00e9 \u00e0 l\u2019autre, adress\u00e9 au bien commun. Cette libert\u00e9 c\u2019est de pouvoir choisir soi-m\u00eame la vie que l\u2019on souhaite mener, libre de pressions ext\u00e9rieures. Cette libert\u00e9, c\u2019est d\u2019avoir les capacit\u00e9s pour r\u00e9fl\u00e9chir \u00e0 notre environnement de vie et aux valeurs que nous souhaitons d\u00e9fendre.<\/p>\n","protected":false},"author":1,"featured_media":0,"parent":177,"menu_order":4,"comment_status":"open","ping_status":"closed","template":"","meta":{"ngg_post_thumbnail":0},"_links":{"self":[{"href":"https:\/\/old.studieren-ohne-grenzen.org\/fr\/wp-json\/wp\/v2\/pages\/198"}],"collection":[{"href":"https:\/\/old.studieren-ohne-grenzen.org\/fr\/wp-json\/wp\/v2\/pages"}],"about":[{"href":"https:\/\/old.studieren-ohne-grenzen.org\/fr\/wp-json\/wp\/v2\/types\/page"}],"author":[{"embeddable":true,"href":"https:\/\/old.studieren-ohne-grenzen.org\/fr\/wp-json\/wp\/v2\/users\/1"}],"replies":[{"embeddable":true,"href":"https:\/\/old.studieren-ohne-grenzen.org\/fr\/wp-json\/wp\/v2\/comments?post=198"}],"version-history":[{"count":14,"href":"https:\/\/old.studieren-ohne-grenzen.org\/fr\/wp-json\/wp\/v2\/pages\/198\/revisions"}],"predecessor-version":[{"id":9684,"href":"https:\/\/old.studieren-ohne-grenzen.org\/fr\/wp-json\/wp\/v2\/pages\/198\/revisions\/9684"}],"up":[{"embeddable":true,"href":"https:\/\/old.studieren-ohne-grenzen.org\/fr\/wp-json\/wp\/v2\/pages\/177"}],"wp:attachment":[{"href":"https:\/\/old.studieren-ohne-grenzen.org\/fr\/wp-json\/wp\/v2\/media?parent=198"}],"curies":[{"name":"wp","href":"https:\/\/api.w.org\/{rel}","templated":true}]}}