{"id":194,"date":"2014-01-05T15:12:19","date_gmt":"2014-01-05T13:12:19","guid":{"rendered":"http:\/\/10006stud.outofscope-dev.com\/?page_id=194"},"modified":"2023-09-14T09:10:07","modified_gmt":"2023-09-14T07:10:07","slug":"organisationsstruktur","status":"publish","type":"page","link":"https:\/\/old.studieren-ohne-grenzen.org\/fr\/uber-uns\/organisationsstruktur\/","title":{"rendered":"Organistationsstruktur"},"content":{"rendered":"<p><\/p>\n<h3><strong>Organisation<\/strong><\/h3>\n<p>Dans beaucoup de villes allemandes il y a des groupes locaux, <span style=\"text-decoration: line-through;\">o\u00f9 <\/span>dans lesquelles les membres se r\u00e9unissent r\u00e9guli\u00e8rement. Ces groupes locaux sont encadr\u00e9s par une \u00e9quipe de coordination. Chaque ann\u00e9e, lors de la r\u00e9union des membres, de nouvelles directives sont \u00e9tablies et le comit\u00e9 directeur, compos\u00e9 de sept membres, est \u00e9lu. Le conseil est compos\u00e9 de cinq \u00e0 huit personnes \u00e9lues lors de la r\u00e9union des membres. Il s&rsquo;agit de personnes proche de l&rsquo;organisation ou d&rsquo;ancien membres qui ne sont plus actifs. Leur r\u00f4le est de conseiller le comit\u00e9 directeur. Au del\u00e0 du plan national nous sommes int\u00e9gr\u00e9s \u00e0 la structure internationale d&rsquo;Etudes Sans Fronti\u00e8res International.<\/p>\n<p>Tu aimerais participer mais tu te demandes comment nous travaillons? Quels groupes travaillent sur quel projet et comment tu peux nous aider? Une information pour des int\u00e9ress\u00e9s r\u00e9sume comment nous travaillons et comment nous sommes organis\u00e9s. Cela devrait te permettre une vue d&rsquo;ensemble rapide et t&rsquo;aider \u00e0 t&rsquo;int\u00e9grer facilement.<\/p>","protected":false},"excerpt":{"rendered":"<p>Organisation Dans beaucoup de villes allemandes il y a des groupes locaux, o\u00f9 dans lesquelles les membres se r\u00e9unissent r\u00e9guli\u00e8rement. Ces groupes locaux sont encadr\u00e9s par une \u00e9quipe de coordination. Chaque ann\u00e9e, lors de la r\u00e9union des membres, de nouvelles directives sont \u00e9tablies et le comit\u00e9 directeur, compos\u00e9 de sept membres, est \u00e9lu. Le conseil est compos\u00e9 de cinq \u00e0 huit personnes \u00e9lues lors de la r\u00e9union des membres. Il s&rsquo;agit de personnes proche de l&rsquo;organisation ou d&rsquo;ancien membres qui ne sont plus actifs. Leur r\u00f4le est de conseiller le comit\u00e9 directeur. Au del\u00e0 du plan national nous sommes int\u00e9gr\u00e9s \u00e0 la structure internationale d&rsquo;Etudes Sans Fronti\u00e8res International. Tu aimerais participer mais tu te demandes comment nous travaillons? Quels groupes travaillent sur quel projet et comment tu peux nous aider? Une information pour des int\u00e9ress\u00e9s r\u00e9sume comment nous travaillons et comment nous sommes organis\u00e9s. Cela devrait te permettre une vue d&rsquo;ensemble rapide et t&rsquo;aider \u00e0 t&rsquo;int\u00e9grer facilement.<\/p>\n","protected":false},"author":1,"featured_media":0,"parent":177,"menu_order":2,"comment_status":"open","ping_status":"closed","template":"","meta":{"ngg_post_thumbnail":0},"_links":{"self":[{"href":"https:\/\/old.studieren-ohne-grenzen.org\/fr\/wp-json\/wp\/v2\/pages\/194"}],"collection":[{"href":"https:\/\/old.studieren-ohne-grenzen.org\/fr\/wp-json\/wp\/v2\/pages"}],"about":[{"href":"https:\/\/old.studieren-ohne-grenzen.org\/fr\/wp-json\/wp\/v2\/types\/page"}],"author":[{"embeddable":true,"href":"https:\/\/old.studieren-ohne-grenzen.org\/fr\/wp-json\/wp\/v2\/users\/1"}],"replies":[{"embeddable":true,"href":"https:\/\/old.studieren-ohne-grenzen.org\/fr\/wp-json\/wp\/v2\/comments?post=194"}],"version-history":[{"count":16,"href":"https:\/\/old.studieren-ohne-grenzen.org\/fr\/wp-json\/wp\/v2\/pages\/194\/revisions"}],"predecessor-version":[{"id":10104,"href":"https:\/\/old.studieren-ohne-grenzen.org\/fr\/wp-json\/wp\/v2\/pages\/194\/revisions\/10104"}],"up":[{"embeddable":true,"href":"https:\/\/old.studieren-ohne-grenzen.org\/fr\/wp-json\/wp\/v2\/pages\/177"}],"wp:attachment":[{"href":"https:\/\/old.studieren-ohne-grenzen.org\/fr\/wp-json\/wp\/v2\/media?parent=194"}],"curies":[{"name":"wp","href":"https:\/\/api.w.org\/{rel}","templated":true}]}}