{"id":192,"date":"2014-01-05T15:12:03","date_gmt":"2014-01-05T13:12:03","guid":{"rendered":"http:\/\/10006stud.outofscope-dev.com\/?page_id=192"},"modified":"2021-08-19T12:29:07","modified_gmt":"2021-08-19T10:29:07","slug":"geschichte","status":"publish","type":"page","link":"https:\/\/old.studieren-ohne-grenzen.org\/fr\/uber-uns\/geschichte\/","title":{"rendered":"Geschichte"},"content":{"rendered":"<p><\/p>\n<h3><strong>Histoire<\/strong><\/h3>\n<p>Studieren ohne Grenzen fut fond\u00e9 le 29 octobre 2006 \u00e0 Konstanz et \u00e0 T\u00fcbingen, <em>en Allemagne<\/em>, sur l&rsquo;initiative de Felix Weth, \u00e9tudiant en politique. L&rsquo;organisation est une branche de l&rsquo;organisation fran\u00e7aise Etudes Sans Fronti\u00e8res qui avait, en 2003, commenc\u00e9 de soutenir des \u00e9tudiants tch\u00e9tch\u00e8nes en France.<\/p>\n<p>Le programme tch\u00e9tch\u00e8ne de Studieren Ohne Grenzen profite de cette exp\u00e9rience d&rsquo;Etudes Sans Fronti\u00e8res en France. D\u00e9but avril 2008, le premier boursier tch\u00e9tch\u00e8ne &nbsp;est arriv\u00e9 \u00e0 Konstanz. En juillet 2009, deux nouveaux bousiers purent commencer leurs \u00e9tudes \u00e0 T\u00fcbingen. Outre l&rsquo;accueil d&rsquo;autres \u00e9tudiants, le projet fut compl\u00e9t\u00e9 par le projet d&rsquo;infrastructure \u00e9ducationnelle de \u00ab&nbsp;Books to Grozny&nbsp;\u00bb (en fran\u00e7ais&nbsp;: des livres pour Grozny) dans le cadre duquel une premi\u00e8re livraison de litt\u00e9rature sp\u00e9cialis\u00e9e, en urgent besoin, a \u00e9t\u00e9 envoy\u00e9e en 2012 aux biblioth\u00e8ques de l&rsquo;universit\u00e9 de Grozny.<\/p>\n<p>C&rsquo;est en septembre 2007 que les dix premiers boursiers congolais ont pu commencer leurs \u00e9tudes \u00e0 Kindu dans l&rsquo;est de la R\u00e9publique D\u00e9mocratique du Congo (RDC). En 2010 le deuxi\u00e8me programme de bourses en RDC a \u00e9t\u00e9 initi\u00e9 : \u00e0 Mweso les boursiers \u00e9tudient dans un institut agronomique. Depuis 2013 nous nous occupons de boursiers afghans. Notre projet le plus r\u00e9cent se d\u00e9veloppe au nord-ouest du Sri Lanka, une r\u00e9gion fortement touch\u00e9e lors de la guerre civile.<\/p>\n<p>Avec son id\u00e9e de solidarit\u00e9 entre \u00e9tudiants \u00e0 l&rsquo;\u00e9chelle mondiale, l&rsquo;organisation a pu attirer de nombreux membres et s&rsquo;\u00e9tablir dans d&rsquo;autres villes universitaires de l&rsquo;Allemagne. La plupart des membres sont des \u00e9tudiants de toutes les branches, qui s&rsquo;engagent b\u00e9n\u00e9volement. Studieren Ohne Grenzen est devenu progressivement plus connue, \u00e0 l&rsquo;\u00e9chelle r\u00e9gionale mais aussi nationale, et a re\u00e7u de plus en plus de soutien de personnalit\u00e9s de la politique, de l&rsquo;\u00e9conomie et de la soci\u00e9t\u00e9. De nombreuses d\u00e9corations&nbsp; honorent l&rsquo;approche innovatrice de Studieren Ohne Grenzen dans le soutien de jeunes personnes dans les r\u00e9gions de crise.<\/p>","protected":false},"excerpt":{"rendered":"<p>Histoire Studieren ohne Grenzen fut fond\u00e9 le 29 octobre 2006 \u00e0 Konstanz et \u00e0 T\u00fcbingen, en Allemagne, sur l&rsquo;initiative de Felix Weth, \u00e9tudiant en politique. L&rsquo;organisation est une branche de l&rsquo;organisation fran\u00e7aise Etudes Sans Fronti\u00e8res qui avait, en 2003, commenc\u00e9 de soutenir des \u00e9tudiants tch\u00e9tch\u00e8nes en France. Le programme tch\u00e9tch\u00e8ne de Studieren Ohne Grenzen profite de cette exp\u00e9rience d&rsquo;Etudes Sans Fronti\u00e8res en France. D\u00e9but avril 2008, le premier boursier tch\u00e9tch\u00e8ne &nbsp;est arriv\u00e9 \u00e0 Konstanz. En juillet 2009, deux nouveaux bousiers purent commencer leurs \u00e9tudes \u00e0 T\u00fcbingen. Outre l&rsquo;accueil d&rsquo;autres \u00e9tudiants, le projet fut compl\u00e9t\u00e9 par le projet d&rsquo;infrastructure \u00e9ducationnelle de \u00ab&nbsp;Books to Grozny&nbsp;\u00bb (en fran\u00e7ais&nbsp;: des livres pour Grozny) dans le cadre duquel une premi\u00e8re livraison de litt\u00e9rature sp\u00e9cialis\u00e9e, en urgent besoin, a \u00e9t\u00e9 envoy\u00e9e en 2012 aux biblioth\u00e8ques de l&rsquo;universit\u00e9 de Grozny. C&rsquo;est en septembre 2007 que les dix premiers boursiers congolais ont pu commencer leurs \u00e9tudes \u00e0 Kindu dans l&rsquo;est de la R\u00e9publique D\u00e9mocratique du Congo (RDC). En 2010 le deuxi\u00e8me programme de bourses en RDC a \u00e9t\u00e9 initi\u00e9 : \u00e0 Mweso les boursiers \u00e9tudient dans un institut agronomique. Depuis 2013 nous nous occupons de boursiers afghans. Notre projet le plus r\u00e9cent se d\u00e9veloppe au nord-ouest du Sri Lanka, une r\u00e9gion fortement touch\u00e9e lors de la guerre civile. Avec son id\u00e9e de solidarit\u00e9 entre \u00e9tudiants \u00e0 l&rsquo;\u00e9chelle mondiale, l&rsquo;organisation a pu attirer de nombreux membres et s&rsquo;\u00e9tablir dans d&rsquo;autres villes universitaires de l&rsquo;Allemagne. La plupart des membres sont des \u00e9tudiants de toutes les branches, qui s&rsquo;engagent b\u00e9n\u00e9volement. Studieren Ohne Grenzen est devenu progressivement plus connue, \u00e0 l&rsquo;\u00e9chelle r\u00e9gionale mais aussi nationale, et a re\u00e7u de plus en plus de soutien de personnalit\u00e9s de la politique, de l&rsquo;\u00e9conomie et de la soci\u00e9t\u00e9. De nombreuses d\u00e9corations&nbsp; honorent l&rsquo;approche innovatrice de Studieren Ohne Grenzen dans le soutien de jeunes personnes dans les r\u00e9gions de crise.<\/p>\n","protected":false},"author":1,"featured_media":0,"parent":177,"menu_order":0,"comment_status":"open","ping_status":"closed","template":"","meta":{"ngg_post_thumbnail":0},"_links":{"self":[{"href":"https:\/\/old.studieren-ohne-grenzen.org\/fr\/wp-json\/wp\/v2\/pages\/192"}],"collection":[{"href":"https:\/\/old.studieren-ohne-grenzen.org\/fr\/wp-json\/wp\/v2\/pages"}],"about":[{"href":"https:\/\/old.studieren-ohne-grenzen.org\/fr\/wp-json\/wp\/v2\/types\/page"}],"author":[{"embeddable":true,"href":"https:\/\/old.studieren-ohne-grenzen.org\/fr\/wp-json\/wp\/v2\/users\/1"}],"replies":[{"embeddable":true,"href":"https:\/\/old.studieren-ohne-grenzen.org\/fr\/wp-json\/wp\/v2\/comments?post=192"}],"version-history":[{"count":27,"href":"https:\/\/old.studieren-ohne-grenzen.org\/fr\/wp-json\/wp\/v2\/pages\/192\/revisions"}],"predecessor-version":[{"id":9852,"href":"https:\/\/old.studieren-ohne-grenzen.org\/fr\/wp-json\/wp\/v2\/pages\/192\/revisions\/9852"}],"up":[{"embeddable":true,"href":"https:\/\/old.studieren-ohne-grenzen.org\/fr\/wp-json\/wp\/v2\/pages\/177"}],"wp:attachment":[{"href":"https:\/\/old.studieren-ohne-grenzen.org\/fr\/wp-json\/wp\/v2\/media?parent=192"}],"curies":[{"name":"wp","href":"https:\/\/api.w.org\/{rel}","templated":true}]}}