{"id":1631,"date":"2014-09-11T10:12:18","date_gmt":"2014-09-11T08:12:18","guid":{"rendered":"http:\/\/www.studieren-ohne-grenzen.org\/wordpress\/?page_id=1631"},"modified":"2023-05-01T10:16:10","modified_gmt":"2023-05-01T08:16:10","slug":"patenschaften","status":"publish","type":"page","link":"https:\/\/old.studieren-ohne-grenzen.org\/fr\/unterstuetzen\/patenschaften\/","title":{"rendered":"Patenschaften"},"content":{"rendered":"<p>Mit einer Patenschaft kann eine Schulabsolventin oder ein Schulabsolvent in der DR Kongo oder in Afghanistan direkt unterst\u00fctzt werden.&nbsp;Eine Patenschaft wird f\u00fcr die Dauer der Regelstudienzeit \u00fcbernommen, kann aber jederzeit mit sofortiger Wirkung gek\u00fcndigt werden.&nbsp;Patenschaften k\u00f6nnen ganz einfach online abgeschlossen werden \u2013 einfach das Patenschaftsformular ausdrucken, ausf\u00fcllen und an uns schicken. Gerne stehen wir jederzeit f\u00fcr Fragen zur Verf\u00fcgung: <a href=\"mailto:kontakt@studieren-ohne-grenzen.org\">kontakt@studieren-ohne-grenzen.org<\/a><\/p>\n<h4>Patenschaft Mweso<\/h4>\n<p>Mit umgerechnet 15 Euro im Monat kann kongolesischen Studierenden das komplette&nbsp;Studium an einem Agrarinstitut in Mweso finanziert werden. Die Kosten setzen sich aus den direkten Studien- und Pr\u00fcfungsgeb\u00fchren und einem Zuschuss zu den Lehrmaterialien&nbsp;zusammen. Das Stipendienprogramm in Mweso wurde im September 2010 gestartet und erm\u00f6glicht&nbsp;bed\u00fcrftigen und sozial engagierten Kongolesinnen und Kongolesen ein agronomisches Studium in Mweso, im Osten der DR Kongo. Hier geht es zum&nbsp;<a href=\"https:\/\/www.studieren-ohne-grenzen.org\/patenschaften\/\">Patenschaftsformular Mweso<\/a>. Alternativ k\u00f6nnen Sie hier das <a href=\"https:\/\/www.studieren-ohne-grenzen.org\/wp-content\/uploads\/2014\/09\/sog-patenschaftsformular_mweso.pdf\">Formular als PDF-Datei<\/a> herunterladen.<\/p>\n<h4>Patenschaft Afghanistan<\/h4>\n<p>Seit 2013 vergeben wir Stipendien an qualifizierte junge Menschen in Afghanistan, die einen nachhaltigen Beitrag zum sozialen und wirtschaftlichen Wiederaufbau ihres Landes leisten m\u00f6chten. Mit 75 Euro im Monat k\u00f6nnen Sie einem afghanischen Studierenden das komplette Studium finanzieren. Dieser Betrag ist ein Zuschuss zum Lebensunterhalt und wird zur Bezahlung studienbegleitender Kosten wie Busfahrten, B\u00fccher und Schreibmaterial verwendet. Eine anteilige Patenschaft (25 Euro monatlich) ist auch m\u00f6glich. Hier geht es zum <a href=\"https:\/\/www.studieren-ohne-grenzen.org\/patenschaften\/\">Patenschaftsformular Afghanistan<\/a>. Alternativ k\u00f6nnen Sie hier das <a href=\"http:\/\/www.studieren-ohne-grenzen.org\/wp-content\/uploads\/2014\/09\/Patenschaftsformular-Afghanistan.pdf\">Formular als PDF-Datei<\/a> herunterladen.Mit einer Patenschaft kann eine Schulabsolventin oder ein Schulabsolvent in der DR Kongo oder in Afghanistan direkt unterst\u00fctzt werden.&nbsp;Eine Patenschaft wird f\u00fcr die Dauer der Regelstudienzeit \u00fcbernommen, kann aber jederzeit mit sofortiger Wirkung gek\u00fcndigt werden.&nbsp;Patenschaften k\u00f6nnen ganz einfach online abgeschlossen werden \u2013 einfach das Patenschaftsformular ausdrucken, ausf\u00fcllen und an uns schicken. Gerne stehen wir jederzeit f\u00fcr Fragen zur Verf\u00fcgung: <a href=\"mailto:kontakt@studieren-ohne-grenzen.org\">kontakt@studieren-ohne-grenzen.org<\/a><\/p>\n<h4>Patenschaft Mweso<\/h4>\n<p>Mit umgerechnet 15 Euro im Monat kann kongolesischen Studierenden das komplette&nbsp;Studium an einem Agrarinstitut in Mweso finanziert werden. Die Kosten setzen sich aus den direkten Studien- und Pr\u00fcfungsgeb\u00fchren und einem Zuschuss zu den Lehrmaterialien&nbsp;zusammen. Das Stipendienprogramm in Mweso wurde im September 2010 gestartet und erm\u00f6glicht&nbsp;bed\u00fcrftigen und sozial engagierten Kongolesinnen und Kongolesen ein agronomisches Studium in Mweso, im Osten der DR Kongo. Hier geht es zum&nbsp;<a href=\"https:\/\/www.studieren-ohne-grenzen.org\/patenschaften\/\">Patenschaftsformular Mweso<\/a>. Alternativ k\u00f6nnen Sie hier das <a href=\"https:\/\/www.studieren-ohne-grenzen.org\/wp-content\/uploads\/2014\/09\/sog-patenschaftsformular_mweso.pdf\">Formular als PDF-Datei<\/a> herunterladen.<\/p>\n<h4>Patenschaft Afghanistan<\/h4>\n<p>Seit 2013 vergeben wir Stipendien an qualifizierte junge Menschen in Afghanistan, die einen nachhaltigen Beitrag zum sozialen und wirtschaftlichen Wiederaufbau ihres Landes leisten m\u00f6chten. Wir wollen ihnen so ein Studium an der Universit\u00e4t erm\u00f6glichen. Mit 75 Euro im Monat k\u00f6nnen Sie einem afghanischen Studierenden das komplette Studium finanzieren. Dieser Betrag ist ein Zuschuss zum Lebensunterhalt und wird zur Bezahlung studienbegleitender Kosten wie Busfahrten, B\u00fccher und Schreibmaterial verwendet. Eine anteilige Patenschaft (25 Euro monatlich) ist auch m\u00f6glich. Hier geht es zum <a href=\"https:\/\/www.studieren-ohne-grenzen.org\/patenschaften\/\">Patenschaftsformular Afghanistan<\/a>. Alternativ k\u00f6nnen Sie hier das <a href=\"http:\/\/www.studieren-ohne-grenzen.org\/wp-content\/uploads\/2014\/09\/Patenschaftsformular-Afghanistan.pdf\">Formular als PDF-Datei<\/a> herunterladen.Mit einer Patenschaft kann eine Schulabsolventin oder ein Schulabsolvent in der DR Kongo oder in Afghanistan direkt unterst\u00fctzt werden.&nbsp;Eine Patenschaft wird f\u00fcr die Dauer der Regelstudienzeit \u00fcbernommen, kann aber jederzeit mit sofortiger Wirkung gek\u00fcndigt werden.&nbsp;Patenschaften k\u00f6nnen ganz einfach online abgeschlossen werden \u2013 einfach das Patenschaftsformular ausdrucken, ausf\u00fcllen und an uns schicken. Gerne stehen wir jederzeit f\u00fcr Fragen zur Verf\u00fcgung: <a href=\"mailto:kontakt@studieren-ohne-grenzen.org\">kontakt@studieren-ohne-grenzen.org<\/a><\/p>\n<h4>Patenschaft Mweso<\/h4>\n<p>Mit umgerechnet 15 Euro im Monat kann kongolesischen Studierenden das komplette&nbsp;Studium an einem Agrarinstitut in Mweso finanziert werden. Die Kosten setzen sich aus den direkten Studien- und Pr\u00fcfungsgeb\u00fchren und einem Zuschuss zu den Lehrmaterialien&nbsp;zusammen. Das Stipendienprogramm in Mweso wurde im September 2010 gestartet und erm\u00f6glicht&nbsp;bed\u00fcrftigen und sozial engagierten Kongolesinnen und Kongolesen ein agronomisches Studium in Mweso, im Osten der DR Kongo. Hier geht es zum&nbsp;<a href=\"https:\/\/www.studieren-ohne-grenzen.org\/patenschaften\/\">Patenschaftsformular Mweso<\/a>. Alternativ k\u00f6nnen Sie hier das <a href=\"https:\/\/www.studieren-ohne-grenzen.org\/wp-content\/uploads\/2014\/09\/sog-patenschaftsformular_mweso.pdf\">Formular als PDF-Datei<\/a> herunterladen.<\/p>\n<h4>Patenschaft Afghanistan<\/h4>\n<p>Seit 2013 vergeben wir Stipendien an qualifizierte junge Menschen in Afghanistan, die einen nachhaltigen Beitrag zum sozialen und wirtschaftlichen Wiederaufbau ihres Landes leisten m\u00f6chten. Mit 75 Euro im Monat k\u00f6nnen Sie einem afghanischen Studierenden das komplette Studium finanzieren. Dieser Betrag ist ein Zuschuss zum Lebensunterhalt und wird zur Bezahlung studienbegleitender Kosten wie Busfahrten, B\u00fccher und Schreibmaterial verwendet. Eine anteilige Patenschaft (25 Euro monatlich) ist auch m\u00f6glich. Hier geht es zum <a href=\"https:\/\/www.studieren-ohne-grenzen.org\/patenschaften\/\">Patenschaftsformular Afghanistan<\/a>. Alternativ k\u00f6nnen Sie hier das <a href=\"http:\/\/www.studieren-ohne-grenzen.org\/wp-content\/uploads\/2014\/09\/Patenschaftsformular-Afghanistan.pdf\">Formular als PDF-Datei<\/a> herunterladen.Mit einer Patenschaft kann eine Schulabsolventin oder ein Schulabsolvent in der DR Kongo oder in Afghanistan direkt unterst\u00fctzt werden.&nbsp;Eine Patenschaft wird f\u00fcr die Dauer der Regelstudienzeit \u00fcbernommen, kann aber jederzeit mit sofortiger Wirkung gek\u00fcndigt werden.&nbsp;Patenschaften k\u00f6nnen ganz einfach online abgeschlossen werden \u2013 einfach das Patenschaftsformular ausdrucken, ausf\u00fcllen und an uns schicken. Gerne stehen wir jederzeit f\u00fcr Fragen zur Verf\u00fcgung: <a href=\"mailto:kontakt@studieren-ohne-grenzen.org\">kontakt@studieren-ohne-grenzen.org<\/a><\/p>\n<h4>Patenschaft Mweso<\/h4>\n<p>Mit umgerechnet 15 Euro im Monat kann kongolesischen Studierenden das komplette&nbsp;Studium an einem Agrarinstitut in Mweso finanziert werden. Die Kosten setzen sich aus den direkten Studien- und Pr\u00fcfungsgeb\u00fchren und einem Zuschuss zu den Lehrmaterialien&nbsp;zusammen. Das Stipendienprogramm in Mweso wurde im September 2010 gestartet und erm\u00f6glicht&nbsp;bed\u00fcrftigen und sozial engagierten Kongolesinnen und Kongolesen ein agronomisches Studium in Mweso, im Osten der DR Kongo. Hier geht es zum&nbsp;<a href=\"https:\/\/www.studieren-ohne-grenzen.org\/patenschaften\/\">Patenschaftsformular Mweso<\/a>. Alternativ k\u00f6nnen Sie hier das <a href=\"https:\/\/www.studieren-ohne-grenzen.org\/wp-content\/uploads\/2014\/09\/sog-patenschaftsformular_mweso.pdf\">Formular als PDF-Datei<\/a> herunterladen.<\/p>\n<h4>Patenschaft Afghanistan<\/h4>\n<p>Seit 2013 vergeben wir Stipendien an qualifizierte junge Menschen in Afghanistan, die einen nachhaltigen Beitrag zum sozialen und wirtschaftlichen Wiederaufbau ihres Landes leisten m\u00f6chten. Wir wollen ihnen so ein Studium an der Universit\u00e4t erm\u00f6glichen. Mit 75 Euro im Monat k\u00f6nnen Sie einem afghanischen Studierenden das komplette Studium finanzieren. Dieser Betrag ist ein Zuschuss zum Lebensunterhalt und wird zur Bezahlung studienbegleitender Kosten wie Busfahrten, B\u00fccher und Schreibmaterial verwendet. Eine anteilige Patenschaft (25 Euro monatlich) ist auch m\u00f6glich. Hier geht es zum <a href=\"https:\/\/www.studieren-ohne-grenzen.org\/patenschaften\/\">Patenschaftsformular Afghanistan<\/a>. Alternativ k\u00f6nnen Sie hier das <a href=\"http:\/\/www.studieren-ohne-grenzen.org\/wp-content\/uploads\/2014\/09\/Patenschaftsformular-Afghanistan.pdf\">Formular als PDF-Datei<\/a> herunterladen.<\/p>","protected":false},"excerpt":{"rendered":"<p>Mit einer Patenschaft kann eine Schulabsolventin oder ein Schulabsolvent in der DR Kongo oder in Afghanistan direkt unterst\u00fctzt werden.&nbsp;Eine Patenschaft wird f\u00fcr die Dauer der Regelstudienzeit \u00fcbernommen, kann aber jederzeit mit sofortiger Wirkung gek\u00fcndigt werden.&nbsp;Patenschaften k\u00f6nnen ganz einfach online abgeschlossen werden \u2013 einfach das Patenschaftsformular ausdrucken, ausf\u00fcllen und an uns schicken. Gerne stehen wir jederzeit f\u00fcr Fragen zur Verf\u00fcgung: kontakt@studieren-ohne-grenzen.org Patenschaft Mweso Mit umgerechnet 15 Euro im Monat kann kongolesischen Studierenden das komplette&nbsp;Studium an einem Agrarinstitut in Mweso finanziert werden. Die Kosten setzen sich aus den direkten Studien- und Pr\u00fcfungsgeb\u00fchren und einem Zuschuss zu den Lehrmaterialien&nbsp;zusammen. Das Stipendienprogramm in Mweso wurde im September 2010 gestartet und erm\u00f6glicht&nbsp;bed\u00fcrftigen und sozial engagierten Kongolesinnen und Kongolesen ein agronomisches Studium in Mweso, im Osten der DR Kongo. Hier geht es zum&nbsp;Patenschaftsformular Mweso. Alternativ k\u00f6nnen Sie hier das Formular als PDF-Datei herunterladen. Patenschaft Afghanistan Seit 2013 vergeben wir Stipendien an qualifizierte junge Menschen in Afghanistan, die einen nachhaltigen Beitrag zum sozialen und wirtschaftlichen Wiederaufbau ihres Landes leisten m\u00f6chten. Mit 75 Euro im Monat k\u00f6nnen Sie einem afghanischen Studierenden das komplette Studium finanzieren. Dieser Betrag ist ein Zuschuss zum Lebensunterhalt und wird zur Bezahlung studienbegleitender Kosten wie Busfahrten, B\u00fccher und Schreibmaterial verwendet. Eine anteilige Patenschaft (25 Euro monatlich) ist auch m\u00f6glich. Hier geht es zum Patenschaftsformular Afghanistan. Alternativ k\u00f6nnen Sie hier das Formular als PDF-Datei herunterladen.Mit einer Patenschaft kann eine Schulabsolventin oder ein Schulabsolvent in der DR Kongo oder in Afghanistan direkt unterst\u00fctzt werden.&nbsp;Eine Patenschaft wird f\u00fcr die Dauer der Regelstudienzeit \u00fcbernommen, kann aber jederzeit mit sofortiger Wirkung gek\u00fcndigt werden.&nbsp;Patenschaften k\u00f6nnen ganz einfach online abgeschlossen werden \u2013 einfach das Patenschaftsformular ausdrucken, ausf\u00fcllen und an uns schicken. Gerne stehen wir jederzeit f\u00fcr Fragen zur Verf\u00fcgung: kontakt@studieren-ohne-grenzen.org Patenschaft Mweso Mit umgerechnet 15 Euro im Monat kann kongolesischen Studierenden das komplette&nbsp;Studium an einem Agrarinstitut in Mweso finanziert werden. Die Kosten setzen sich aus den direkten Studien- und Pr\u00fcfungsgeb\u00fchren und einem Zuschuss zu den Lehrmaterialien&nbsp;zusammen. Das Stipendienprogramm in Mweso wurde im September 2010 gestartet und erm\u00f6glicht&nbsp;bed\u00fcrftigen und sozial engagierten Kongolesinnen und Kongolesen ein agronomisches Studium in Mweso, im Osten der DR Kongo. Hier geht es zum&nbsp;Patenschaftsformular Mweso. Alternativ k\u00f6nnen Sie hier das Formular als PDF-Datei herunterladen. Patenschaft Afghanistan Seit 2013 vergeben wir Stipendien an qualifizierte junge Menschen in Afghanistan, die einen nachhaltigen Beitrag zum sozialen und wirtschaftlichen Wiederaufbau ihres Landes leisten m\u00f6chten. Wir wollen ihnen so ein Studium an der Universit\u00e4t erm\u00f6glichen. Mit 75 Euro im Monat k\u00f6nnen Sie einem afghanischen Studierenden das komplette Studium finanzieren. Dieser Betrag ist ein Zuschuss zum Lebensunterhalt und wird zur Bezahlung studienbegleitender Kosten wie Busfahrten, B\u00fccher und Schreibmaterial verwendet. Eine anteilige Patenschaft (25 Euro monatlich) ist auch m\u00f6glich. Hier geht es zum Patenschaftsformular Afghanistan. Alternativ k\u00f6nnen Sie hier das Formular als PDF-Datei herunterladen.Mit einer Patenschaft kann eine Schulabsolventin oder ein Schulabsolvent in der DR Kongo oder in Afghanistan direkt unterst\u00fctzt werden.&nbsp;Eine Patenschaft wird f\u00fcr die Dauer der Regelstudienzeit \u00fcbernommen, kann aber jederzeit mit sofortiger Wirkung gek\u00fcndigt werden.&nbsp;Patenschaften k\u00f6nnen ganz einfach online abgeschlossen werden \u2013 einfach das Patenschaftsformular ausdrucken, ausf\u00fcllen und an uns schicken. Gerne stehen wir jederzeit f\u00fcr Fragen zur Verf\u00fcgung: kontakt@studieren-ohne-grenzen.org Patenschaft Mweso Mit umgerechnet 15 Euro im Monat kann kongolesischen Studierenden das komplette&nbsp;Studium an einem Agrarinstitut in Mweso finanziert werden. Die Kosten setzen sich aus den direkten Studien- und Pr\u00fcfungsgeb\u00fchren und einem Zuschuss zu den Lehrmaterialien&nbsp;zusammen. Das Stipendienprogramm in Mweso wurde im September 2010 gestartet und erm\u00f6glicht&nbsp;bed\u00fcrftigen und sozial engagierten Kongolesinnen und Kongolesen ein agronomisches Studium in Mweso, im Osten der DR Kongo. Hier geht es zum&nbsp;Patenschaftsformular Mweso. Alternativ k\u00f6nnen Sie hier das Formular als PDF-Datei herunterladen. Patenschaft Afghanistan Seit 2013 vergeben wir Stipendien an qualifizierte junge Menschen in Afghanistan, die einen nachhaltigen Beitrag zum sozialen und wirtschaftlichen Wiederaufbau ihres Landes leisten m\u00f6chten. Mit 75 Euro im Monat k\u00f6nnen Sie einem afghanischen Studierenden das komplette Studium finanzieren. Dieser Betrag ist ein Zuschuss zum Lebensunterhalt und wird zur Bezahlung studienbegleitender Kosten wie Busfahrten, B\u00fccher und Schreibmaterial verwendet. Eine anteilige Patenschaft (25 Euro monatlich) ist auch m\u00f6glich. Hier geht es zum Patenschaftsformular Afghanistan. Alternativ k\u00f6nnen Sie hier das Formular als PDF-Datei herunterladen.Mit einer Patenschaft kann eine Schulabsolventin oder ein Schulabsolvent in der DR Kongo oder in Afghanistan direkt unterst\u00fctzt werden.&nbsp;Eine Patenschaft wird f\u00fcr die Dauer der Regelstudienzeit \u00fcbernommen, kann aber jederzeit mit sofortiger Wirkung gek\u00fcndigt werden.&nbsp;Patenschaften k\u00f6nnen ganz einfach online abgeschlossen werden \u2013 einfach das Patenschaftsformular ausdrucken, ausf\u00fcllen und an uns schicken. Gerne stehen wir jederzeit f\u00fcr Fragen zur Verf\u00fcgung: kontakt@studieren-ohne-grenzen.org Patenschaft Mweso Mit umgerechnet 15 Euro im Monat kann kongolesischen Studierenden das komplette&nbsp;Studium an einem Agrarinstitut in Mweso finanziert werden. Die Kosten setzen sich aus den direkten Studien- und Pr\u00fcfungsgeb\u00fchren und einem Zuschuss zu den Lehrmaterialien&nbsp;zusammen. Das Stipendienprogramm in Mweso wurde im September 2010 gestartet und erm\u00f6glicht&nbsp;bed\u00fcrftigen und sozial engagierten Kongolesinnen und Kongolesen ein agronomisches Studium in Mweso, im Osten der DR Kongo. Hier geht es zum&nbsp;Patenschaftsformular Mweso. Alternativ k\u00f6nnen Sie hier das Formular als PDF-Datei herunterladen. Patenschaft Afghanistan Seit 2013 vergeben wir Stipendien an qualifizierte junge Menschen in Afghanistan, die einen nachhaltigen Beitrag zum sozialen und wirtschaftlichen Wiederaufbau ihres Landes leisten m\u00f6chten. Wir wollen ihnen so ein Studium an der Universit\u00e4t erm\u00f6glichen. Mit 75 Euro im Monat k\u00f6nnen Sie einem afghanischen Studierenden das komplette Studium finanzieren. Dieser Betrag ist ein Zuschuss zum Lebensunterhalt und wird zur Bezahlung studienbegleitender Kosten wie Busfahrten, B\u00fccher und Schreibmaterial verwendet. Eine anteilige Patenschaft (25 Euro monatlich) ist auch m\u00f6glich. Hier geht es zum Patenschaftsformular Afghanistan. Alternativ k\u00f6nnen Sie hier das Formular als PDF-Datei herunterladen.<\/p>\n","protected":false},"author":1,"featured_media":0,"parent":95,"menu_order":2,"comment_status":"open","ping_status":"closed","template":"","meta":{"ngg_post_thumbnail":0},"_links":{"self":[{"href":"https:\/\/old.studieren-ohne-grenzen.org\/fr\/wp-json\/wp\/v2\/pages\/1631"}],"collection":[{"href":"https:\/\/old.studieren-ohne-grenzen.org\/fr\/wp-json\/wp\/v2\/pages"}],"about":[{"href":"https:\/\/old.studieren-ohne-grenzen.org\/fr\/wp-json\/wp\/v2\/types\/page"}],"author":[{"embeddable":true,"href":"https:\/\/old.studieren-ohne-grenzen.org\/fr\/wp-json\/wp\/v2\/users\/1"}],"replies":[{"embeddable":true,"href":"https:\/\/old.studieren-ohne-grenzen.org\/fr\/wp-json\/wp\/v2\/comments?post=1631"}],"version-history":[{"count":88,"href":"https:\/\/old.studieren-ohne-grenzen.org\/fr\/wp-json\/wp\/v2\/pages\/1631\/revisions"}],"predecessor-version":[{"id":10078,"href":"https:\/\/old.studieren-ohne-grenzen.org\/fr\/wp-json\/wp\/v2\/pages\/1631\/revisions\/10078"}],"up":[{"embeddable":true,"href":"https:\/\/old.studieren-ohne-grenzen.org\/fr\/wp-json\/wp\/v2\/pages\/95"}],"wp:attachment":[{"href":"https:\/\/old.studieren-ohne-grenzen.org\/fr\/wp-json\/wp\/v2\/media?parent=1631"}],"curies":[{"name":"wp","href":"https:\/\/api.w.org\/{rel}","templated":true}]}}