{"id":775,"date":"2014-04-04T08:20:59","date_gmt":"2014-04-04T06:20:59","guid":{"rendered":"http:\/\/studieren-ohne-grenzen.org\/wordpress\/?page_id=775"},"modified":"2019-03-12T20:14:40","modified_gmt":"2019-03-12T19:14:40","slug":"projekt","status":"publish","type":"page","link":"https:\/\/old.studieren-ohne-grenzen.org\/es\/projekte\/sri-lanka\/projekt\/","title":{"rendered":"(Deutsch) Sri &#8211; Projekt \u00abInfinity Centre\u00bb"},"content":{"rendered":"<p class=\"qtranxs-available-languages-message qtranxs-available-languages-message-es\">Disculpa, pero esta entrada est\u00e1 disponible s\u00f3lo en <a href=\"https:\/\/old.studieren-ohne-grenzen.org\/de\/wp-json\/wp\/v2\/pages\/775\" class=\"qtranxs-available-language-link qtranxs-available-language-link-de\" title=\"Deutsch\">Alem\u00e1n<\/a>, <a href=\"https:\/\/old.studieren-ohne-grenzen.org\/en\/wp-json\/wp\/v2\/pages\/775\" class=\"qtranxs-available-language-link qtranxs-available-language-link-en\" title=\"English\">Ingl\u00e9s Estadounidense<\/a>, <a href=\"https:\/\/old.studieren-ohne-grenzen.org\/fr\/wp-json\/wp\/v2\/pages\/775\" class=\"qtranxs-available-language-link qtranxs-available-language-link-fr\" title=\"Fran\u00e7ais\">Franc\u00e9s<\/a> y <a href=\"https:\/\/old.studieren-ohne-grenzen.org\/ru\/wp-json\/wp\/v2\/pages\/775\" class=\"qtranxs-available-language-link qtranxs-available-language-link-ru\" title=\"\u0440\u0443\u0441\u0441\u043a\u0438\u0439 \u044f\u0437\u044b\u043a\">Ruso<\/a>.<\/p>","protected":false},"excerpt":{"rendered":"<p>Disculpa, pero esta entrada est\u00e1 disponible s\u00f3lo en Alem\u00e1n, Ingl\u00e9s Estadounidense, Franc\u00e9s y Ruso.<\/p>\n","protected":false},"author":27,"featured_media":0,"parent":770,"menu_order":1,"comment_status":"open","ping_status":"closed","template":"","meta":{"ngg_post_thumbnail":0},"_links":{"self":[{"href":"https:\/\/old.studieren-ohne-grenzen.org\/es\/wp-json\/wp\/v2\/pages\/775"}],"collection":[{"href":"https:\/\/old.studieren-ohne-grenzen.org\/es\/wp-json\/wp\/v2\/pages"}],"about":[{"href":"https:\/\/old.studieren-ohne-grenzen.org\/es\/wp-json\/wp\/v2\/types\/page"}],"author":[{"embeddable":true,"href":"https:\/\/old.studieren-ohne-grenzen.org\/es\/wp-json\/wp\/v2\/users\/27"}],"replies":[{"embeddable":true,"href":"https:\/\/old.studieren-ohne-grenzen.org\/es\/wp-json\/wp\/v2\/comments?post=775"}],"version-history":[{"count":49,"href":"https:\/\/old.studieren-ohne-grenzen.org\/es\/wp-json\/wp\/v2\/pages\/775\/revisions"}],"predecessor-version":[{"id":8375,"href":"https:\/\/old.studieren-ohne-grenzen.org\/es\/wp-json\/wp\/v2\/pages\/775\/revisions\/8375"}],"up":[{"embeddable":true,"href":"https:\/\/old.studieren-ohne-grenzen.org\/es\/wp-json\/wp\/v2\/pages\/770"}],"wp:attachment":[{"href":"https:\/\/old.studieren-ohne-grenzen.org\/es\/wp-json\/wp\/v2\/media?parent=775"}],"curies":[{"name":"wp","href":"https:\/\/api.w.org\/{rel}","templated":true}]}}