{"id":76,"date":"2014-01-03T11:39:00","date_gmt":"2014-01-03T09:39:00","guid":{"rendered":"http:\/\/10006stud.outofscope-dev.com\/home-2\/"},"modified":"2023-05-03T17:57:44","modified_gmt":"2023-05-03T15:57:44","slug":"home","status":"publish","type":"page","link":"https:\/\/old.studieren-ohne-grenzen.org\/es\/","title":{"rendered":"Inicio"},"content":{"rendered":"<p>Estudiar Sin Fronteras est\u00e1 comprometida con la educaci\u00f3n superior en regiones conflictivas. Concedemos becas a estudiantes con pocos recursos financieros, ayudamos a mejorar la infraestructura educativa y sensibilizamos al p\u00fablico alem\u00e1n respecto a la situaci\u00f3n en los pa\u00edses en los que trabajamos que por ahora son Afganist\u00e1n, la RD Congo, Sri Lanka y Chechenia.<\/p>\n<p>Con nuestro trabajo queremos apoyar a j\u00f3venes a contribuir de manera independiente a la reconstrucci\u00f3n y a la reconciliaci\u00f3n de sus pa\u00edses. Junto a las personas becadas queremos hacer una contribuci\u00f3n al desarrollo pac\u00edfico y sostenible de los pa\u00edses y las regiones que sufren de la guerra y sus consecuencias.<\/p>","protected":false},"excerpt":{"rendered":"<p>Estudiar Sin Fronteras est\u00e1 comprometida con la educaci\u00f3n superior en regiones conflictivas. Concedemos becas a estudiantes con pocos recursos financieros, ayudamos a mejorar la infraestructura educativa y sensibilizamos al p\u00fablico alem\u00e1n respecto a la situaci\u00f3n en los pa\u00edses en los que trabajamos que por ahora son Afganist\u00e1n, la RD Congo, Sri Lanka y Chechenia. Con nuestro trabajo queremos apoyar a j\u00f3venes a contribuir de manera independiente a la reconstrucci\u00f3n y a la reconciliaci\u00f3n de sus pa\u00edses. Junto a las personas becadas queremos hacer una contribuci\u00f3n al desarrollo pac\u00edfico y sostenible de los pa\u00edses y las regiones que sufren de la guerra y sus consecuencias.<\/p>\n","protected":false},"author":1,"featured_media":0,"parent":0,"menu_order":-1,"comment_status":"closed","ping_status":"closed","template":"","meta":{"ngg_post_thumbnail":0},"_links":{"self":[{"href":"https:\/\/old.studieren-ohne-grenzen.org\/es\/wp-json\/wp\/v2\/pages\/76"}],"collection":[{"href":"https:\/\/old.studieren-ohne-grenzen.org\/es\/wp-json\/wp\/v2\/pages"}],"about":[{"href":"https:\/\/old.studieren-ohne-grenzen.org\/es\/wp-json\/wp\/v2\/types\/page"}],"author":[{"embeddable":true,"href":"https:\/\/old.studieren-ohne-grenzen.org\/es\/wp-json\/wp\/v2\/users\/1"}],"replies":[{"embeddable":true,"href":"https:\/\/old.studieren-ohne-grenzen.org\/es\/wp-json\/wp\/v2\/comments?post=76"}],"version-history":[{"count":26,"href":"https:\/\/old.studieren-ohne-grenzen.org\/es\/wp-json\/wp\/v2\/pages\/76\/revisions"}],"predecessor-version":[{"id":9178,"href":"https:\/\/old.studieren-ohne-grenzen.org\/es\/wp-json\/wp\/v2\/pages\/76\/revisions\/9178"}],"wp:attachment":[{"href":"https:\/\/old.studieren-ohne-grenzen.org\/es\/wp-json\/wp\/v2\/media?parent=76"}],"curies":[{"name":"wp","href":"https:\/\/api.w.org\/{rel}","templated":true}]}}