{"id":6852,"date":"2017-11-06T22:32:34","date_gmt":"2017-11-06T21:32:34","guid":{"rendered":"https:\/\/www.studieren-ohne-grenzen.org\/?page_id=6852"},"modified":"2020-02-01T02:16:24","modified_gmt":"2020-02-01T01:16:24","slug":"stipendienprogramm","status":"publish","type":"page","link":"https:\/\/old.studieren-ohne-grenzen.org\/es\/projekte\/burundi\/stipendienprogramm\/","title":{"rendered":"(Deutsch) Bur &#8211; 4. Stipendienprogramm"},"content":{"rendered":"<p class=\"qtranxs-available-languages-message qtranxs-available-languages-message-es\">Disculpa, pero esta entrada est\u00e1 disponible s\u00f3lo en <a href=\"https:\/\/old.studieren-ohne-grenzen.org\/de\/wp-json\/wp\/v2\/pages\/6852\" class=\"qtranxs-available-language-link qtranxs-available-language-link-de\" title=\"Deutsch\">Alem\u00e1n<\/a> y <a href=\"https:\/\/old.studieren-ohne-grenzen.org\/en\/wp-json\/wp\/v2\/pages\/6852\" class=\"qtranxs-available-language-link qtranxs-available-language-link-en\" title=\"English\">Ingl\u00e9s Estadounidense<\/a>.<\/p>","protected":false},"excerpt":{"rendered":"<p>Disculpa, pero esta entrada est\u00e1 disponible s\u00f3lo en Alem\u00e1n y Ingl\u00e9s Estadounidense.<\/p>\n","protected":false},"author":45,"featured_media":0,"parent":4627,"menu_order":0,"comment_status":"closed","ping_status":"closed","template":"","meta":{"ngg_post_thumbnail":0},"_links":{"self":[{"href":"https:\/\/old.studieren-ohne-grenzen.org\/es\/wp-json\/wp\/v2\/pages\/6852"}],"collection":[{"href":"https:\/\/old.studieren-ohne-grenzen.org\/es\/wp-json\/wp\/v2\/pages"}],"about":[{"href":"https:\/\/old.studieren-ohne-grenzen.org\/es\/wp-json\/wp\/v2\/types\/page"}],"author":[{"embeddable":true,"href":"https:\/\/old.studieren-ohne-grenzen.org\/es\/wp-json\/wp\/v2\/users\/45"}],"replies":[{"embeddable":true,"href":"https:\/\/old.studieren-ohne-grenzen.org\/es\/wp-json\/wp\/v2\/comments?post=6852"}],"version-history":[{"count":23,"href":"https:\/\/old.studieren-ohne-grenzen.org\/es\/wp-json\/wp\/v2\/pages\/6852\/revisions"}],"predecessor-version":[{"id":9053,"href":"https:\/\/old.studieren-ohne-grenzen.org\/es\/wp-json\/wp\/v2\/pages\/6852\/revisions\/9053"}],"up":[{"embeddable":true,"href":"https:\/\/old.studieren-ohne-grenzen.org\/es\/wp-json\/wp\/v2\/pages\/4627"}],"wp:attachment":[{"href":"https:\/\/old.studieren-ohne-grenzen.org\/es\/wp-json\/wp\/v2\/media?parent=6852"}],"curies":[{"name":"wp","href":"https:\/\/api.w.org\/{rel}","templated":true}]}}