{"id":6850,"date":"2017-11-01T14:15:55","date_gmt":"2017-11-01T13:15:55","guid":{"rendered":"https:\/\/www.studieren-ohne-grenzen.org\/?page_id=6850"},"modified":"2021-11-14T21:01:09","modified_gmt":"2021-11-14T20:01:09","slug":"hintergrund","status":"publish","type":"page","link":"https:\/\/old.studieren-ohne-grenzen.org\/es\/projekte\/burundi\/hintergrund\/","title":{"rendered":"(Deutsch) Bur &#8211; 3. Hintergrund"},"content":{"rendered":"<p class=\"qtranxs-available-languages-message qtranxs-available-languages-message-es\">Disculpa, pero esta entrada est\u00e1 disponible s\u00f3lo en <a href=\"https:\/\/old.studieren-ohne-grenzen.org\/de\/wp-json\/wp\/v2\/pages\/6850\" class=\"qtranxs-available-language-link qtranxs-available-language-link-de\" title=\"Deutsch\">Alem\u00e1n<\/a> y <a href=\"https:\/\/old.studieren-ohne-grenzen.org\/en\/wp-json\/wp\/v2\/pages\/6850\" class=\"qtranxs-available-language-link qtranxs-available-language-link-en\" title=\"English\">Ingl\u00e9s Estadounidense<\/a>.<\/p>","protected":false},"excerpt":{"rendered":"<p>Disculpa, pero esta entrada est\u00e1 disponible s\u00f3lo en Alem\u00e1n y Ingl\u00e9s Estadounidense.<\/p>\n","protected":false},"author":45,"featured_media":0,"parent":4627,"menu_order":0,"comment_status":"closed","ping_status":"closed","template":"","meta":{"ngg_post_thumbnail":0},"_links":{"self":[{"href":"https:\/\/old.studieren-ohne-grenzen.org\/es\/wp-json\/wp\/v2\/pages\/6850"}],"collection":[{"href":"https:\/\/old.studieren-ohne-grenzen.org\/es\/wp-json\/wp\/v2\/pages"}],"about":[{"href":"https:\/\/old.studieren-ohne-grenzen.org\/es\/wp-json\/wp\/v2\/types\/page"}],"author":[{"embeddable":true,"href":"https:\/\/old.studieren-ohne-grenzen.org\/es\/wp-json\/wp\/v2\/users\/45"}],"replies":[{"embeddable":true,"href":"https:\/\/old.studieren-ohne-grenzen.org\/es\/wp-json\/wp\/v2\/comments?post=6850"}],"version-history":[{"count":43,"href":"https:\/\/old.studieren-ohne-grenzen.org\/es\/wp-json\/wp\/v2\/pages\/6850\/revisions"}],"predecessor-version":[{"id":9875,"href":"https:\/\/old.studieren-ohne-grenzen.org\/es\/wp-json\/wp\/v2\/pages\/6850\/revisions\/9875"}],"up":[{"embeddable":true,"href":"https:\/\/old.studieren-ohne-grenzen.org\/es\/wp-json\/wp\/v2\/pages\/4627"}],"wp:attachment":[{"href":"https:\/\/old.studieren-ohne-grenzen.org\/es\/wp-json\/wp\/v2\/media?parent=6850"}],"curies":[{"name":"wp","href":"https:\/\/api.w.org\/{rel}","templated":true}]}}