{"id":5868,"date":"2017-01-10T16:08:23","date_gmt":"2017-01-10T15:08:23","guid":{"rendered":"https:\/\/www.studieren-ohne-grenzen.org\/?page_id=5868"},"modified":"2019-05-29T18:45:16","modified_gmt":"2019-05-29T16:45:16","slug":"hintergrund","status":"publish","type":"page","link":"https:\/\/old.studieren-ohne-grenzen.org\/es\/projekte\/guatemala\/hintergrund\/","title":{"rendered":"Trasfondo"},"content":{"rendered":"<p><\/p>\n<h2>Trasfondo<\/h2>\n<p>Hoy en d\u00eda, muchos a\u00f1os despu\u00e9s de la firma de los Acuerdos de Paz, Guatemala sigue estando marcada fuertemente por los efectos del conflicto armado interno que dur\u00f3 36 a\u00f1os. Debido a la lucha entre guerillas y el ej\u00e9rcito en los a\u00f1os 1990 hubo m\u00e1s de un mill\u00f3n de desplazados dentro del pa\u00eds. En el transcurso del conflicto armado interno fueron asesinadas 200.000 personas, de ellas el 93% por parte el ej\u00e9rcito y de grupos paramilitares vinculados a \u00e9l.<\/p>\n<p>Una gran parte de las personas asesinadas eran ind\u00edgenas. Se cometieron masacres contra grupos como los Maya, Xinca o Garifuna. A d\u00eda de hoy muchos de estos cr\u00edmenes no han sido esclarecidos.<\/p>\n<h4>Situaci\u00f3n del sistema educativo y universitario<\/h4>\n<p>El sistema educativo guatemalteco tiene varias deficiencias: solamente un 2,8% del PIB se destinan a la educaci\u00f3n lo que hace que Guatemala ocupe el 139. puesto entre todos los pa\u00edses. Esto lleva a un \u00edndice de analfabetismo del 18% en hombres y casi 30% en mujeres. Entre la poblaci\u00f3n ind\u00edgena el \u00edndice de analfabetismo alcanza el 37%. Solamente un 35% de las mujeres finalizan la educaci\u00f3n media en las ciudades. Se ven especialmente afectadas las mujeres ind\u00edgenas, de las que \u00fanicamente un 14% acaba sus estudios. Las m\u00e1s perjudicadas son las mujeres \u00edndigenas que habitan en \u00e1reas rurales. Solamente un 1,4% de ellas termina la educaci\u00f3n media. En las \u00e1reas rurales son habituales clases de hasta 100 alumnos y alumnas, es en las ciudades donde existen m\u00e1s posibilidades de educaci\u00f3n. Para aquellas personas que consiguen cualificarse para la universidad existe una oferta bastante amplia de universidades, de las cuales la mayor\u00eda son privadas por lo que las personas a las que queremos dirigir las becas no se las pueden pagar.<\/p>\n<p>La universidad para la que concedemos becas es la \u00fanica universidad p\u00fablica de Guatemala. Ofrece una amplia gama de carreras y permite estudiar durante la semana.<\/p>","protected":false},"excerpt":{"rendered":"<p>Trasfondo Hoy en d\u00eda, muchos a\u00f1os despu\u00e9s de la firma de los Acuerdos de Paz, Guatemala sigue estando marcada fuertemente por los efectos del conflicto armado interno que dur\u00f3 36 a\u00f1os. Debido a la lucha entre guerillas y el ej\u00e9rcito en los a\u00f1os 1990 hubo m\u00e1s de un mill\u00f3n de desplazados dentro del pa\u00eds. En el transcurso del conflicto armado interno fueron asesinadas 200.000 personas, de ellas el 93% por parte el ej\u00e9rcito y de grupos paramilitares vinculados a \u00e9l. Una gran parte de las personas asesinadas eran ind\u00edgenas. Se cometieron masacres contra grupos como los Maya, Xinca o Garifuna. A d\u00eda de hoy muchos de estos cr\u00edmenes no han sido esclarecidos. Situaci\u00f3n del sistema educativo y universitario El sistema educativo guatemalteco tiene varias deficiencias: solamente un 2,8% del PIB se destinan a la educaci\u00f3n lo que hace que Guatemala ocupe el 139. puesto entre todos los pa\u00edses. Esto lleva a un \u00edndice de analfabetismo del 18% en hombres y casi 30% en mujeres. Entre la poblaci\u00f3n ind\u00edgena el \u00edndice de analfabetismo alcanza el 37%. Solamente un 35% de las mujeres finalizan la educaci\u00f3n media en las ciudades. Se ven especialmente afectadas las mujeres ind\u00edgenas, de las que \u00fanicamente un 14% acaba sus estudios. Las m\u00e1s perjudicadas son las mujeres \u00edndigenas que habitan en \u00e1reas rurales. Solamente un 1,4% de ellas termina la educaci\u00f3n media. En las \u00e1reas rurales son habituales clases de hasta 100 alumnos y alumnas, es en las ciudades donde existen m\u00e1s posibilidades de educaci\u00f3n. Para aquellas personas que consiguen cualificarse para la universidad existe una oferta bastante amplia de universidades, de las cuales la mayor\u00eda son privadas por lo que las personas a las que queremos dirigir las becas no se las pueden pagar. La universidad para la que concedemos becas es la \u00fanica universidad p\u00fablica de Guatemala. Ofrece una amplia gama de carreras y permite estudiar durante la semana.<\/p>\n","protected":false},"author":4,"featured_media":0,"parent":5705,"menu_order":0,"comment_status":"closed","ping_status":"closed","template":"","meta":{"ngg_post_thumbnail":0},"_links":{"self":[{"href":"https:\/\/old.studieren-ohne-grenzen.org\/es\/wp-json\/wp\/v2\/pages\/5868"}],"collection":[{"href":"https:\/\/old.studieren-ohne-grenzen.org\/es\/wp-json\/wp\/v2\/pages"}],"about":[{"href":"https:\/\/old.studieren-ohne-grenzen.org\/es\/wp-json\/wp\/v2\/types\/page"}],"author":[{"embeddable":true,"href":"https:\/\/old.studieren-ohne-grenzen.org\/es\/wp-json\/wp\/v2\/users\/4"}],"replies":[{"embeddable":true,"href":"https:\/\/old.studieren-ohne-grenzen.org\/es\/wp-json\/wp\/v2\/comments?post=5868"}],"version-history":[{"count":22,"href":"https:\/\/old.studieren-ohne-grenzen.org\/es\/wp-json\/wp\/v2\/pages\/5868\/revisions"}],"predecessor-version":[{"id":8517,"href":"https:\/\/old.studieren-ohne-grenzen.org\/es\/wp-json\/wp\/v2\/pages\/5868\/revisions\/8517"}],"up":[{"embeddable":true,"href":"https:\/\/old.studieren-ohne-grenzen.org\/es\/wp-json\/wp\/v2\/pages\/5705"}],"wp:attachment":[{"href":"https:\/\/old.studieren-ohne-grenzen.org\/es\/wp-json\/wp\/v2\/media?parent=5868"}],"curies":[{"name":"wp","href":"https:\/\/api.w.org\/{rel}","templated":true}]}}