{"id":357,"date":"2014-10-28T01:10:42","date_gmt":"2014-10-28T00:10:42","guid":{"rendered":"http:\/\/10006stud.outofscope-dev.com\/?page_id=357"},"modified":"2023-11-11T11:54:53","modified_gmt":"2023-11-11T10:54:53","slug":"konstanz","status":"publish","type":"page","link":"https:\/\/old.studieren-ohne-grenzen.org\/es\/lokalgruppen\/konstanz\/","title":{"rendered":"Konstanz"},"content":{"rendered":"<p class=\"qtranxs-available-languages-message qtranxs-available-languages-message-es\">Disculpa, pero esta entrada est\u00e1 disponible s\u00f3lo en <a href=\"https:\/\/old.studieren-ohne-grenzen.org\/de\/wp-json\/wp\/v2\/pages\/357\" class=\"qtranxs-available-language-link qtranxs-available-language-link-de\" title=\"Deutsch\">Alem\u00e1n<\/a>, <a href=\"https:\/\/old.studieren-ohne-grenzen.org\/en\/wp-json\/wp\/v2\/pages\/357\" class=\"qtranxs-available-language-link qtranxs-available-language-link-en\" title=\"English\">Ingl\u00e9s Estadounidense<\/a> y <a href=\"https:\/\/old.studieren-ohne-grenzen.org\/fr\/wp-json\/wp\/v2\/pages\/357\" class=\"qtranxs-available-language-link qtranxs-available-language-link-fr\" title=\"Fran\u00e7ais\">Franc\u00e9s<\/a>.<\/p>","protected":false},"excerpt":{"rendered":"<p>Disculpa, pero esta entrada est\u00e1 disponible s\u00f3lo en Alem\u00e1n, Ingl\u00e9s Estadounidense y Franc\u00e9s.<\/p>\n","protected":false},"author":18,"featured_media":9686,"parent":173,"menu_order":0,"comment_status":"open","ping_status":"closed","template":"","meta":{"ngg_post_thumbnail":0},"_links":{"self":[{"href":"https:\/\/old.studieren-ohne-grenzen.org\/es\/wp-json\/wp\/v2\/pages\/357"}],"collection":[{"href":"https:\/\/old.studieren-ohne-grenzen.org\/es\/wp-json\/wp\/v2\/pages"}],"about":[{"href":"https:\/\/old.studieren-ohne-grenzen.org\/es\/wp-json\/wp\/v2\/types\/page"}],"author":[{"embeddable":true,"href":"https:\/\/old.studieren-ohne-grenzen.org\/es\/wp-json\/wp\/v2\/users\/18"}],"replies":[{"embeddable":true,"href":"https:\/\/old.studieren-ohne-grenzen.org\/es\/wp-json\/wp\/v2\/comments?post=357"}],"version-history":[{"count":91,"href":"https:\/\/old.studieren-ohne-grenzen.org\/es\/wp-json\/wp\/v2\/pages\/357\/revisions"}],"predecessor-version":[{"id":10116,"href":"https:\/\/old.studieren-ohne-grenzen.org\/es\/wp-json\/wp\/v2\/pages\/357\/revisions\/10116"}],"up":[{"embeddable":true,"href":"https:\/\/old.studieren-ohne-grenzen.org\/es\/wp-json\/wp\/v2\/pages\/173"}],"wp:featuredmedia":[{"embeddable":true,"href":"https:\/\/old.studieren-ohne-grenzen.org\/es\/wp-json\/wp\/v2\/media\/9686"}],"wp:attachment":[{"href":"https:\/\/old.studieren-ohne-grenzen.org\/es\/wp-json\/wp\/v2\/media?parent=357"}],"curies":[{"name":"wp","href":"https:\/\/api.w.org\/{rel}","templated":true}]}}