{"id":2975,"date":"2015-03-18T14:04:03","date_gmt":"2015-03-18T13:04:03","guid":{"rendered":"http:\/\/www.studieren-ohne-grenzen.org\/?page_id=2975"},"modified":"2021-12-07T14:52:16","modified_gmt":"2021-12-07T13:52:16","slug":"unterstuetzen","status":"publish","type":"page","link":"https:\/\/old.studieren-ohne-grenzen.org\/es\/projekte\/afghanistan\/unterstuetzen\/","title":{"rendered":"(Deutsch) Afg &#8211; 8. Das Projekt in Afghanistan unterst\u00fctzen"},"content":{"rendered":"<p class=\"qtranxs-available-languages-message qtranxs-available-languages-message-es\">Disculpa, pero esta entrada est\u00e1 disponible s\u00f3lo en <a href=\"https:\/\/old.studieren-ohne-grenzen.org\/de\/wp-json\/wp\/v2\/pages\/2975\" class=\"qtranxs-available-language-link qtranxs-available-language-link-de\" title=\"Deutsch\">Alem\u00e1n<\/a> y <a href=\"https:\/\/old.studieren-ohne-grenzen.org\/en\/wp-json\/wp\/v2\/pages\/2975\" class=\"qtranxs-available-language-link qtranxs-available-language-link-en\" title=\"English\">Ingl\u00e9s Estadounidense<\/a>.<\/p>","protected":false},"excerpt":{"rendered":"<p>Disculpa, pero esta entrada est\u00e1 disponible s\u00f3lo en Alem\u00e1n y Ingl\u00e9s Estadounidense.<\/p>\n","protected":false},"author":24,"featured_media":0,"parent":184,"menu_order":0,"comment_status":"closed","ping_status":"closed","template":"","meta":{"ngg_post_thumbnail":0},"_links":{"self":[{"href":"https:\/\/old.studieren-ohne-grenzen.org\/es\/wp-json\/wp\/v2\/pages\/2975"}],"collection":[{"href":"https:\/\/old.studieren-ohne-grenzen.org\/es\/wp-json\/wp\/v2\/pages"}],"about":[{"href":"https:\/\/old.studieren-ohne-grenzen.org\/es\/wp-json\/wp\/v2\/types\/page"}],"author":[{"embeddable":true,"href":"https:\/\/old.studieren-ohne-grenzen.org\/es\/wp-json\/wp\/v2\/users\/24"}],"replies":[{"embeddable":true,"href":"https:\/\/old.studieren-ohne-grenzen.org\/es\/wp-json\/wp\/v2\/comments?post=2975"}],"version-history":[{"count":29,"href":"https:\/\/old.studieren-ohne-grenzen.org\/es\/wp-json\/wp\/v2\/pages\/2975\/revisions"}],"predecessor-version":[{"id":9878,"href":"https:\/\/old.studieren-ohne-grenzen.org\/es\/wp-json\/wp\/v2\/pages\/2975\/revisions\/9878"}],"up":[{"embeddable":true,"href":"https:\/\/old.studieren-ohne-grenzen.org\/es\/wp-json\/wp\/v2\/pages\/184"}],"wp:attachment":[{"href":"https:\/\/old.studieren-ohne-grenzen.org\/es\/wp-json\/wp\/v2\/media?parent=2975"}],"curies":[{"name":"wp","href":"https:\/\/api.w.org\/{rel}","templated":true}]}}