{"id":2645,"date":"2015-02-15T14:46:16","date_gmt":"2015-02-15T13:46:16","guid":{"rendered":"https:\/\/www.studieren-ohne-grenzen.org\/?page_id=2645"},"modified":"2024-03-18T15:26:25","modified_gmt":"2024-03-18T14:26:25","slug":"vorstand","status":"publish","type":"page","link":"https:\/\/old.studieren-ohne-grenzen.org\/es\/uber-uns\/vorstand\/","title":{"rendered":"(Deutsch) Vorstand und Beirat"},"content":{"rendered":"<p><\/p>\n<h3>Junta directiva 2021<\/h3>\n<table style=\"border-width: 0px; table-layout: fixed; width: 99.4709%; height: 2257px;\" border=\"0\" width=\"100%\">\n<tbody>\n<tr style=\"height: 300px;\">\n<td style=\"vertical-align: middle; text-align: left; width: 49.6032%; height: 300px;\"><img loading=\"lazy\" class=\"alignnone size-medium wp-image-10010\" src=\"https:\/\/www.studieren-ohne-grenzen.org\/wp-content\/uploads\/2023\/02\/Ida-Lemling-227x300.jpeg\" alt=\"\" width=\"227\" height=\"300\" srcset=\"https:\/\/old.studieren-ohne-grenzen.org\/wp-content\/uploads\/2023\/02\/Ida-Lemling-227x300.jpeg 227w, https:\/\/old.studieren-ohne-grenzen.org\/wp-content\/uploads\/2023\/02\/Ida-Lemling-774x1024.jpeg 774w, https:\/\/old.studieren-ohne-grenzen.org\/wp-content\/uploads\/2023\/02\/Ida-Lemling-768x1015.jpeg 768w, https:\/\/old.studieren-ohne-grenzen.org\/wp-content\/uploads\/2023\/02\/Ida-Lemling-scaled.jpeg 1936w\" sizes=\"(max-width: 227px) 100vw, 227px\" \/><\/td>\n<td style=\"vertical-align: middle; text-align: center; width: 49.6032%; height: 300px;\">\n<p id=\"tw-target-text\" class=\"tw-data-text tw-text-large XcVN5d tw-ta\" dir=\"ltr\" data-placeholder=\"\u00dcbersetzung\"><strong><span class=\"Y2IQFc\" lang=\"es\">1. Jefe Ejecutiva:<\/span><\/strong><\/p>\n<p class=\"tw-data-text tw-text-large XcVN5d tw-ta\" dir=\"ltr\" data-placeholder=\"\u00dcbersetzung\"><strong>Ida Lemling<\/strong><\/p>\n<\/td>\n<\/tr>\n<tr style=\"height: 300px;\">\n<td style=\"vertical-align: middle; text-align: left; width: 49.6032%; height: 300px;\"><img loading=\"lazy\" class=\"alignnone size-medium wp-image-10037\" src=\"https:\/\/www.studieren-ohne-grenzen.org\/wp-content\/uploads\/2023\/02\/Feras-Mulhem-227x300.jpg\" alt=\"\" width=\"227\" height=\"300\" srcset=\"https:\/\/old.studieren-ohne-grenzen.org\/wp-content\/uploads\/2023\/02\/Feras-Mulhem-227x300.jpg 227w, https:\/\/old.studieren-ohne-grenzen.org\/wp-content\/uploads\/2023\/02\/Feras-Mulhem-775x1024.jpg 775w, https:\/\/old.studieren-ohne-grenzen.org\/wp-content\/uploads\/2023\/02\/Feras-Mulhem-768x1015.jpg 768w, https:\/\/old.studieren-ohne-grenzen.org\/wp-content\/uploads\/2023\/02\/Feras-Mulhem-scaled.jpg 1937w\" sizes=\"(max-width: 227px) 100vw, 227px\" \/><\/td>\n<td style=\"vertical-align: middle; text-align: center; width: 49.6032%; height: 300px;\"><strong>2. Jefe Ejecutiva: <\/strong><\/p>\n<p><strong>Feras Mulhem<br \/>\n<\/strong><\/td>\n<\/tr>\n<tr style=\"height: 300px;\">\n<td style=\"vertical-align: middle; text-align: left; width: 49.6032%; height: 300px;\"><img loading=\"lazy\" class=\"alignnone size-medium wp-image-10013\" src=\"https:\/\/www.studieren-ohne-grenzen.org\/wp-content\/uploads\/2023\/02\/Marie-Sophie-Mayer-228x300.jpeg\" alt=\"\" width=\"228\" height=\"300\" srcset=\"https:\/\/old.studieren-ohne-grenzen.org\/wp-content\/uploads\/2023\/02\/Marie-Sophie-Mayer-228x300.jpeg 228w, https:\/\/old.studieren-ohne-grenzen.org\/wp-content\/uploads\/2023\/02\/Marie-Sophie-Mayer-780x1024.jpeg 780w, https:\/\/old.studieren-ohne-grenzen.org\/wp-content\/uploads\/2023\/02\/Marie-Sophie-Mayer-768x1008.jpeg 768w, https:\/\/old.studieren-ohne-grenzen.org\/wp-content\/uploads\/2023\/02\/Marie-Sophie-Mayer-scaled.jpeg 1950w\" sizes=\"(max-width: 228px) 100vw, 228px\" \/><\/td>\n<td style=\"vertical-align: middle; text-align: center; width: 49.6032%; height: 300px;\"><strong>Tesorero: <\/strong><\/p>\n<p><strong>Marie Sophie Mayer<br \/>\n<\/strong><\/td>\n<\/tr>\n<tr style=\"height: 300px;\">\n<td style=\"vertical-align: middle; text-align: left; width: 49.6032%; height: 300px;\"><img loading=\"lazy\" class=\"alignnone size-medium wp-image-10009\" src=\"https:\/\/www.studieren-ohne-grenzen.org\/wp-content\/uploads\/2023\/02\/Hendrikje-Rost-227x300.jpeg\" alt=\"\" width=\"227\" height=\"300\" srcset=\"https:\/\/old.studieren-ohne-grenzen.org\/wp-content\/uploads\/2023\/02\/Hendrikje-Rost-227x300.jpeg 227w, https:\/\/old.studieren-ohne-grenzen.org\/wp-content\/uploads\/2023\/02\/Hendrikje-Rost-776x1024.jpeg 776w, https:\/\/old.studieren-ohne-grenzen.org\/wp-content\/uploads\/2023\/02\/Hendrikje-Rost-768x1013.jpeg 768w, https:\/\/old.studieren-ohne-grenzen.org\/wp-content\/uploads\/2023\/02\/Hendrikje-Rost-scaled.jpeg 1941w\" sizes=\"(max-width: 227px) 100vw, 227px\" \/><\/td>\n<td style=\"vertical-align: middle; text-align: center; width: 49.6032%; height: 300px;\"><strong><span class=\"Y2IQFc\" lang=\"es\">&nbsp; Asistencia <\/span>para los membros: <\/strong><\/p>\n<p><strong>Hendrikje Rost<br \/>\n<\/strong><\/td>\n<\/tr>\n<tr style=\"height: 300px;\">\n<td style=\"vertical-align: middle; text-align: left; width: 49.6032%; height: 300px;\"><img loading=\"lazy\" class=\"alignnone size-medium wp-image-10012\" src=\"https:\/\/www.studieren-ohne-grenzen.org\/wp-content\/uploads\/2023\/02\/Katharina-Batzing-227x300.jpeg\" alt=\"\" width=\"227\" height=\"300\" srcset=\"https:\/\/old.studieren-ohne-grenzen.org\/wp-content\/uploads\/2023\/02\/Katharina-Batzing-227x300.jpeg 227w, https:\/\/old.studieren-ohne-grenzen.org\/wp-content\/uploads\/2023\/02\/Katharina-Batzing.jpeg 512w\" sizes=\"(max-width: 227px) 100vw, 227px\" \/><\/td>\n<td style=\"vertical-align: middle; text-align: center; width: 49.6032%; height: 300px;\"><strong>Asesor para la recaudaci\u00f3n de fondos: <\/strong><\/p>\n<p><strong>Katharina Batzing<br \/>\n<\/strong><\/td>\n<\/tr>\n<tr style=\"height: 300px;\">\n<td style=\"vertical-align: middle; text-align: left; width: 49.6032%; height: 300px;\"><img loading=\"lazy\" class=\"alignnone size-medium wp-image-10011\" src=\"https:\/\/www.studieren-ohne-grenzen.org\/wp-content\/uploads\/2023\/02\/Julia-Engelhardt-228x300.jpeg\" alt=\"\" width=\"228\" height=\"300\" srcset=\"https:\/\/old.studieren-ohne-grenzen.org\/wp-content\/uploads\/2023\/02\/Julia-Engelhardt-228x300.jpeg 228w, https:\/\/old.studieren-ohne-grenzen.org\/wp-content\/uploads\/2023\/02\/Julia-Engelhardt-777x1024.jpeg 777w, https:\/\/old.studieren-ohne-grenzen.org\/wp-content\/uploads\/2023\/02\/Julia-Engelhardt-768x1012.jpeg 768w, https:\/\/old.studieren-ohne-grenzen.org\/wp-content\/uploads\/2023\/02\/Julia-Engelhardt-scaled.jpeg 1942w\" sizes=\"(max-width: 228px) 100vw, 228px\" \/><\/td>\n<td style=\"vertical-align: middle; text-align: center; width: 49.6032%; height: 300px;\"><strong><strong><span class=\"Y2IQFc\" lang=\"es\">&nbsp; Asistencia<\/span> para <\/strong><\/strong><strong style=\"font-family: inherit; font-size: inherit;\"><span class=\"Y2IQFc\" lang=\"es\">Relaciones p\u00fablicas y dise\u00f1o:<\/span><\/strong><strong><strong><br \/>\n<\/strong><\/strong><strong>Julia Engelhardt<br \/>\n<\/strong><\/td>\n<\/tr>\n<tr style=\"height: 369px;\">\n<td style=\"vertical-align: middle; text-align: left; width: 49.6032%; height: 457px;\"><img loading=\"lazy\" class=\"alignnone size-medium wp-image-10015\" src=\"https:\/\/www.studieren-ohne-grenzen.org\/wp-content\/uploads\/2023\/02\/Tim-Heucke-SOG-Vorstandsbilder-227x300.jpeg\" alt=\"\" width=\"227\" height=\"300\" srcset=\"https:\/\/old.studieren-ohne-grenzen.org\/wp-content\/uploads\/2023\/02\/Tim-Heucke-SOG-Vorstandsbilder-227x300.jpeg 227w, https:\/\/old.studieren-ohne-grenzen.org\/wp-content\/uploads\/2023\/02\/Tim-Heucke-SOG-Vorstandsbilder-773x1024.jpeg 773w, https:\/\/old.studieren-ohne-grenzen.org\/wp-content\/uploads\/2023\/02\/Tim-Heucke-SOG-Vorstandsbilder-768x1017.jpeg 768w, https:\/\/old.studieren-ohne-grenzen.org\/wp-content\/uploads\/2023\/02\/Tim-Heucke-SOG-Vorstandsbilder-scaled.jpeg 1934w\" sizes=\"(max-width: 227px) 100vw, 227px\" \/><\/td>\n<td style=\"vertical-align: middle; text-align: center; width: 49.6032%; height: 457px;\">\n<p id=\"tw-target-text\" class=\"tw-data-text tw-text-large XcVN5d tw-ta\" dir=\"ltr\" data-placeholder=\"\u00dcbersetzung\"><strong><span class=\"Y2IQFc\" lang=\"es\">Asistencia para el desarrollo de programas:<\/span><\/strong><\/p>\n<p dir=\"ltr\" data-placeholder=\"\u00dcbersetzung\"><strong>Tim Heucke<\/strong><\/p>\n<\/td>\n<\/tr>\n<\/tbody>\n<\/table>\n<table style=\"border-collapse: collapse; width: 100%; height: 682px;\">\n<tbody>\n<tr style=\"height: 362px;\">\n<td style=\"width: 50%; height: 362px;\"><img loading=\"lazy\" class=\"size-medium wp-image-10020\" src=\"https:\/\/www.studieren-ohne-grenzen.org\/wp-content\/uploads\/2023\/02\/Amelie-Brockmann-227x300.jpg\" alt=\"\" width=\"227\" height=\"300\" srcset=\"https:\/\/old.studieren-ohne-grenzen.org\/wp-content\/uploads\/2023\/02\/Amelie-Brockmann-227x300.jpg 227w, https:\/\/old.studieren-ohne-grenzen.org\/wp-content\/uploads\/2023\/02\/Amelie-Brockmann-775x1024.jpg 775w, https:\/\/old.studieren-ohne-grenzen.org\/wp-content\/uploads\/2023\/02\/Amelie-Brockmann-768x1014.jpg 768w, https:\/\/old.studieren-ohne-grenzen.org\/wp-content\/uploads\/2023\/02\/Amelie-Brockmann.jpg 1063w\" sizes=\"(max-width: 227px) 100vw, 227px\" \/><\/td>\n<td style=\"width: 50%; height: 362px;\">\n<p id=\"tw-target-text\" class=\"tw-data-text tw-text-large XcVN5d tw-ta\" dir=\"ltr\" style=\"text-align: center;\" data-placeholder=\"\u00dcbersetzung\"><strong><span class=\"Y2IQFc\" lang=\"es\">&nbsp; &nbsp; Asesor para la estrategia y la visi\u00f3n:<\/span><\/strong><\/p>\n<p class=\"tw-data-text tw-text-large XcVN5d tw-ta\" dir=\"ltr\" style=\"text-align: center;\" data-placeholder=\"\u00dcbersetzung\"><strong>Amelie Brockmann<\/strong><\/p>\n<\/td>\n<\/tr>\n<tr style=\"height: 320px;\">\n<td style=\"width: 50%; height: 320px;\"><img loading=\"lazy\" class=\"alignnone size-medium wp-image-10014\" src=\"https:\/\/www.studieren-ohne-grenzen.org\/wp-content\/uploads\/2023\/02\/Simon-Weber-227x300.jpeg\" alt=\"\" width=\"227\" height=\"300\" srcset=\"https:\/\/old.studieren-ohne-grenzen.org\/wp-content\/uploads\/2023\/02\/Simon-Weber-227x300.jpeg 227w, https:\/\/old.studieren-ohne-grenzen.org\/wp-content\/uploads\/2023\/02\/Simon-Weber-776x1024.jpeg 776w, https:\/\/old.studieren-ohne-grenzen.org\/wp-content\/uploads\/2023\/02\/Simon-Weber-768x1014.jpeg 768w, https:\/\/old.studieren-ohne-grenzen.org\/wp-content\/uploads\/2023\/02\/Simon-Weber-scaled.jpeg 1940w\" sizes=\"(max-width: 227px) 100vw, 227px\" \/><\/td>\n<td style=\"width: 50%; height: 320px;\">\n<p id=\"tw-target-text\" class=\"tw-data-text tw-text-large XcVN5d tw-ta\" dir=\"ltr\" data-placeholder=\"\u00dcbersetzung\"><strong><span class=\"Y2IQFc\" lang=\"es\">&nbsp; &nbsp; &nbsp; &nbsp; &nbsp; &nbsp; Asistencia a los grupos locales:<\/span><\/strong><\/p>\n<p dir=\"ltr\" data-placeholder=\"\u00dcbersetzung\"><strong>&nbsp; &nbsp; &nbsp; &nbsp; &nbsp; &nbsp; &nbsp; &nbsp; &nbsp; &nbsp; &nbsp; &nbsp; &nbsp; &nbsp;Simon Weber<\/strong><\/p>\n<\/td>\n<\/tr>\n<\/tbody>\n<\/table>\n<p>&nbsp;<\/p>\n<p>&nbsp;<\/p>\n<p style=\"padding-left: 30px;\">\n<ul class='gdl-toggle-box'>\n<p style=\"padding-left: 30px;\">\n<li class=''>\n<h2 class='toggle-box-title'><span class='toggle-box-icon'><\/span>Antecesores<\/h2>\n<div class='toggle-box-content'>\n<p><strong>2022<\/strong><\/p>\n<p>1. Vorsitzende: Lisa Back; 2. Vorsitzende: Meike Schulz-Narres; Kassenw\u00e4rtin: Marie-Sophie Mayer; Beisitz f\u00fcr Mitglieder: Ida Lemling; Beisitz f\u00fcr Events und Fundraising: Katharina Batzing; Beisitz f\u00fcr Projekte: Sophie Wilkinson; Beisitz f\u00fcr \u00d6ffentlichkeitsarbeit und Design: Nina Lenhart; Beisitz f\u00fcr Strategie und Vision: Hendrikje Rost; Beisitz f\u00fcr Lokalgruppen: Marlene Khin<\/p>\n<p><strong>2021<\/strong><\/p>\n<p>1. Vorsitzende: Maria Quintana; 2. Vorsitzende: Kira Eckert; Kassenw\u00e4rtin: Lisa Gerland; Beisitz f\u00fcr Mitglieder: Felina Klein; Beisitz f\u00fcr Events und Fundraising: Marco Wolsza; Beisitz f\u00fcr Projekte: Clarissa Cantore; Beisitz f\u00fcr \u00d6ffentlichkeitsarbeit und Design: Rebecca Gr\u00f6\u00df-Ahr; Beisitz f\u00fcr Strategie und Vision: Cedric J\u00fcrgens; Beisitz f\u00fcr Lokalgruppen: Mona Gerhold<\/p>\n<p><strong>2020<\/strong><\/p>\n<p>1. Vorsitzende: Larissa J\u00f6rn; 2. Vorsitzende: Julia Hellmig; Kassenwart: Vincent Ohnesorge; Beisitz f\u00fcr Mitglieder: Marie Konz; Beisitz f\u00fcr Events und Fundraising Mareike Artiga Gonz\u00e1lez; Beisitz f\u00fcr Projekte: Marcel Wilcke; Beisitz Netzwerk und Kommunikation: Jonathan Schieren; Beisitz Design und Marketing: Raphaela G\u00fcnther; Beisitz f\u00fcr interne Abl\u00e4ufe: Stefan Waizenegger<\/p>\n<p><strong>2019<\/strong><\/p>\n<p>1. Vorsitzender: Paul M\u00fcnnich; 2. Vorsitzende: Karoline Friedl\u00e4nder; Kassenwart: Andr\u00e9 Schiedt; Beisitz f\u00fcr die Mitglieder: Gabor Lauchst\u00e4dt; Beisitz f\u00fcr die Events und das Fundraising: Leonhard Wenzel; Beisitz f\u00fcr die Projekte: Luisa Denter; Beisitz f\u00fcr das Netzwerk und die Kommunikation: Vroni Czotscher; Beisitz f\u00fcr das Design und Marketing: Philipp Becke; Beisitzer f\u00fcr die Internen Abl\u00e4ufe: Stefan Waizenegger<\/p>\n<p>Die urspr\u00fcgliche Beisitz f\u00fcr das Design und Marketing, Jasemi Loukeri, hat das Amt im laufenden Jahr abgegeben.<\/p>\n<p><strong>2018<\/strong><\/p>\n<p>1. Vorsitzende: Marie Decker; 2. Vorsitzende: Sophie Brachtendorf; Kassenwart: Fritz Lukas P\u00f6tter; Beisitzer f\u00fcr die Mitglieder: Kristina Seefeldt; Beisitzer f\u00fcr die Events und das Fundraising: Niklas Mirsch; Beisitzerin f\u00fcr die Events und das Fundraising: Julia Hellmig; Beisitzerin f\u00fcr das Netzwerk und die Kommunikation: Monika Berezowski; Beisitzer f\u00fcr das Design und Marketing: Justus Langer; Beisitzer f\u00fcr die Internen Abl\u00e4ufe: Jonas Gehrke<\/p>\n<p><strong>2017<\/strong><\/p>\n<p>1. Vorsitzender: Ulrik Feuer; 2. Vorsitzende: Merle Vespermann; Kassenwart: Niklas Wank; Beisitzerin f\u00fcr die Mitglieder: Sophia Horsch; Beisitzerin f\u00fcr das Fundraising: Alicia Fert; Beisitzer f\u00fcr die Kommunikation: Dominik Welke; Beisitzerin f\u00fcr die Events und das Design: Monika Berezowski<\/p>\n<p>Die urspr\u00fcngliche 2. Vorsitzende Ruth Ranjan musste das Amt leider im laufenden Jahr abgeben.<\/p>\n<p style=\"padding-left: 30px;\"><strong>2016<\/strong><\/p>\n<p style=\"padding-left: 30px;\">1. Vorsitzende: Sarah Gl\u00fcck; 2. Vorsitzender: Guillaume De Perlinghi; Kassenwart: Sina Sauer; Beisitzer f\u00fcr die Mitglieder: Marit Firlus; Beisitzerin f\u00fcr das Fundraising: Sarah Nitsche; Beisitzerin f\u00fcr die Kommunikation: Lena H\u00e4berlein; Beisitzerin f\u00fcr die Events und Design: Benno Herr<\/p>\n<p style=\"padding-left: 30px;\"><strong>2015<\/strong><\/p>\n<p style=\"padding-left: 30px;\">1. Vorsitzende: Martina Kroll; 2. Vorsitzender: Ole Werner; Kassenwart: Jacob Loring; Beisitzer f\u00fcr die Mitglieder: Adrian Heilemann; Beisitzerin f\u00fcr das Fundraising: Lisa Riegert; Beisitzerin f\u00fcr die Kommunikation: Nehle Penning; Beisitzerin f\u00fcr die Events und Design: Marie Wutzler<\/p>\n<p style=\"padding-left: 30px;\"><strong>2014<\/strong><\/p>\n<p style=\"padding-left: 30px;\">1. Vorsitzender: Christian Stegemann; 2. Vorsitzender: Max Daniel; Kassenwart: Benjamin Dilger; Beisitzerin f\u00fcr die Mitglieder: Juliane Hoss; Beisitzer f\u00fcr das Fundraising: Markus Stark; Beisitzer f\u00fcr die Kommunikation: Hannes Riebl; Beisitzer f\u00fcr die Events und Design: Dennis Keck<\/p>\n<p style=\"padding-left: 30px;\"><strong>2013<\/strong><\/p>\n<p style=\"padding-left: 30px;\">1. Vorsitzender: Sebastian Leidig; 2. Vorsitzende: Julia Rettig; Kassenwartin: Judith Pr\u00fcgl; Beisitzer f\u00fcr die Mitglieder: Andreas Vollmer; Beisitzerin f\u00fcr das Fundraising: Katja Rieth; Beisitzering f\u00fcr die Kommunikation: Juliane Reichert; Beisitzerin f\u00fcr die Events und Design: Anne Kirsten<\/p>\n<p style=\"padding-left: 30px;\"><strong>2012<\/strong><\/p>\n<p style=\"padding-left: 30px;\">1. Vorsitzender: Marian Gutscher; 2. Vorsitzende: Rebekka Klinkhammer; Kassenwart: Alpha Renner; Beisitzerin f\u00fcr die Mitglieder: Katharina Zepf; Beisitzer f\u00fcr das Fundraising: Sebastian Leidig; Beisitzer f\u00fcr die Kommunikation: Anselm v. St\u00fclpnagel; Beisitzerin f\u00fcr die Events und Design: Caroline Held<\/p>\n<p style=\"padding-left: 30px;\"><strong>2011<\/strong><\/p>\n<p style=\"padding-left: 30px;\">1. Vorsitzender: Torsten Bruns; 2.Vorsitzender: Dirk Kirsten; Kassenwartin: Christine Neumann; 1. Beisitzerin: Rebekka Klinkhammer; 2. Beisitzer: Anselm von St\u00fclpnagel; 3. Beisitzerin: Carina Geldhause; 4. Beisitzer: Sebastian Boegel<\/p>\n<p style=\"padding-left: 30px;\"><strong>2010<\/strong><\/p>\n<p style=\"padding-left: 30px;\">1.Vorsitzender: Dominique Berger; 2. Vorsitzender: Eva Hanau; Kassenwartin: Stefanie Berger; Beisitzerin f\u00fcr die \u00d6ffentlichkeitsarbeit: Muriel Vogel; Beisitzer f\u00fcr das Fundraising: Oliver Scharping; Beisitzerin f\u00fcr die Mitglieder: Katrin Witowski; Beisitzerin f\u00fcr das Networking: Ulrike Krause<\/p>\n<p style=\"padding-left: 30px;\"><strong>2009<\/strong><\/p>\n<p style=\"padding-left: 30px;\">1. Vorsitzender: Jan Knauer; 2. Vorsitzender: Michael Schleicher; Kassenwart: Steffen Minier (bis Juni 2009) \/ Stefanie Berger (ab Juni 2009); 1. Beisitzerin: Eva Hanau; 2. Beisitzer: Fabrice Ngambele Pamen; 3.Beisitzer: Sascha B\u00fctzer; 4. Beisitzerin: Muriel Vogel<\/p>\n<p style=\"padding-left: 30px;\"><strong>2008<\/strong><\/p>\n<p style=\"padding-left: 30px;\">1. Vorsitzender: Felix Weth; 2. Vorsitzende:&nbsp;Juliane Kr\u00fcger; Kassenwart: Daniel Wissmann \/ Steffen Minier; 1. Beisitzerin: Margarete Schlosser; 2. Beisitzer: Michael Schleicher<\/p>\n<p style=\"padding-left: 30px;\"><strong>2007<\/strong><\/p>\n<p style=\"padding-left: 30px;\">1. Vorsitzender: Felix Weth; 2. Vorsitzende: Juliane Kr\u00fcger; 1. Beisitzer: Nicolas Winkler; 2. Beisitzer: Friedemann Schulze-Fielitz; 3. Beisitzer: Christoph M\u00fcller<\/p>\n<p style=\"padding-left: 30px;\"><\/div>\n<\/li>\n<p style=\"padding-left: 30px;\"><\/ul>\n<\/p>\n<p><\/p>","protected":false},"excerpt":{"rendered":"<p>Junta directiva 2021 1. Jefe Ejecutiva: Ida Lemling 2. Jefe Ejecutiva: Feras Mulhem Tesorero: Marie Sophie Mayer &nbsp; Asistencia para los membros: Hendrikje Rost Asesor para la recaudaci\u00f3n de fondos: Katharina Batzing &nbsp; Asistencia para Relaciones p\u00fablicas y dise\u00f1o: Julia Engelhardt Asistencia para el desarrollo de programas: Tim Heucke &nbsp; &nbsp; Asesor para la estrategia y la visi\u00f3n: Amelie Brockmann &nbsp; &nbsp; &nbsp; &nbsp; &nbsp; &nbsp; Asistencia a los grupos locales: &nbsp; &nbsp; &nbsp; &nbsp; &nbsp; &nbsp; &nbsp; &nbsp; &nbsp; &nbsp; &nbsp; &nbsp; &nbsp; &nbsp;Simon Weber &nbsp; &nbsp;<\/p>\n","protected":false},"author":4,"featured_media":0,"parent":177,"menu_order":0,"comment_status":"closed","ping_status":"closed","template":"","meta":{"ngg_post_thumbnail":0},"_links":{"self":[{"href":"https:\/\/old.studieren-ohne-grenzen.org\/es\/wp-json\/wp\/v2\/pages\/2645"}],"collection":[{"href":"https:\/\/old.studieren-ohne-grenzen.org\/es\/wp-json\/wp\/v2\/pages"}],"about":[{"href":"https:\/\/old.studieren-ohne-grenzen.org\/es\/wp-json\/wp\/v2\/types\/page"}],"author":[{"embeddable":true,"href":"https:\/\/old.studieren-ohne-grenzen.org\/es\/wp-json\/wp\/v2\/users\/4"}],"replies":[{"embeddable":true,"href":"https:\/\/old.studieren-ohne-grenzen.org\/es\/wp-json\/wp\/v2\/comments?post=2645"}],"version-history":[{"count":172,"href":"https:\/\/old.studieren-ohne-grenzen.org\/es\/wp-json\/wp\/v2\/pages\/2645\/revisions"}],"predecessor-version":[{"id":10150,"href":"https:\/\/old.studieren-ohne-grenzen.org\/es\/wp-json\/wp\/v2\/pages\/2645\/revisions\/10150"}],"up":[{"embeddable":true,"href":"https:\/\/old.studieren-ohne-grenzen.org\/es\/wp-json\/wp\/v2\/pages\/177"}],"wp:attachment":[{"href":"https:\/\/old.studieren-ohne-grenzen.org\/es\/wp-json\/wp\/v2\/media?parent=2645"}],"curies":[{"name":"wp","href":"https:\/\/api.w.org\/{rel}","templated":true}]}}