{"id":200,"date":"2014-01-05T15:13:35","date_gmt":"2014-01-05T13:13:35","guid":{"rendered":"http:\/\/10006stud.outofscope-dev.com\/?page_id=200"},"modified":"2017-03-14T16:23:43","modified_gmt":"2017-03-14T15:23:43","slug":"etudes-sans-frontieres-international","status":"publish","type":"page","link":"https:\/\/old.studieren-ohne-grenzen.org\/es\/uber-uns\/etudes-sans-frontieres-international\/","title":{"rendered":"Etudes Sans Fronti\u00e8res International"},"content":{"rendered":"<p><\/p>\n<h3>Etudes Sans Frontieres International<a name=\"_GoBack\"><\/a><\/h3>\n<p>Ayuda solidaria de estudiantes para estudiantes en regiones marcadas por guerras o conflictos- lo que comenz\u00f3 en el 2003 como \u201cEtudes sans Fronti\u00e8res\u201c en Francia, cont\u00f3 con fuerte resonancia. Entre el 2005 el 2007 se fundaron varias derivaciones en otros pa\u00edses, as\u00ed tambi\u00e9n en 2006 \u201cStudieren Ohne Grenzen\u201d (Estudiar Sin Fronteras) en Alemania. En el 2011 se fund\u00f3 la organizaci\u00f3n coordinadora \u201cEtudes Sans Fronti\u00e8res International\u201c (ESFI) que est\u00e1 unida por unos estatutos de metas y valores fundamentales comunes. Esta coordina las derivaciones nacionales y apoya la propagaci\u00f3n de la iniciativa en Europa y el mundo. Studieren ohne Grenzen Deutschland (Estudiar Sin Fronteras Alemania) decidi\u00f3 en la reuni\u00f3n de miembros en diciembre del 2011 adherirse a ESFI.<\/p>","protected":false},"excerpt":{"rendered":"<p>Etudes Sans Frontieres International Ayuda solidaria de estudiantes para estudiantes en regiones marcadas por guerras o conflictos- lo que comenz\u00f3 en el 2003 como \u201cEtudes sans Fronti\u00e8res\u201c en Francia, cont\u00f3 con fuerte resonancia. Entre el 2005 el 2007 se fundaron varias derivaciones en otros pa\u00edses, as\u00ed tambi\u00e9n en 2006 \u201cStudieren Ohne Grenzen\u201d (Estudiar Sin Fronteras) en Alemania. En el 2011 se fund\u00f3 la organizaci\u00f3n coordinadora \u201cEtudes Sans Fronti\u00e8res International\u201c (ESFI) que est\u00e1 unida por unos estatutos de metas y valores fundamentales comunes. Esta coordina las derivaciones nacionales y apoya la propagaci\u00f3n de la iniciativa en Europa y el mundo. Studieren ohne Grenzen Deutschland (Estudiar Sin Fronteras Alemania) decidi\u00f3 en la reuni\u00f3n de miembros en diciembre del 2011 adherirse a ESFI.<\/p>\n","protected":false},"author":1,"featured_media":0,"parent":177,"menu_order":3,"comment_status":"open","ping_status":"closed","template":"","meta":{"ngg_post_thumbnail":0},"_links":{"self":[{"href":"https:\/\/old.studieren-ohne-grenzen.org\/es\/wp-json\/wp\/v2\/pages\/200"}],"collection":[{"href":"https:\/\/old.studieren-ohne-grenzen.org\/es\/wp-json\/wp\/v2\/pages"}],"about":[{"href":"https:\/\/old.studieren-ohne-grenzen.org\/es\/wp-json\/wp\/v2\/types\/page"}],"author":[{"embeddable":true,"href":"https:\/\/old.studieren-ohne-grenzen.org\/es\/wp-json\/wp\/v2\/users\/1"}],"replies":[{"embeddable":true,"href":"https:\/\/old.studieren-ohne-grenzen.org\/es\/wp-json\/wp\/v2\/comments?post=200"}],"version-history":[{"count":14,"href":"https:\/\/old.studieren-ohne-grenzen.org\/es\/wp-json\/wp\/v2\/pages\/200\/revisions"}],"predecessor-version":[{"id":6128,"href":"https:\/\/old.studieren-ohne-grenzen.org\/es\/wp-json\/wp\/v2\/pages\/200\/revisions\/6128"}],"up":[{"embeddable":true,"href":"https:\/\/old.studieren-ohne-grenzen.org\/es\/wp-json\/wp\/v2\/pages\/177"}],"wp:attachment":[{"href":"https:\/\/old.studieren-ohne-grenzen.org\/es\/wp-json\/wp\/v2\/media?parent=200"}],"curies":[{"name":"wp","href":"https:\/\/api.w.org\/{rel}","templated":true}]}}