{"id":196,"date":"2014-01-05T15:12:42","date_gmt":"2014-01-05T13:12:42","guid":{"rendered":"http:\/\/10006stud.outofscope-dev.com\/?page_id=196"},"modified":"2021-08-13T17:52:54","modified_gmt":"2021-08-13T15:52:54","slug":"ethisches-fundraising","status":"publish","type":"page","link":"https:\/\/old.studieren-ohne-grenzen.org\/es\/uber-uns\/ethisches-fundraising\/","title":{"rendered":"Ethisches Fundraising"},"content":{"rendered":"<p>Estudiar Sin Fronteras es una asociaci\u00f3n sin \u00e1nimo de lucro financiada por donaciones. Donar tambi\u00e9n significa identificaci\u00f3n con y confianza hacia la asociaci\u00f3n. Para estar a la altura de las personas que nos apoyan y de nuestra concepci\u00f3n de nuestra asociaci\u00f3n aplicamos \u00e9standares altos. Estamos convencidos que el fin no puedo justicar los medios y que tenemos una responsabilidad hacia los y las donantes, la asociaci\u00f3n y sobre todo hacia nuestras personas becadas de recolectar nuestros fondos de una manera responsable y transparente. Por eso en el 2011 promulgamos una directriz para la recolecci\u00f3n de fondos \u00e9tica que se constituye por art\u00edculos sobre sinceridad, independencia y aceptabilidad \u00e9tica.<\/p>","protected":false},"excerpt":{"rendered":"<p>Estudiar Sin Fronteras es una asociaci\u00f3n sin \u00e1nimo de lucro financiada por donaciones. Donar tambi\u00e9n significa identificaci\u00f3n con y confianza hacia la asociaci\u00f3n. Para estar a la altura de las personas que nos apoyan y de nuestra concepci\u00f3n de nuestra asociaci\u00f3n aplicamos \u00e9standares altos. Estamos convencidos que el fin no puedo justicar los medios y que tenemos una responsabilidad hacia los y las donantes, la asociaci\u00f3n y sobre todo hacia nuestras personas becadas de recolectar nuestros fondos de una manera responsable y transparente. Por eso en el 2011 promulgamos una directriz para la recolecci\u00f3n de fondos \u00e9tica que se constituye por art\u00edculos sobre sinceridad, independencia y aceptabilidad \u00e9tica.<\/p>\n","protected":false},"author":1,"featured_media":0,"parent":177,"menu_order":5,"comment_status":"open","ping_status":"closed","template":"","meta":{"ngg_post_thumbnail":0},"_links":{"self":[{"href":"https:\/\/old.studieren-ohne-grenzen.org\/es\/wp-json\/wp\/v2\/pages\/196"}],"collection":[{"href":"https:\/\/old.studieren-ohne-grenzen.org\/es\/wp-json\/wp\/v2\/pages"}],"about":[{"href":"https:\/\/old.studieren-ohne-grenzen.org\/es\/wp-json\/wp\/v2\/types\/page"}],"author":[{"embeddable":true,"href":"https:\/\/old.studieren-ohne-grenzen.org\/es\/wp-json\/wp\/v2\/users\/1"}],"replies":[{"embeddable":true,"href":"https:\/\/old.studieren-ohne-grenzen.org\/es\/wp-json\/wp\/v2\/comments?post=196"}],"version-history":[{"count":15,"href":"https:\/\/old.studieren-ohne-grenzen.org\/es\/wp-json\/wp\/v2\/pages\/196\/revisions"}],"predecessor-version":[{"id":9799,"href":"https:\/\/old.studieren-ohne-grenzen.org\/es\/wp-json\/wp\/v2\/pages\/196\/revisions\/9799"}],"up":[{"embeddable":true,"href":"https:\/\/old.studieren-ohne-grenzen.org\/es\/wp-json\/wp\/v2\/pages\/177"}],"wp:attachment":[{"href":"https:\/\/old.studieren-ohne-grenzen.org\/es\/wp-json\/wp\/v2\/media?parent=196"}],"curies":[{"name":"wp","href":"https:\/\/api.w.org\/{rel}","templated":true}]}}