{"id":194,"date":"2014-01-05T15:12:19","date_gmt":"2014-01-05T13:12:19","guid":{"rendered":"http:\/\/10006stud.outofscope-dev.com\/?page_id=194"},"modified":"2023-09-14T09:10:07","modified_gmt":"2023-09-14T07:10:07","slug":"organisationsstruktur","status":"publish","type":"page","link":"https:\/\/old.studieren-ohne-grenzen.org\/es\/uber-uns\/organisationsstruktur\/","title":{"rendered":"Organizaci\u00f3n"},"content":{"rendered":"<p><\/p>\n<h3>Organizaci\u00f3n<\/h3>\n<p>En muchas ciudades alemanas existen grupos locales en los que los miembros se encuentran con regularidad. Estos grupos locales son asesorados por el equipo de coordinaci\u00f3n. Anualmente la reuni\u00f3n de miembros establece nuevas directrices y vota a la junta directiva que consiste de siete personas. El consejo consiste de cinco a ocho personas elegidas por la reuni\u00f3n de miembros que conocen con profundidad a la asociaci\u00f3n pero ya no colaboran activamente. Su tarea es asesorar la directiva con su conocimiento. Adem\u00e1s formamos parte de la estructura internacional de Etudes Sans Fronti\u00e8res International.<\/p>","protected":false},"excerpt":{"rendered":"<p>Organizaci\u00f3n En muchas ciudades alemanas existen grupos locales en los que los miembros se encuentran con regularidad. Estos grupos locales son asesorados por el equipo de coordinaci\u00f3n. Anualmente la reuni\u00f3n de miembros establece nuevas directrices y vota a la junta directiva que consiste de siete personas. El consejo consiste de cinco a ocho personas elegidas por la reuni\u00f3n de miembros que conocen con profundidad a la asociaci\u00f3n pero ya no colaboran activamente. Su tarea es asesorar la directiva con su conocimiento. Adem\u00e1s formamos parte de la estructura internacional de Etudes Sans Fronti\u00e8res International.<\/p>\n","protected":false},"author":1,"featured_media":0,"parent":177,"menu_order":2,"comment_status":"open","ping_status":"closed","template":"","meta":{"ngg_post_thumbnail":0},"_links":{"self":[{"href":"https:\/\/old.studieren-ohne-grenzen.org\/es\/wp-json\/wp\/v2\/pages\/194"}],"collection":[{"href":"https:\/\/old.studieren-ohne-grenzen.org\/es\/wp-json\/wp\/v2\/pages"}],"about":[{"href":"https:\/\/old.studieren-ohne-grenzen.org\/es\/wp-json\/wp\/v2\/types\/page"}],"author":[{"embeddable":true,"href":"https:\/\/old.studieren-ohne-grenzen.org\/es\/wp-json\/wp\/v2\/users\/1"}],"replies":[{"embeddable":true,"href":"https:\/\/old.studieren-ohne-grenzen.org\/es\/wp-json\/wp\/v2\/comments?post=194"}],"version-history":[{"count":16,"href":"https:\/\/old.studieren-ohne-grenzen.org\/es\/wp-json\/wp\/v2\/pages\/194\/revisions"}],"predecessor-version":[{"id":10104,"href":"https:\/\/old.studieren-ohne-grenzen.org\/es\/wp-json\/wp\/v2\/pages\/194\/revisions\/10104"}],"up":[{"embeddable":true,"href":"https:\/\/old.studieren-ohne-grenzen.org\/es\/wp-json\/wp\/v2\/pages\/177"}],"wp:attachment":[{"href":"https:\/\/old.studieren-ohne-grenzen.org\/es\/wp-json\/wp\/v2\/media?parent=194"}],"curies":[{"name":"wp","href":"https:\/\/api.w.org\/{rel}","templated":true}]}}