{"id":192,"date":"2014-01-05T15:12:03","date_gmt":"2014-01-05T13:12:03","guid":{"rendered":"http:\/\/10006stud.outofscope-dev.com\/?page_id=192"},"modified":"2021-08-19T12:29:07","modified_gmt":"2021-08-19T10:29:07","slug":"geschichte","status":"publish","type":"page","link":"https:\/\/old.studieren-ohne-grenzen.org\/es\/uber-uns\/geschichte\/","title":{"rendered":"(Deutsch) Geschichte"},"content":{"rendered":"<p><\/p>\n<h3>Historia<\/h3>\n<p>Estudiar Sin Fronteras fue fundada el 29 de octubre de 2006 a iniciativa del estudiante de politolog\u00eda Felix Weth por estudiantes en Constancia y T\u00fcbingen (Alemania). La organizaci\u00f3n es una derivaci\u00f3n de la organizaci\u00f3n francesa Etudes Sans Fronti\u00e8res que en el 2003 hab\u00eda comenzado a apoyar estudiantes de Chechenia en sus estudios en Francia.<\/p>","protected":false},"excerpt":{"rendered":"<p>Historia Estudiar Sin Fronteras fue fundada el 29 de octubre de 2006 a iniciativa del estudiante de politolog\u00eda Felix Weth por estudiantes en Constancia y T\u00fcbingen (Alemania). La organizaci\u00f3n es una derivaci\u00f3n de la organizaci\u00f3n francesa Etudes Sans Fronti\u00e8res que en el 2003 hab\u00eda comenzado a apoyar estudiantes de Chechenia en sus estudios en Francia.<\/p>\n","protected":false},"author":1,"featured_media":0,"parent":177,"menu_order":0,"comment_status":"open","ping_status":"closed","template":"","meta":{"ngg_post_thumbnail":0},"_links":{"self":[{"href":"https:\/\/old.studieren-ohne-grenzen.org\/es\/wp-json\/wp\/v2\/pages\/192"}],"collection":[{"href":"https:\/\/old.studieren-ohne-grenzen.org\/es\/wp-json\/wp\/v2\/pages"}],"about":[{"href":"https:\/\/old.studieren-ohne-grenzen.org\/es\/wp-json\/wp\/v2\/types\/page"}],"author":[{"embeddable":true,"href":"https:\/\/old.studieren-ohne-grenzen.org\/es\/wp-json\/wp\/v2\/users\/1"}],"replies":[{"embeddable":true,"href":"https:\/\/old.studieren-ohne-grenzen.org\/es\/wp-json\/wp\/v2\/comments?post=192"}],"version-history":[{"count":27,"href":"https:\/\/old.studieren-ohne-grenzen.org\/es\/wp-json\/wp\/v2\/pages\/192\/revisions"}],"predecessor-version":[{"id":9852,"href":"https:\/\/old.studieren-ohne-grenzen.org\/es\/wp-json\/wp\/v2\/pages\/192\/revisions\/9852"}],"up":[{"embeddable":true,"href":"https:\/\/old.studieren-ohne-grenzen.org\/es\/wp-json\/wp\/v2\/pages\/177"}],"wp:attachment":[{"href":"https:\/\/old.studieren-ohne-grenzen.org\/es\/wp-json\/wp\/v2\/media?parent=192"}],"curies":[{"name":"wp","href":"https:\/\/api.w.org\/{rel}","templated":true}]}}