{"id":748,"date":"2014-04-04T06:53:21","date_gmt":"2014-04-04T04:53:21","guid":{"rendered":"http:\/\/studieren-ohne-grenzen.org\/wordpress\/?page_id=748"},"modified":"2017-11-20T00:27:52","modified_gmt":"2017-11-19T23:27:52","slug":"hintergrund","status":"publish","type":"page","link":"https:\/\/old.studieren-ohne-grenzen.org\/en\/projekte\/tschetschenien-stipendienprogramm\/hintergrund\/","title":{"rendered":"(Deutsch) Tch &#8211; 3. Hintergrund"},"content":{"rendered":"<p><\/p>\n<h3>Hintergrund<\/h3>\n<p>Die Tschetschenische Republik ist Teil des im Januar 2010 geschaffenen F\u00f6rderationskreises Nordkaukasus der Russischen F\u00f6rderation. Im Jahr 2010 z\u00e4hlt die Republik etwa 1,27 Mio. Einwohner und Einwohnerinnen, wovon die meisten als ethnische Tschetschenen gerechnet werden. Ein F\u00fcnftel der Gesamtbev\u00f6lkerung lebt in der Hauptstadt Grosny.<\/p>\n<p>Vorherrschen<a href=\"http:\/\/www.studieren-ohne-grenzen.org\/wp-content\/uploads\/2015\/02\/Tschetschenien.jpg\"><img loading=\"lazy\" class=\" size-medium wp-image-2799 alignright\" src=\"http:\/\/www.studieren-ohne-grenzen.org\/wp-content\/uploads\/2015\/02\/Tschetschenien-300x251.jpg\" alt=\"Tschetschenien\" width=\"300\" height=\"251\" srcset=\"https:\/\/old.studieren-ohne-grenzen.org\/wp-content\/uploads\/2015\/02\/Tschetschenien-300x251.jpg 300w, https:\/\/old.studieren-ohne-grenzen.org\/wp-content\/uploads\/2015\/02\/Tschetschenien-1024x857.jpg 1024w\" sizes=\"(max-width: 300px) 100vw, 300px\" \/><\/a>de Religion ist der Islam sunnitischer Ausrichtung. Quer zur Struktur staatlicher Verwaltung steht das Clansystem. Die Clans (teip) bestimmen gerade in den Gebirgsregionen und im l\u00e4ndlichen Raum die Handlungsr\u00e4ume der Menschen. Es gilt das Sittengesetz (adat). Im Laufe des 19. Jh. wurde der tschetschenische Raum im Nordkaukasus in das Russische Reich eingegliedert. Bis heute leisten unterschiedlichste Gruppierungen anhaltend Widerstand gegen die russische Verwaltung in Tschetschenien und k\u00e4mpfen f\u00fcr Selbstbestimmung. Zudem ist das Land stark gepr\u00e4gt durch die Auswirkungen stalinistischer Diktatur. Der Kollaboration mit den deutschen Faschisten beschuldigt, wurden hunderttausende Tschetschenen 1944 nach Sibirien und Nordkasachstan deportiert. Das Europaparlament bezeichnete diese Deportation als \u201eAkt von Genozid\u201c. Erst mit Beginn der Entstalinisierung durften die \u00dcberlebenden 1957 in ihre Heimat zur\u00fcckkehren.<\/p>\n<ul class='gdl-toggle-box'>\n<li class=''>\n<h2 class='toggle-box-title'><span class='toggle-box-icon'><\/span>Mehr \u00fcber die Geschichte Tschetscheniens erfahren<\/h2>\n<div class='toggle-box-content'>\n<h4>Erster und Zweiter Tschetschenien-Krieg<\/h4>\n<p>Die Aufl\u00f6sung der Sowjetunion f\u00fchrte auch in Tschetschenien zu erneuten Unabh\u00e4ngigkeitsbestrebungen. 1991 erkl\u00e4rte sich die Republik f\u00fcr unabh\u00e4ngig. In den folgenden beiden Tschetschenien-Kriegen (1994\u20131996 und 1999\u20132000) kamen zehntausende Menschen ums Leben und Hunderttausende verloren ihr Heim. Weite Teile der \u00f6ffentlichen Infrastruktur wurden zerst\u00f6rt. Die Kriege und die darauffolgenden Jahre waren von Entf\u00fchrungen und Menschenrechtsverletzungen gepr\u00e4gt, welche gr\u00f6\u00dftenteils bis heute nicht aufgekl\u00e4rt werden konnten. Erst 2009 erkl\u00e4rte die russische Regierung das offizielle Ende des Anti-Terror-Einsatzes und den Abzug des Milit\u00e4rs aus Tschetschenien.<\/p>\n<h4>Sicherheit und Stabilit\u00e4t im Zeichen der \u201eTschetschenisierung\u201c<\/h4>\n<p>Im Rahmen der von Moskau betriebenen Politik der \u201eTschetschenisierung\u201c wurde die Regierung des Landes in die H\u00e4nde von Tschetschenen gelegt. Unter der Regierung des seit 2007 amtierenden Pr\u00e4sidenten Ramsan Kadyrow wurde die Hauptstadt Grosny weitl\u00e4ufig wieder aufgebaut, Schulen und Krankenh\u00e4user wurden neu errichtet. Die Mordf\u00e4lle und Entf\u00fchrungen sind r\u00fcckl\u00e4ufig. Doch nach wie vor sind zahlreiche schwere Menschenrechtsverletzungen zu beklagen.<\/p>\n<h4>Die Folgen der Kriege f\u00fcr die Gesellschaft<\/h4>\n<p>Neben den Zerst\u00f6rungen hatten die Kriege gravierende soziale Auswirkungen. Durch die Deportation der 1940er Jahre und die j\u00fcngsten Kriege wurden die Autorit\u00e4t der \u00c4ltesten der Clans und die traditionellen Werte ersch\u00fcttert. Eine religi\u00f6s gepr\u00e4gte Reglementierung des \u00f6ffentlichen und privaten Lebens durch die Regierung nimmt stetig zu. Gerade f\u00fcr Frauen hat die Entwicklung des Landes ein sinkendes Heiratsalter und einen Bedeutungsverlust im \u00f6ffentlichen Raum zur Folge. Kopftuch und langer Rock sind f\u00fcr den Besuch \u00f6ffentlicher Geb\u00e4ude vorgeschrieben.<\/p>\n<h4>Bildungsnotstand und Fachkr\u00e4ftemangel<\/h4>\n<p>Zwar wurden unter der Regierung Kadyrow Schulen wiederer\u00f6ffnet, doch oftmals fehlt es an den notwendigen Unterrichtsmaterialien und qualifizierten Lehrkr\u00e4ften. Die Zugangsm\u00f6glichkeiten zu Studium und Arbeitspl\u00e4tzen werden durch Protektion, Patronage und Korruption stark begrenzt. Die Schattenwirtschaft nimmt einen gro\u00dfen Raum ein. Der Mangel an gut ausgebildeten Arbeitskr\u00e4ften wird dadurch weiter verschlimmert, dass viele Studierende wegen zeitweiligen Schlie\u00dfungen der Universit\u00e4t und der schlechten Bedingungen w\u00e4hrend der Kriege ihr Studium abgebrochen oder gar nicht erst begonnen haben. Die heute Zwanzigj\u00e4hrigen, also die potentiellen Gestalter des langfristigen Wiederaufbaus, haben viel Zeit ihres Lebens mit dem Kampf ums \u00dcberleben verbracht und daher oft mit Bildungsdefiziten und teilweise auch mit psychischen Problemen zu k\u00e4mpfen.\n<\/p><\/div>\n<\/li>\n<\/ul>\n<p><\/p>","protected":false},"excerpt":{"rendered":"<p>Hintergrund Die Tschetschenische Republik ist Teil des im Januar 2010 geschaffenen F\u00f6rderationskreises Nordkaukasus der Russischen F\u00f6rderation. Im Jahr 2010 z\u00e4hlt die Republik etwa 1,27 Mio. Einwohner und Einwohnerinnen, wovon die meisten als ethnische Tschetschenen gerechnet werden. Ein F\u00fcnftel der Gesamtbev\u00f6lkerung lebt in der Hauptstadt Grosny. Vorherrschende Religion ist der Islam sunnitischer Ausrichtung. Quer zur Struktur staatlicher Verwaltung steht das Clansystem. Die Clans (teip) bestimmen gerade in den Gebirgsregionen und im l\u00e4ndlichen Raum die Handlungsr\u00e4ume der Menschen. Es gilt das Sittengesetz (adat). Im Laufe des 19. Jh. wurde der tschetschenische Raum im Nordkaukasus in das Russische Reich eingegliedert. Bis heute leisten unterschiedlichste Gruppierungen anhaltend Widerstand gegen die russische Verwaltung in Tschetschenien und k\u00e4mpfen f\u00fcr Selbstbestimmung. Zudem ist das Land stark gepr\u00e4gt durch die Auswirkungen stalinistischer Diktatur. Der Kollaboration mit den deutschen Faschisten beschuldigt, wurden hunderttausende Tschetschenen 1944 nach Sibirien und Nordkasachstan deportiert. Das Europaparlament bezeichnete diese Deportation als \u201eAkt von Genozid\u201c. Erst mit Beginn der Entstalinisierung durften die \u00dcberlebenden 1957 in ihre Heimat zur\u00fcckkehren.<\/p>\n","protected":false},"author":29,"featured_media":0,"parent":190,"menu_order":0,"comment_status":"open","ping_status":"closed","template":"","meta":{"ngg_post_thumbnail":0},"_links":{"self":[{"href":"https:\/\/old.studieren-ohne-grenzen.org\/en\/wp-json\/wp\/v2\/pages\/748"}],"collection":[{"href":"https:\/\/old.studieren-ohne-grenzen.org\/en\/wp-json\/wp\/v2\/pages"}],"about":[{"href":"https:\/\/old.studieren-ohne-grenzen.org\/en\/wp-json\/wp\/v2\/types\/page"}],"author":[{"embeddable":true,"href":"https:\/\/old.studieren-ohne-grenzen.org\/en\/wp-json\/wp\/v2\/users\/29"}],"replies":[{"embeddable":true,"href":"https:\/\/old.studieren-ohne-grenzen.org\/en\/wp-json\/wp\/v2\/comments?post=748"}],"version-history":[{"count":32,"href":"https:\/\/old.studieren-ohne-grenzen.org\/en\/wp-json\/wp\/v2\/pages\/748\/revisions"}],"predecessor-version":[{"id":7214,"href":"https:\/\/old.studieren-ohne-grenzen.org\/en\/wp-json\/wp\/v2\/pages\/748\/revisions\/7214"}],"up":[{"embeddable":true,"href":"https:\/\/old.studieren-ohne-grenzen.org\/en\/wp-json\/wp\/v2\/pages\/190"}],"wp:attachment":[{"href":"https:\/\/old.studieren-ohne-grenzen.org\/en\/wp-json\/wp\/v2\/media?parent=748"}],"curies":[{"name":"wp","href":"https:\/\/api.w.org\/{rel}","templated":true}]}}