{"id":328,"date":"2014-01-20T14:56:18","date_gmt":"2014-01-20T12:56:18","guid":{"rendered":"http:\/\/10006stud.outofscope-dev.com\/?page_id=328"},"modified":"2023-03-23T09:49:05","modified_gmt":"2023-03-23T08:49:05","slug":"impressum","status":"publish","type":"page","link":"https:\/\/old.studieren-ohne-grenzen.org\/en\/impressum\/","title":{"rendered":"Impressum"},"content":{"rendered":"<p><\/p>\n<h1>Postadresse<\/h1>\n<p>Etudes Sans Fronti\u00e8res \u2013 Studieren Ohne Grenzen Deutschland e.V.<br \/>\nUniversit\u00e4t Konstanz<br \/>\nPostfach 233<br \/>\n78457 Konstanz<\/p>\n<h1>Kontodaten<\/h1>\n<p>Spendenkonto:<br \/>\nEtudes Sans Fronti\u00e8res \u2013 Studieren Ohne Grenzen Deutschland e.V.<\/p>\n<p>IBAN: DE03 5003 1000 1013 2470 01<br \/>\nBIC: TRODDEF1XXX<\/p>\n<p>Triodos Bank<\/p>\n<h1>Vereinsregister<\/h1>\n<p>Etudes Sans Fronti\u00e8res \u2013 Studieren Ohne Grenzen Deutschland e.V.<br \/>\nc\/o Uni Konstanz<br \/>\nUniversit\u00e4tsstra\u00dfe 10<br \/>\n78464 Konstanz<\/p>\n<p><span class=\"\">VR 380848 (Amtsgericht Freiburg im Breisgau)<\/span><\/p>\n<h1>Umsatzsteuer-Identifikationsnummer<\/h1>\n<p>DE287535550<\/p>\n<p>&nbsp;<\/p>\n<h1>Vertretungsberechtigter Vorstand<\/h1>\n<p>Jedes unserer Vorstandsmitglieder ist einzelvertretungsberechtigt f\u00fcr unseren Verein.<\/p>\n<p><span class=\"text_exposed_show\">1. Vorsitzende: Ida Lemling<br \/>\n2. Vorsitzender: Feras Mulhem<br \/>\nKassenwartin: Marie Sophie Mayer<br \/>\n1. Beisitzende: Hendrikje Rost<br \/>\n2. Beisitz<\/span><span class=\"text_exposed_show\">ende: Katharina Batzing<br \/>\n3. Beisitzender: Simon Weber<br \/>\n4. Beisitzender: Tim Heucke<br \/>\n5. Beisitzende: Amelie Brockmann<br \/>\n6. Beisitzende: Julia Engelhardt<\/span><\/p>\n<h1>Urheber- und Nutzungsrechte<\/h1>\n<p>Die Studieren-Ohne-Grenzen-Website und die hierauf befindlichen von Studieren Ohne Grenzen stammenden Inhalte unterstehen dem Urheberrecht von Studieren Ohne Grenzen und sind durch die einschl\u00e4gigen urheberrechtlichen Bestimmungen gesch\u00fctzt. Die unerlaubte Vervielf\u00e4ltigung dieser Inhalte oder deren Nachahmung werden von Studieren Ohne Grenzen durch Einleitung zivil-, notfalls auch strafrechtlicher Ma\u00dfnahmen verfolgt.<\/p>\n<h1>Haftungshinweis<\/h1>\n<p>Trotz sorgf\u00e4ltiger inhaltlicher Kontrolle \u00fcbernehmen wir keine Haftung f\u00fcr die Inhalte externer Links. F\u00fcr den Inhalt der verlinkten Seiten sind ausschlie\u00dflich deren Betreiber verantwortlich.<\/p>\n<h1>Nutzung von PIWIK Webtracking<\/h1>\n<p>Zu statistischen Zwecken und um festzustellen, wie unsere Besucher auf uns aufmerksam geworden sind, setzen wir die Webtracking-Software PIWIK ein. Damit wird z.B. Zahl und Umfang der Seitenabrufe, der Zugang \u00fcber Suchmaschinen und die Verwendung von Suchbegriffen dokumentiert.<\/p>\n<h1>Aufsichtsbeh\u00f6rde Datenschutz<\/h1>\n<p>Der Landesbeauftragte f\u00fcr den Datenschutz Baden-W\u00fcrttemberg<\/p>","protected":false},"excerpt":{"rendered":"<p>Postadresse Etudes Sans Fronti\u00e8res \u2013 Studieren Ohne Grenzen Deutschland e.V. Universit\u00e4t Konstanz Postfach 233 78457 Konstanz Kontodaten Spendenkonto: Etudes Sans Fronti\u00e8res \u2013 Studieren Ohne Grenzen Deutschland e.V. IBAN: DE03 5003 1000 1013 2470 01 BIC: TRODDEF1XXX Triodos Bank Vereinsregister Etudes Sans Fronti\u00e8res \u2013 Studieren Ohne Grenzen Deutschland e.V. c\/o Uni Konstanz Universit\u00e4tsstra\u00dfe 10 78464 Konstanz VR 380848 (Amtsgericht Freiburg im Breisgau) Umsatzsteuer-Identifikationsnummer DE287535550 &nbsp; Vertretungsberechtigter Vorstand Jedes unserer Vorstandsmitglieder ist einzelvertretungsberechtigt f\u00fcr unseren Verein. 1. Vorsitzende: Ida Lemling 2. Vorsitzender: Feras Mulhem Kassenwartin: Marie Sophie Mayer 1. Beisitzende: Hendrikje Rost 2. Beisitzende: Katharina Batzing 3. Beisitzender: Simon Weber 4. Beisitzender: Tim Heucke 5. Beisitzende: Amelie Brockmann 6. Beisitzende: Julia Engelhardt Urheber- und Nutzungsrechte Die Studieren-Ohne-Grenzen-Website und die hierauf befindlichen von Studieren Ohne Grenzen stammenden Inhalte unterstehen dem Urheberrecht von Studieren Ohne Grenzen und sind durch die einschl\u00e4gigen urheberrechtlichen Bestimmungen gesch\u00fctzt. Die unerlaubte Vervielf\u00e4ltigung dieser Inhalte oder deren Nachahmung werden von Studieren Ohne Grenzen durch Einleitung zivil-, notfalls auch strafrechtlicher Ma\u00dfnahmen verfolgt. Haftungshinweis Trotz sorgf\u00e4ltiger inhaltlicher Kontrolle \u00fcbernehmen wir keine Haftung f\u00fcr die Inhalte externer Links. F\u00fcr den Inhalt der verlinkten Seiten sind ausschlie\u00dflich deren Betreiber verantwortlich. Nutzung von PIWIK Webtracking Zu statistischen Zwecken und um festzustellen, wie unsere Besucher auf uns aufmerksam geworden sind, setzen wir die Webtracking-Software PIWIK ein. Damit wird z.B. Zahl und Umfang der Seitenabrufe, der Zugang \u00fcber Suchmaschinen und die Verwendung von Suchbegriffen dokumentiert. Aufsichtsbeh\u00f6rde Datenschutz Der Landesbeauftragte f\u00fcr den Datenschutz Baden-W\u00fcrttemberg<\/p>\n","protected":false},"author":1,"featured_media":0,"parent":0,"menu_order":5,"comment_status":"open","ping_status":"closed","template":"","meta":{"ngg_post_thumbnail":0},"_links":{"self":[{"href":"https:\/\/old.studieren-ohne-grenzen.org\/en\/wp-json\/wp\/v2\/pages\/328"}],"collection":[{"href":"https:\/\/old.studieren-ohne-grenzen.org\/en\/wp-json\/wp\/v2\/pages"}],"about":[{"href":"https:\/\/old.studieren-ohne-grenzen.org\/en\/wp-json\/wp\/v2\/types\/page"}],"author":[{"embeddable":true,"href":"https:\/\/old.studieren-ohne-grenzen.org\/en\/wp-json\/wp\/v2\/users\/1"}],"replies":[{"embeddable":true,"href":"https:\/\/old.studieren-ohne-grenzen.org\/en\/wp-json\/wp\/v2\/comments?post=328"}],"version-history":[{"count":63,"href":"https:\/\/old.studieren-ohne-grenzen.org\/en\/wp-json\/wp\/v2\/pages\/328\/revisions"}],"predecessor-version":[{"id":10055,"href":"https:\/\/old.studieren-ohne-grenzen.org\/en\/wp-json\/wp\/v2\/pages\/328\/revisions\/10055"}],"wp:attachment":[{"href":"https:\/\/old.studieren-ohne-grenzen.org\/en\/wp-json\/wp\/v2\/media?parent=328"}],"curies":[{"name":"wp","href":"https:\/\/api.w.org\/{rel}","templated":true}]}}