{"id":3096,"date":"2015-04-08T18:29:32","date_gmt":"2015-04-08T16:29:32","guid":{"rendered":"http:\/\/www.studieren-ohne-grenzen.org\/?page_id=3096"},"modified":"2019-04-07T13:03:00","modified_gmt":"2019-04-07T11:03:00","slug":"stipendiatinnen-und-stipendiaten","status":"publish","type":"page","link":"https:\/\/old.studieren-ohne-grenzen.org\/en\/projekte\/tschetschenien-stipendienprogramm\/stipendiatinnen-und-stipendiaten\/","title":{"rendered":"Scholarship Holders"},"content":{"rendered":"<p><\/p>\n<h3><b>Scholarship Holders<br \/>\n<\/b><\/h3>\n<p>The scholarship program Chechnya from \u201cStudies Without Borders\u201d is currently funding one scholar during his stay in T\u00fcbingen, Germany.<\/p>\n<hr>\n<h4><b>Ibragim<\/b><\/h4>\n<p>Ibragim is 24 years old and has been in T\u00fcbingen since April 2018, where he is enrolled in the Bachelor Degree educational sciences at the University of T\u00fcbingen. He has learned the German language to near perfection and already successfully applied for an internship at a local kindergarten.<\/p>\n<p>In Chechnya he completed an engineering degree at the Grozny State Oil Technical University and worked as a social worker with disabled people and orphans.<\/p>\n<p>In the one year stay in Germany Ibragim, in addition to learning the German language, hopes to improve his project management skills in order to develop and implement his ideas for social and educational projects in Chechnya.<\/p>\n<p>He wants to organise sport fields in order to help people with limited opportunities with workshops and sports. Furthermore, he wants to simplify social adaptation for people with disabilities through ecotherapy.<\/p>\n<p>&nbsp;<\/p>\n<p>&nbsp;<\/p>\n<h3>Alumni<\/h3>\n<hr>\n<h4><b>Zalina<\/b><\/h4>\n<p>Translation coming soon<\/p>\n<hr>\n<h4><b>Ismail<\/b><\/h4>\n<p>Translation coming soon<\/p>\n<hr>\n<h4><b>Zulikhan<\/b><\/h4>\n<p>Translation coming soon<\/p>","protected":false},"excerpt":{"rendered":"<p>Scholarship Holders The scholarship program Chechnya from \u201cStudies Without Borders\u201d is currently funding one scholar during his stay in T\u00fcbingen, Germany. Ibragim Ibragim is 24 years old and has been in T\u00fcbingen since April 2018, where he is enrolled in the Bachelor Degree educational sciences at the University of T\u00fcbingen. He has learned the German language to near perfection and already successfully applied for an internship at a local kindergarten. In Chechnya he completed an engineering degree at the Grozny State Oil Technical University and worked as a social worker with disabled people and orphans. In the one year stay in Germany Ibragim, in addition to learning the German language, hopes to improve his project management skills in order to develop and implement his ideas for social and educational projects in Chechnya. He wants to organise sport fields in order to help people with limited opportunities with workshops and sports. Furthermore, he wants to simplify social adaptation for people with disabilities through ecotherapy. &nbsp; &nbsp; Alumni Zalina Translation coming soon Ismail Translation coming soon Zulikhan Translation coming soon<\/p>\n","protected":false},"author":29,"featured_media":0,"parent":190,"menu_order":0,"comment_status":"closed","ping_status":"closed","template":"","meta":{"ngg_post_thumbnail":0},"_links":{"self":[{"href":"https:\/\/old.studieren-ohne-grenzen.org\/en\/wp-json\/wp\/v2\/pages\/3096"}],"collection":[{"href":"https:\/\/old.studieren-ohne-grenzen.org\/en\/wp-json\/wp\/v2\/pages"}],"about":[{"href":"https:\/\/old.studieren-ohne-grenzen.org\/en\/wp-json\/wp\/v2\/types\/page"}],"author":[{"embeddable":true,"href":"https:\/\/old.studieren-ohne-grenzen.org\/en\/wp-json\/wp\/v2\/users\/29"}],"replies":[{"embeddable":true,"href":"https:\/\/old.studieren-ohne-grenzen.org\/en\/wp-json\/wp\/v2\/comments?post=3096"}],"version-history":[{"count":17,"href":"https:\/\/old.studieren-ohne-grenzen.org\/en\/wp-json\/wp\/v2\/pages\/3096\/revisions"}],"predecessor-version":[{"id":8438,"href":"https:\/\/old.studieren-ohne-grenzen.org\/en\/wp-json\/wp\/v2\/pages\/3096\/revisions\/8438"}],"up":[{"embeddable":true,"href":"https:\/\/old.studieren-ohne-grenzen.org\/en\/wp-json\/wp\/v2\/pages\/190"}],"wp:attachment":[{"href":"https:\/\/old.studieren-ohne-grenzen.org\/en\/wp-json\/wp\/v2\/media?parent=3096"}],"curies":[{"name":"wp","href":"https:\/\/api.w.org\/{rel}","templated":true}]}}