{"id":2983,"date":"2015-04-05T00:04:05","date_gmt":"2015-04-04T22:04:05","guid":{"rendered":"http:\/\/www.studieren-ohne-grenzen.org\/?page_id=2983"},"modified":"2019-04-07T13:10:55","modified_gmt":"2019-04-07T11:10:55","slug":"mitmachen","status":"publish","type":"page","link":"https:\/\/old.studieren-ohne-grenzen.org\/en\/projekte\/tschetschenien-stipendienprogramm\/mitmachen\/","title":{"rendered":"Mitmachen"},"content":{"rendered":"<p><\/p>\n<h3>Mitmachen<\/h3>\n<p>Das Stipendienprogramm Tschetschenien wird momentan von unseren Lokalgruppen T\u00fcbingen, M\u00fcnchen und Bonn organisiert. Dabei arbeiten wir sowohl in lokalen Projektgruppen (in T\u00fcbingen und M\u00fcnchen) als auch standort\u00fcbergreifend zusammen.<\/p>\n<p><b><\/p>\n<ul class='gdl-toggle-box'>\n<li class=' active'>\n<h2 class='toggle-box-title'><span class='toggle-box-icon'><\/span>Unsere Arbeit<\/h2>\n<div class='toggle-box-content'><\/b><\/p>\n<p>Unsere Arbeit als Tschetschenien-AG von Studieren Ohne Grenzen reicht von der Konzeption des Programms \u00fcber die Ausschreibungen und Auswahl bis hin zur Stipendiat\/innen-Betreuung vor Ort.<\/p>\n<p>Wir unterst\u00fctzen unsere Stipendiat\/innen in allen organisatorischen Belangen. Des Weiteren f\u00f6rdern wir sie ideell; das bedeutet, dass wir uns um ad\u00e4quate Sprachkurse, passende Seminare und Workshops an der Universit\u00e4t und in anderen Einrichtungen k\u00fcmmern und sie bei der Bewerbung f\u00fcr Praktika in deutschen Nicht-Regierungsorganisationen unterst\u00fctzen. So hoffen wir, die n\u00f6tigen Hilfestellungen f\u00fcr weiteres Engagement in Tschetschenien bereitzustellen.<\/p>\n<p>Dar\u00fcber hinaus ist es unser Anliegen, in der \u00d6ffentlichkeit Interesse an der (bildungs-)politischen Situation in Tschetschenien sowie an Ansatz und Zielen unserer Projektarbeit zu wecken.<\/p>\n<p><b><\/div>\n<\/li>\n<\/ul>\n<p><\/b><\/p>\n<h4>Interesse?<\/h4>\n<p>Interessierte sind jederzeit herzlich eingeladen, an unseren w\u00f6chentlichen Sitzungen teilzunehmen, um einen Einblick in die Projektarbeit zu bekommen. Wir freuen uns immer \u00fcber neue Gesichter!<\/p>\n<div class=\"shortcode1-2 \">\n<div class=\"message-box-wrapper red\">\n<div class=\"message-box-title\">Aktuelle Termine T\u00fcbingen<\/div>\n<div class=\"message-box-content\">\n<p>immer Mittwoch, 20 Uhr<br \/>\ndavor ab 19.30 Uhr Plenum<br \/>\nAlte Physik, Raum 2<\/p>\n<\/div>\n<\/div>\n<\/div>\n<div class=\"shortcode1-2 \">\n<div class=\"message-box-wrapper red\">\n<div class=\"message-box-title\">Aktuelle Termine M\u00fcnchen<\/div>\n<div class=\"message-box-content\">\n<p>immer Montag, 19 Uhr<br \/>\nKatholischen Hochschulgemeinde (KHG)<br \/>\nLeopoldstra\u00dfe 11, Raum 207<\/p>\n<\/div>\n<\/div>\n<\/div>\n<div class=\"clear\"><\/div>\n<div class=\"gdl-divider gdl-border-x top\">\n<div class=\"scroll-top\">SCROLL_TEXT<\/div>\n<\/div>\n<p>Kontakt:<br \/>\ntschetschenien@studieren-ohne-grenzen.org<\/p>","protected":false},"excerpt":{"rendered":"<p>Mitmachen Das Stipendienprogramm Tschetschenien wird momentan von unseren Lokalgruppen T\u00fcbingen, M\u00fcnchen und Bonn organisiert. Dabei arbeiten wir sowohl in lokalen Projektgruppen (in T\u00fcbingen und M\u00fcnchen) als auch standort\u00fcbergreifend zusammen. Interesse? Interessierte sind jederzeit herzlich eingeladen, an unseren w\u00f6chentlichen Sitzungen teilzunehmen, um einen Einblick in die Projektarbeit zu bekommen. Wir freuen uns immer \u00fcber neue Gesichter! Kontakt: tschetschenien@studieren-ohne-grenzen.org<\/p>\n","protected":false},"author":29,"featured_media":0,"parent":190,"menu_order":0,"comment_status":"closed","ping_status":"closed","template":"","meta":{"ngg_post_thumbnail":0},"_links":{"self":[{"href":"https:\/\/old.studieren-ohne-grenzen.org\/en\/wp-json\/wp\/v2\/pages\/2983"}],"collection":[{"href":"https:\/\/old.studieren-ohne-grenzen.org\/en\/wp-json\/wp\/v2\/pages"}],"about":[{"href":"https:\/\/old.studieren-ohne-grenzen.org\/en\/wp-json\/wp\/v2\/types\/page"}],"author":[{"embeddable":true,"href":"https:\/\/old.studieren-ohne-grenzen.org\/en\/wp-json\/wp\/v2\/users\/29"}],"replies":[{"embeddable":true,"href":"https:\/\/old.studieren-ohne-grenzen.org\/en\/wp-json\/wp\/v2\/comments?post=2983"}],"version-history":[{"count":23,"href":"https:\/\/old.studieren-ohne-grenzen.org\/en\/wp-json\/wp\/v2\/pages\/2983\/revisions"}],"predecessor-version":[{"id":8440,"href":"https:\/\/old.studieren-ohne-grenzen.org\/en\/wp-json\/wp\/v2\/pages\/2983\/revisions\/8440"}],"up":[{"embeddable":true,"href":"https:\/\/old.studieren-ohne-grenzen.org\/en\/wp-json\/wp\/v2\/pages\/190"}],"wp:attachment":[{"href":"https:\/\/old.studieren-ohne-grenzen.org\/en\/wp-json\/wp\/v2\/media?parent=2983"}],"curies":[{"name":"wp","href":"https:\/\/api.w.org\/{rel}","templated":true}]}}