{"id":2645,"date":"2015-02-15T14:46:16","date_gmt":"2015-02-15T13:46:16","guid":{"rendered":"https:\/\/www.studieren-ohne-grenzen.org\/?page_id=2645"},"modified":"2024-03-18T15:26:25","modified_gmt":"2024-03-18T14:26:25","slug":"vorstand","status":"publish","type":"page","link":"https:\/\/old.studieren-ohne-grenzen.org\/en\/uber-uns\/vorstand\/","title":{"rendered":"Executive committee"},"content":{"rendered":"<p><\/p>\n<h3><strong>The Executive Committee 2022<\/strong><\/h3>\n<table style=\"table-layout: fixed;\" width=\"100%\">\n<tbody>\n<tr style=\"height: 300px;\">\n<td style=\"width: 300px; height: 300px;\"><img loading=\"lazy\" class=\"alignnone size-medium wp-image-10010\" src=\"https:\/\/www.studieren-ohne-grenzen.org\/wp-content\/uploads\/2023\/02\/Ida-Lemling-227x300.jpeg\" alt=\"\" width=\"227\" height=\"300\" srcset=\"https:\/\/old.studieren-ohne-grenzen.org\/wp-content\/uploads\/2023\/02\/Ida-Lemling-227x300.jpeg 227w, https:\/\/old.studieren-ohne-grenzen.org\/wp-content\/uploads\/2023\/02\/Ida-Lemling-774x1024.jpeg 774w, https:\/\/old.studieren-ohne-grenzen.org\/wp-content\/uploads\/2023\/02\/Ida-Lemling-768x1015.jpeg 768w, https:\/\/old.studieren-ohne-grenzen.org\/wp-content\/uploads\/2023\/02\/Ida-Lemling-scaled.jpeg 1936w\" sizes=\"(max-width: 227px) 100vw, 227px\" \/><\/td>\n<td style=\"width: 400px; height: 300px; text-align: center; vertical-align: middle;\"><strong>Chair: <\/strong><\/p>\n<p><strong>Ida Lemling<br \/>\n<\/strong><\/td>\n<\/tr>\n<tr style=\"height: 300px;\">\n<td style=\"width: 503.75px; height: 300px;\"><img loading=\"lazy\" class=\"alignnone size-medium wp-image-10037\" src=\"https:\/\/www.studieren-ohne-grenzen.org\/wp-content\/uploads\/2023\/02\/Feras-Mulhem-227x300.jpg\" alt=\"\" width=\"227\" height=\"300\" srcset=\"https:\/\/old.studieren-ohne-grenzen.org\/wp-content\/uploads\/2023\/02\/Feras-Mulhem-227x300.jpg 227w, https:\/\/old.studieren-ohne-grenzen.org\/wp-content\/uploads\/2023\/02\/Feras-Mulhem-775x1024.jpg 775w, https:\/\/old.studieren-ohne-grenzen.org\/wp-content\/uploads\/2023\/02\/Feras-Mulhem-768x1015.jpg 768w, https:\/\/old.studieren-ohne-grenzen.org\/wp-content\/uploads\/2023\/02\/Feras-Mulhem-scaled.jpg 1937w\" sizes=\"(max-width: 227px) 100vw, 227px\" \/><\/td>\n<td style=\"vertical-align: middle; text-align: center; width: 503.75px; height: 300px;\"><strong>Vice Chair: <\/strong><\/p>\n<p><strong>Feras Mulhem<br \/>\n<\/strong><\/td>\n<\/tr>\n<tr style=\"height: 300px;\">\n<td style=\"width: 503.75px; height: 300px;\"><img loading=\"lazy\" class=\"alignnone size-medium wp-image-10013\" src=\"https:\/\/www.studieren-ohne-grenzen.org\/wp-content\/uploads\/2023\/02\/Marie-Sophie-Mayer-228x300.jpeg\" alt=\"\" width=\"228\" height=\"300\" srcset=\"https:\/\/old.studieren-ohne-grenzen.org\/wp-content\/uploads\/2023\/02\/Marie-Sophie-Mayer-228x300.jpeg 228w, https:\/\/old.studieren-ohne-grenzen.org\/wp-content\/uploads\/2023\/02\/Marie-Sophie-Mayer-780x1024.jpeg 780w, https:\/\/old.studieren-ohne-grenzen.org\/wp-content\/uploads\/2023\/02\/Marie-Sophie-Mayer-768x1008.jpeg 768w, https:\/\/old.studieren-ohne-grenzen.org\/wp-content\/uploads\/2023\/02\/Marie-Sophie-Mayer-scaled.jpeg 1950w\" sizes=\"(max-width: 228px) 100vw, 228px\" \/><\/td>\n<td style=\"vertical-align: middle; text-align: center; width: 503.75px; height: 300px;\"><strong>Treasurer: <\/strong><\/p>\n<p><strong>Marie Sophie Mayer<br \/>\n<\/strong><\/td>\n<\/tr>\n<tr style=\"height: 324px;\">\n<td style=\"width: 503.75px; height: 324px;\"><img loading=\"lazy\" class=\"alignnone size-medium wp-image-10009\" src=\"https:\/\/www.studieren-ohne-grenzen.org\/wp-content\/uploads\/2023\/02\/Hendrikje-Rost-227x300.jpeg\" alt=\"\" width=\"227\" height=\"300\" srcset=\"https:\/\/old.studieren-ohne-grenzen.org\/wp-content\/uploads\/2023\/02\/Hendrikje-Rost-227x300.jpeg 227w, https:\/\/old.studieren-ohne-grenzen.org\/wp-content\/uploads\/2023\/02\/Hendrikje-Rost-776x1024.jpeg 776w, https:\/\/old.studieren-ohne-grenzen.org\/wp-content\/uploads\/2023\/02\/Hendrikje-Rost-768x1013.jpeg 768w, https:\/\/old.studieren-ohne-grenzen.org\/wp-content\/uploads\/2023\/02\/Hendrikje-Rost-scaled.jpeg 1941w\" sizes=\"(max-width: 227px) 100vw, 227px\" \/><\/td>\n<td style=\"vertical-align: middle; text-align: center; width: 503.75px; height: 324px;\"><strong>Assessor for Members:<\/strong><\/p>\n<p><strong> Hendrikje Rost<br \/>\n<\/strong><\/td>\n<\/tr>\n<tr style=\"height: 324px;\">\n<td style=\"width: 503.75px; height: 324px;\"><img loading=\"lazy\" class=\"alignnone size-medium wp-image-10012\" src=\"https:\/\/www.studieren-ohne-grenzen.org\/wp-content\/uploads\/2023\/02\/Katharina-Batzing-227x300.jpeg\" alt=\"\" width=\"227\" height=\"300\" srcset=\"https:\/\/old.studieren-ohne-grenzen.org\/wp-content\/uploads\/2023\/02\/Katharina-Batzing-227x300.jpeg 227w, https:\/\/old.studieren-ohne-grenzen.org\/wp-content\/uploads\/2023\/02\/Katharina-Batzing.jpeg 512w\" sizes=\"(max-width: 227px) 100vw, 227px\" \/><\/td>\n<td style=\"vertical-align: middle; text-align: center; width: 503.75px; height: 324px;\"><strong>Assessor for Fundraising and Events: <\/strong><\/p>\n<p><strong>Katharina Batzing<br \/>\n<\/strong><\/td>\n<\/tr>\n<tr style=\"height: 324px;\">\n<td style=\"width: 503.75px; height: 324px;\"><img loading=\"lazy\" class=\"alignnone size-medium wp-image-10015\" src=\"https:\/\/www.studieren-ohne-grenzen.org\/wp-content\/uploads\/2023\/02\/Tim-Heucke-SOG-Vorstandsbilder-227x300.jpeg\" alt=\"\" width=\"227\" height=\"300\" srcset=\"https:\/\/old.studieren-ohne-grenzen.org\/wp-content\/uploads\/2023\/02\/Tim-Heucke-SOG-Vorstandsbilder-227x300.jpeg 227w, https:\/\/old.studieren-ohne-grenzen.org\/wp-content\/uploads\/2023\/02\/Tim-Heucke-SOG-Vorstandsbilder-773x1024.jpeg 773w, https:\/\/old.studieren-ohne-grenzen.org\/wp-content\/uploads\/2023\/02\/Tim-Heucke-SOG-Vorstandsbilder-768x1017.jpeg 768w, https:\/\/old.studieren-ohne-grenzen.org\/wp-content\/uploads\/2023\/02\/Tim-Heucke-SOG-Vorstandsbilder-scaled.jpeg 1934w\" sizes=\"(max-width: 227px) 100vw, 227px\" \/><\/td>\n<td style=\"vertical-align: middle; text-align: center; width: 503.75px; height: 324px;\"><strong>Assessor for Projects: <\/strong><\/p>\n<p><strong>Tim Heucke<br \/>\n<\/strong><\/td>\n<\/tr>\n<tr style=\"height: 324px;\">\n<td style=\"width: 503.75px; height: 324px;\"><img loading=\"lazy\" class=\"alignnone size-medium wp-image-10011\" src=\"https:\/\/www.studieren-ohne-grenzen.org\/wp-content\/uploads\/2023\/02\/Julia-Engelhardt-228x300.jpeg\" alt=\"\" width=\"228\" height=\"300\" srcset=\"https:\/\/old.studieren-ohne-grenzen.org\/wp-content\/uploads\/2023\/02\/Julia-Engelhardt-228x300.jpeg 228w, https:\/\/old.studieren-ohne-grenzen.org\/wp-content\/uploads\/2023\/02\/Julia-Engelhardt-777x1024.jpeg 777w, https:\/\/old.studieren-ohne-grenzen.org\/wp-content\/uploads\/2023\/02\/Julia-Engelhardt-768x1012.jpeg 768w, https:\/\/old.studieren-ohne-grenzen.org\/wp-content\/uploads\/2023\/02\/Julia-Engelhardt-scaled.jpeg 1942w\" sizes=\"(max-width: 228px) 100vw, 228px\" \/><\/td>\n<td style=\"vertical-align: middle; text-align: center; width: 503.75px; height: 324px;\"><strong>Assessor for Design and Network: <\/strong><\/p>\n<p><strong>Julia Engelhardt<br \/>\n<\/strong><\/td>\n<\/tr>\n<tr style=\"height: 300px;\">\n<td style=\"width: 503.75px; height: 300px;\"><img loading=\"lazy\" class=\"size-medium wp-image-10020\" src=\"https:\/\/www.studieren-ohne-grenzen.org\/wp-content\/uploads\/2023\/02\/Amelie-Brockmann-227x300.jpg\" alt=\"\" width=\"227\" height=\"300\" srcset=\"https:\/\/old.studieren-ohne-grenzen.org\/wp-content\/uploads\/2023\/02\/Amelie-Brockmann-227x300.jpg 227w, https:\/\/old.studieren-ohne-grenzen.org\/wp-content\/uploads\/2023\/02\/Amelie-Brockmann-775x1024.jpg 775w, https:\/\/old.studieren-ohne-grenzen.org\/wp-content\/uploads\/2023\/02\/Amelie-Brockmann-768x1014.jpg 768w, https:\/\/old.studieren-ohne-grenzen.org\/wp-content\/uploads\/2023\/02\/Amelie-Brockmann.jpg 1063w\" sizes=\"(max-width: 227px) 100vw, 227px\" \/><\/td>\n<td style=\"vertical-align: middle; text-align: center; width: 503.75px; height: 300px;\"><strong>Assessor for Strategy and Vision: <\/strong><\/p>\n<p><strong>Amelie Brockmann<br \/>\n<\/strong><\/td>\n<\/tr>\n<tr>\n<td style=\"width: 503.75px;\"><img loading=\"lazy\" class=\"alignnone size-medium wp-image-10014\" src=\"https:\/\/www.studieren-ohne-grenzen.org\/wp-content\/uploads\/2023\/02\/Simon-Weber-227x300.jpeg\" alt=\"\" width=\"227\" height=\"300\" srcset=\"https:\/\/old.studieren-ohne-grenzen.org\/wp-content\/uploads\/2023\/02\/Simon-Weber-227x300.jpeg 227w, https:\/\/old.studieren-ohne-grenzen.org\/wp-content\/uploads\/2023\/02\/Simon-Weber-776x1024.jpeg 776w, https:\/\/old.studieren-ohne-grenzen.org\/wp-content\/uploads\/2023\/02\/Simon-Weber-768x1014.jpeg 768w, https:\/\/old.studieren-ohne-grenzen.org\/wp-content\/uploads\/2023\/02\/Simon-Weber-scaled.jpeg 1940w\" sizes=\"(max-width: 227px) 100vw, 227px\" \/><\/td>\n<td style=\"vertical-align: middle; text-align: center; width: 503.75px;\"><strong><strong>Assessor for Internal Processes: <\/strong><\/strong><\/p>\n<p><strong><strong>Simon Weber<\/strong><\/strong><\/p>\n<p>&nbsp;<\/td>\n<\/tr>\n<\/tbody>\n<\/table>\n<ul class='gdl-toggle-box'>\n<li class=''>\n<h2 class='toggle-box-title'><span class='toggle-box-icon'><\/span>Previous executive committees<\/h2>\n<div class='toggle-box-content'>\n<p><strong>2022<\/strong><\/p>\n<p>1. Vorsitzende: Lisa Back; 2. Vorsitzende: Meike Schulz-Narres; Kassenw\u00e4rtin: Marie-Sophie Mayer; Beisitz f\u00fcr Mitglieder: Ida Lemling; Beisitz f\u00fcr Events und Fundraising: Katharina Batzing; Beisitz f\u00fcr Projekte: Sophie Wilkinson; Beisitz f\u00fcr \u00d6ffentlichkeitsarbeit und Design: Nina Lenhart; Beisitz f\u00fcr Strategie und Vision: Hendrikje Rost; Beisitz f\u00fcr Lokalgruppen: Marlene Khin<\/p>\n<p><strong>2021<\/strong><\/p>\n<p>Chair: Maria Quintana; Vice Chair: Kira Eckert; Treasurer: Lisa Gerland; Assesor for members: Felina Klein; Assesor for events and fundraising: Marco Wolsza; Assesor for Projects: Clarissa Cantore; Assesor for communication and network: Rebecca Gr\u00f6\u00df-Ahr; Assesor f\u00fcr Strategy and Vision : Cedric J\u00fcrgens; Assesor for Internal Processes: Mona Gerhold<\/p>\n<p><strong>2020<\/strong><\/p>\n<p>Chair: Larissa J\u00f6rn; Vice Chair: Julia Hellmig; Treasurer: Vincent Ohnesorge; Assessor for members: Marie Konz; Assessor for events and fundraising: Mareike Artiga Gonz\u00e1lez; Assessor for Projects: Marcel Wilcke; Assessor for communication and network: Jonathan Schieren; Assessor for design and marketing: Raphaela G\u00fcnther; Assessor for internal processes: Stefan Waizenegger<\/p>\n<p><strong>2019<\/strong><\/p>\n<p>Chair: Paul M\u00fcnnich; Vice Chair: Karoline Friedl\u00e4nder; Treasurer: Andr\u00e9 Schiedt; Assessor for members: Gabor Lauchst\u00e4dt; Assessor for events and fundraising: Leonhard Wenzel; Assessor for Projects: Luisa Denter; Assessor for communication and network: Vroni Czotscher; Assessor for design and marketing: Philipp Becke; Assessor for internal processes: Stefan Waizenegger<\/p>\n<p>Die urspr\u00fcgliche Beisitz f\u00fcr das Design und Marketing, Jasemi Loukeri, hat das Amt im laufenden Jahr abgegeben.<\/p>\n<p><strong>2018<\/strong><\/p>\n<p>Chair: Marie Decker; Vice Chair: Sophie Brachtendorf; Treasurer: Fritz Lukas P\u00f6tter; Assessor for members: Gabor Lauchst\u00e4dt; Assessor for events and fundraising: Niklas Mirsch and Julia Hellmig; Assessor for communication and network: Monika Berezowski; Assessor for design and marketing: Justus Langer; Assessor for internal processes: Jonas Gehrke<\/p>\n<p><strong>2017<\/strong><\/p>\n<p>Chair: Ulrik Feuer; Vice Chair: Merle Vespermann; Treasurer: Niklas Wank; Assessor for members: Sophia Horsch; Assessor for fundraising: Alicia Fert; Assessor for communication: Dominik Welke; Assessor for events and design: Monika Berezowski<\/p>\n<p><strong>2016<\/strong><\/p>\n<p>Chair: Sarah Gl\u00fcck; Vice Chair: Guillaume De Perlinghi; Treasurer: Sina Sauer; Assessor for members: Marit Firlus; Assessor for fundraising: Sarah Nitsche; Assessor for communication: Lena H\u00e4berlein; Assessor for events and design: Benno Herr<\/p>\n<p><strong>2015<\/strong><\/p>\n<p>Chair: Martina Kroll; Vice Chair: Ole Werner; Treasurer: Jacob Loring; Assessor for members: Adrian Heilemann; Assessor for fundraising: Lisa Riegert; Assessor for communication: Nehle Penning; Assessor for events and design: Marie Wutzler<\/p>\n<p><strong>2014<\/strong><\/p>\n<p>Chair: Christian Stegemann; Vice Chair: Max Daniel; Treasurer Dilger; Assessor for members: Juliane Hoss; Assessor for fundraising: Markus Stark; Assessor for communication: Hannes Riebl; Assessor for events and design: Dennis Keck<\/p>\n<p><strong>2013<\/strong><\/p>\n<p>Chair: Sebastian Leidig; Vice Chair: Julia Rettig; Treasurer: Judith Pr\u00fcgl; Assessor for members: Andreas Vollmer; Assessor for fundraising: Katja Rieth; Assessor for communication: Juliane Reichert; Assessor for events and design: Anne Kirsten<\/p>\n<p><strong>2012<\/strong><\/p>\n<p>Chair: Marian Gutscher; Vice Chair: Rebekka Klinkhammer; Treasurer: Alpha Renner; Assessor for members: Katharina Zepf; Assessor for fundraising: Sebastian Leidig; Assessor for communication: Anselm v. St\u00fclpnagel; Assessor for events and design: Caroline Held<\/p>\n<p><strong>2011<\/strong><\/p>\n<p>Chair: Torsten Bruns; Vice Chair: Dirk Kirsten; Treasurer: Christine Neumann; 1. Assessor: Rebekka Klinkhammer; 2. Assessor: Anselm von St\u00fclpnagel; 3. Assessor: Carina Geldhause; 4. Assessor: Sebastian Boegel<\/p>\n<p><strong>2010<\/strong><\/p>\n<p>Chair: Dominique Berger; Vice Chair: Eva Hanau; Treasurer: Stefanie Berger; Assessor for public relations: Muriel Vogel; Assessor for fundraising: Oliver Scharping; Assessor for members: Katrin Witowski; Assessor for networking: Ulrike Krause<\/p>\n<p><strong>2009<\/strong><\/p>\n<p>Chair: Jan Knauer; Vice Chair: Michael Schleicher; Treasurer: Steffen Minier (untill June 2009) \/ Stefanie Berger (since June 2009); 1. Assessor: Eva Hanau; 2. Assessor: Fabrice Ngambele Pamen; 3. Assessor: Sascha B\u00fctzer; 4. Assessor: Muriel Vogel<\/p>\n<p><strong>2008<\/strong><\/p>\n<p>Chair: Felix Weth; Vice Chair:&nbsp;Juliane Kr\u00fcger; Treasurer: Daniel Wissmann \/ Steffen Minier; 1. Assessor: Margarete Schlosser; 2. Assessor: Michael Schleicher<\/p>\n<p><strong>2007<\/strong><\/p>\n<p>Chair: Felix Weth; Vice Chair: Juliane Kr\u00fcger; 1. Assessor: Nicolas Winkler; 2. Assessor: Friedemann Schulze-Fielitz; 3. Assessor: Christoph M\u00fcller<\/p>\n<\/div>\n<\/li>\n<\/ul>\n<p><\/p>","protected":false},"excerpt":{"rendered":"<p>The Executive Committee 2022 Chair: Ida Lemling Vice Chair: Feras Mulhem Treasurer: Marie Sophie Mayer Assessor for Members: Hendrikje Rost Assessor for Fundraising and Events: Katharina Batzing Assessor for Projects: Tim Heucke Assessor for Design and Network: Julia Engelhardt Assessor for Strategy and Vision: Amelie Brockmann Assessor for Internal Processes: Simon Weber &nbsp;<\/p>\n","protected":false},"author":4,"featured_media":0,"parent":177,"menu_order":0,"comment_status":"closed","ping_status":"closed","template":"","meta":{"ngg_post_thumbnail":0},"_links":{"self":[{"href":"https:\/\/old.studieren-ohne-grenzen.org\/en\/wp-json\/wp\/v2\/pages\/2645"}],"collection":[{"href":"https:\/\/old.studieren-ohne-grenzen.org\/en\/wp-json\/wp\/v2\/pages"}],"about":[{"href":"https:\/\/old.studieren-ohne-grenzen.org\/en\/wp-json\/wp\/v2\/types\/page"}],"author":[{"embeddable":true,"href":"https:\/\/old.studieren-ohne-grenzen.org\/en\/wp-json\/wp\/v2\/users\/4"}],"replies":[{"embeddable":true,"href":"https:\/\/old.studieren-ohne-grenzen.org\/en\/wp-json\/wp\/v2\/comments?post=2645"}],"version-history":[{"count":172,"href":"https:\/\/old.studieren-ohne-grenzen.org\/en\/wp-json\/wp\/v2\/pages\/2645\/revisions"}],"predecessor-version":[{"id":10150,"href":"https:\/\/old.studieren-ohne-grenzen.org\/en\/wp-json\/wp\/v2\/pages\/2645\/revisions\/10150"}],"up":[{"embeddable":true,"href":"https:\/\/old.studieren-ohne-grenzen.org\/en\/wp-json\/wp\/v2\/pages\/177"}],"wp:attachment":[{"href":"https:\/\/old.studieren-ohne-grenzen.org\/en\/wp-json\/wp\/v2\/media?parent=2645"}],"curies":[{"name":"wp","href":"https:\/\/api.w.org\/{rel}","templated":true}]}}