{"id":200,"date":"2014-01-05T15:13:35","date_gmt":"2014-01-05T13:13:35","guid":{"rendered":"http:\/\/10006stud.outofscope-dev.com\/?page_id=200"},"modified":"2017-03-14T16:23:43","modified_gmt":"2017-03-14T15:23:43","slug":"etudes-sans-frontieres-international","status":"publish","type":"page","link":"https:\/\/old.studieren-ohne-grenzen.org\/en\/uber-uns\/etudes-sans-frontieres-international\/","title":{"rendered":"Etudes Sans Fronti\u00e8res International"},"content":{"rendered":"<p><\/p>\n<h3><strong>Etudes Sans Frontieres International<\/strong><\/h3>\n<p>Was 2003 in Frankreich begann \u2013 solidarische Hilfe Studierender f\u00fcr Studierende in kriegszerst\u00f6rten Regionen \u2013 fand schnell Anklang in anderen L\u00e4ndern. So gr\u00fcndeten sich zwischen 2005 und 2007 weitere Ableger von Etudes Sans Fronti\u00e8res, 2006 auch als &#8220;Studieren Ohne Grenzen&#8221; in Deutschland. Vereint durch eine Charta \u00fcber die gemeinsamen Ziele und Grundwerte wurde 2011 der Dachverband \u201eEtudes Sans Fronti\u00e8res International\u201c (ESFI) gegr\u00fcndet, der nun die einzelnen nationalen Ableger unterst\u00fctzt und die Ausbreitung der Initiative in Europa und der Welt vorantreibt. Studieren Ohne Grenzen Deutschland hat auf der Mitgliederversammlung im Dezember 2011 seinen Beitritt zu ESFI beschlossen.<\/p>\n<p><a href=\"http:\/\/www.esf-international.org\" target=\"_blank\">Zum Dachverband Etudes Sans Fronti\u00e8res International<\/a><\/p>\n<p>&nbsp;<\/p>\n<p>&nbsp;<\/p>\n<p>&nbsp;<\/p>\n<p>&nbsp;<\/p>","protected":false},"excerpt":{"rendered":"<p>Etudes Sans Frontieres International Was 2003 in Frankreich begann \u2013 solidarische Hilfe Studierender f\u00fcr Studierende in kriegszerst\u00f6rten Regionen \u2013 fand schnell Anklang in anderen L\u00e4ndern. So gr\u00fcndeten sich zwischen 2005 und 2007 weitere Ableger von Etudes Sans Fronti\u00e8res, 2006 auch als &#8220;Studieren Ohne Grenzen&#8221; in Deutschland. Vereint durch eine Charta \u00fcber die gemeinsamen Ziele und Grundwerte wurde 2011 der Dachverband \u201eEtudes Sans Fronti\u00e8res International\u201c (ESFI) gegr\u00fcndet, der nun die einzelnen nationalen Ableger unterst\u00fctzt und die Ausbreitung der Initiative in Europa und der Welt vorantreibt. Studieren Ohne Grenzen Deutschland hat auf der Mitgliederversammlung im Dezember 2011 seinen Beitritt zu ESFI beschlossen. Zum Dachverband Etudes Sans Fronti\u00e8res International &nbsp; &nbsp; &nbsp; &nbsp;<\/p>\n","protected":false},"author":1,"featured_media":0,"parent":177,"menu_order":3,"comment_status":"open","ping_status":"closed","template":"","meta":{"ngg_post_thumbnail":0},"_links":{"self":[{"href":"https:\/\/old.studieren-ohne-grenzen.org\/en\/wp-json\/wp\/v2\/pages\/200"}],"collection":[{"href":"https:\/\/old.studieren-ohne-grenzen.org\/en\/wp-json\/wp\/v2\/pages"}],"about":[{"href":"https:\/\/old.studieren-ohne-grenzen.org\/en\/wp-json\/wp\/v2\/types\/page"}],"author":[{"embeddable":true,"href":"https:\/\/old.studieren-ohne-grenzen.org\/en\/wp-json\/wp\/v2\/users\/1"}],"replies":[{"embeddable":true,"href":"https:\/\/old.studieren-ohne-grenzen.org\/en\/wp-json\/wp\/v2\/comments?post=200"}],"version-history":[{"count":14,"href":"https:\/\/old.studieren-ohne-grenzen.org\/en\/wp-json\/wp\/v2\/pages\/200\/revisions"}],"predecessor-version":[{"id":6128,"href":"https:\/\/old.studieren-ohne-grenzen.org\/en\/wp-json\/wp\/v2\/pages\/200\/revisions\/6128"}],"up":[{"embeddable":true,"href":"https:\/\/old.studieren-ohne-grenzen.org\/en\/wp-json\/wp\/v2\/pages\/177"}],"wp:attachment":[{"href":"https:\/\/old.studieren-ohne-grenzen.org\/en\/wp-json\/wp\/v2\/media?parent=200"}],"curies":[{"name":"wp","href":"https:\/\/api.w.org\/{rel}","templated":true}]}}