{"id":196,"date":"2014-01-05T15:12:42","date_gmt":"2014-01-05T13:12:42","guid":{"rendered":"http:\/\/10006stud.outofscope-dev.com\/?page_id=196"},"modified":"2021-08-13T17:52:54","modified_gmt":"2021-08-13T15:52:54","slug":"ethisches-fundraising","status":"publish","type":"page","link":"https:\/\/old.studieren-ohne-grenzen.org\/en\/uber-uns\/ethisches-fundraising\/","title":{"rendered":"Ethisches Fundraising"},"content":{"rendered":"<p>Studieren Ohne Grenzen ist ein spendenfinanzierter gemeinn\u00fctziger Verein. Spenden bedeuten aber auch Identifikation mit und Vertrauen in den Verein. Um dem Vertrauen unserer F\u00f6rderinnen und F\u00f6rderer und dem Selbstverst\u00e4ndnis unseres Vereins gerecht zu werden, legen wir hohe ethische Standards an. Wir sind davon \u00fcberzeugt, dass der angestrebte Zweck nicht die Mittel heiligen kann und wir den Spenderinnen und Spendern, dem Gesamtverein und vor allem auch unseren Stipendiatinnen und Stipendiaten gegen\u00fcber eine Verantwortung tragen, unsere Gelder verantwortungsvoll und transparent zu sammeln. Daher wurde 2011 eine <a href=\"https:\/\/www.studieren-ohne-grenzen.org\/wp-content\/uploads\/2014\/09\/20160116_Richtlinie-fu\u0308r-ethisches-Fundraising_final.pdf\" target=\"_blank\" rel=\"noopener\">Richtlinie f\u00fcr Ethisches Fundraising<\/a> erlassen, die sich aus Artikeln zu Offenheit, Unabh\u00e4ngigkeit und ethischer Vertretbarkeit zusammensetzt.<\/p>","protected":false},"excerpt":{"rendered":"<p>Studieren Ohne Grenzen ist ein spendenfinanzierter gemeinn\u00fctziger Verein. Spenden bedeuten aber auch Identifikation mit und Vertrauen in den Verein. Um dem Vertrauen unserer F\u00f6rderinnen und F\u00f6rderer und dem Selbstverst\u00e4ndnis unseres Vereins gerecht zu werden, legen wir hohe ethische Standards an. Wir sind davon \u00fcberzeugt, dass der angestrebte Zweck nicht die Mittel heiligen kann und wir den Spenderinnen und Spendern, dem Gesamtverein und vor allem auch unseren Stipendiatinnen und Stipendiaten gegen\u00fcber eine Verantwortung tragen, unsere Gelder verantwortungsvoll und transparent zu sammeln. Daher wurde 2011 eine Richtlinie f\u00fcr Ethisches Fundraising erlassen, die sich aus Artikeln zu Offenheit, Unabh\u00e4ngigkeit und ethischer Vertretbarkeit zusammensetzt.<\/p>\n","protected":false},"author":1,"featured_media":0,"parent":177,"menu_order":5,"comment_status":"open","ping_status":"closed","template":"","meta":{"ngg_post_thumbnail":0},"_links":{"self":[{"href":"https:\/\/old.studieren-ohne-grenzen.org\/en\/wp-json\/wp\/v2\/pages\/196"}],"collection":[{"href":"https:\/\/old.studieren-ohne-grenzen.org\/en\/wp-json\/wp\/v2\/pages"}],"about":[{"href":"https:\/\/old.studieren-ohne-grenzen.org\/en\/wp-json\/wp\/v2\/types\/page"}],"author":[{"embeddable":true,"href":"https:\/\/old.studieren-ohne-grenzen.org\/en\/wp-json\/wp\/v2\/users\/1"}],"replies":[{"embeddable":true,"href":"https:\/\/old.studieren-ohne-grenzen.org\/en\/wp-json\/wp\/v2\/comments?post=196"}],"version-history":[{"count":15,"href":"https:\/\/old.studieren-ohne-grenzen.org\/en\/wp-json\/wp\/v2\/pages\/196\/revisions"}],"predecessor-version":[{"id":9799,"href":"https:\/\/old.studieren-ohne-grenzen.org\/en\/wp-json\/wp\/v2\/pages\/196\/revisions\/9799"}],"up":[{"embeddable":true,"href":"https:\/\/old.studieren-ohne-grenzen.org\/en\/wp-json\/wp\/v2\/pages\/177"}],"wp:attachment":[{"href":"https:\/\/old.studieren-ohne-grenzen.org\/en\/wp-json\/wp\/v2\/media?parent=196"}],"curies":[{"name":"wp","href":"https:\/\/api.w.org\/{rel}","templated":true}]}}